{"id":868,"date":"2017-03-07T16:17:35","date_gmt":"2017-03-07T15:17:35","guid":{"rendered":"http:\/\/handbuch.immo-meets-office.de\/?page_id=868"},"modified":"2017-03-07T20:25:01","modified_gmt":"2017-03-07T19:25:01","slug":"manuelle-eingabe","status":"publish","type":"page","link":"https:\/\/handbuch.immo-meets-office.com\/?page_id=868","title":{"rendered":"Manuelle Eingabe"},"content":{"rendered":"<p>In der manuellen Eingabe erhalten Sie die M\u00f6glichkeit auch ohne Active Directory (Dom\u00e4ne) Benutzer zu erfassen bzw. vorher ausgew\u00e4hlte und gespeicherte Benutzer der Active Directory zu bearbeiten.<\/p>\n<p><a href=\"http:\/\/handbuch.immo-meets-office.de\/wp-content\/uploads\/2017\/03\/006manuelleEingabe.png\"><img loading=\"lazy\" decoding=\"async\" class=\"alignnone size-medium wp-image-869\" src=\"http:\/\/handbuch.immo-meets-office.de\/wp-content\/uploads\/2017\/03\/006manuelleEingabe-300x245.png\" alt=\"\" width=\"300\" height=\"245\" srcset=\"https:\/\/handbuch.immo-meets-office.com\/wp-content\/uploads\/2017\/03\/006manuelleEingabe-300x245.png 300w, https:\/\/handbuch.immo-meets-office.com\/wp-content\/uploads\/2017\/03\/006manuelleEingabe.png 749w\" sizes=\"auto, (max-width: 300px) 100vw, 300px\" \/><\/a><\/p>\n<table>\n<tbody>\n<tr>\n<td width=\"378\">Speichern (Diskette)<\/td>\n<td width=\"378\">Verwenden Sie die Diskette um die manuelle Eingabe zu speichern<\/td>\n<\/tr>\n<tr>\n<td width=\"378\">Exportiert die Benutzer in eine CSV Datei<\/td>\n<td width=\"378\">Aufgef\u00fchrte Benutzer k\u00f6nnen in einer CSV Datei gespeichert werden.<\/td>\n<\/tr>\n<tr>\n<td width=\"378\">Importiert Benutzer aus einer CSV Datei<\/td>\n<td width=\"378\">Benutzer k\u00f6nnen aus einer CSV Datei (die Struktur muss dem Export entsprechen) importiert werden. Dabei werden alle Daten \u00fcberschrieben.<\/td>\n<\/tr>\n<\/tbody>\n<\/table>\n","protected":false},"excerpt":{"rendered":"<p>In der manuellen Eingabe erhalten Sie die M\u00f6glichkeit auch ohne Active Directory (Dom\u00e4ne) Benutzer zu erfassen bzw. vorher ausgew\u00e4hlte und gespeicherte Benutzer der Active Directory&#8230;<\/p>\n<div class=\"more-link-wrapper\"><a class=\"more-link\" href=\"https:\/\/handbuch.immo-meets-office.com\/?page_id=868\">Weiterlesen<span class=\"screen-reader-text\">Manuelle Eingabe<\/span><\/a><\/div>\n","protected":false},"author":1,"featured_media":0,"parent":857,"menu_order":33,"comment_status":"closed","ping_status":"closed","template":"","meta":{"footnotes":""},"class_list":["post-868","page","type-page","status-publish","hentry","entry"],"_links":{"self":[{"href":"https:\/\/handbuch.immo-meets-office.com\/index.php?rest_route=\/wp\/v2\/pages\/868","targetHints":{"allow":["GET"]}}],"collection":[{"href":"https:\/\/handbuch.immo-meets-office.com\/index.php?rest_route=\/wp\/v2\/pages"}],"about":[{"href":"https:\/\/handbuch.immo-meets-office.com\/index.php?rest_route=\/wp\/v2\/types\/page"}],"author":[{"embeddable":true,"href":"https:\/\/handbuch.immo-meets-office.com\/index.php?rest_route=\/wp\/v2\/users\/1"}],"replies":[{"embeddable":true,"href":"https:\/\/handbuch.immo-meets-office.com\/index.php?rest_route=%2Fwp%2Fv2%2Fcomments&post=868"}],"version-history":[{"count":2,"href":"https:\/\/handbuch.immo-meets-office.com\/index.php?rest_route=\/wp\/v2\/pages\/868\/revisions"}],"predecessor-version":[{"id":884,"href":"https:\/\/handbuch.immo-meets-office.com\/index.php?rest_route=\/wp\/v2\/pages\/868\/revisions\/884"}],"up":[{"embeddable":true,"href":"https:\/\/handbuch.immo-meets-office.com\/index.php?rest_route=\/wp\/v2\/pages\/857"}],"wp:attachment":[{"href":"https:\/\/handbuch.immo-meets-office.com\/index.php?rest_route=%2Fwp%2Fv2%2Fmedia&parent=868"}],"curies":[{"name":"wp","href":"https:\/\/api.w.org\/{rel}","templated":true}]}}