{"id":859,"date":"2017-03-07T16:13:15","date_gmt":"2017-03-07T15:13:15","guid":{"rendered":"http:\/\/handbuch.immo-meets-office.de\/?page_id=859"},"modified":"2017-03-07T16:13:15","modified_gmt":"2017-03-07T15:13:15","slug":"lizenzen","status":"publish","type":"page","link":"https:\/\/handbuch.immo-meets-office.com\/?page_id=859","title":{"rendered":"Lizenzen"},"content":{"rendered":"<p><a href=\"http:\/\/handbuch.immo-meets-office.de\/wp-content\/uploads\/2017\/03\/004Lizenzen.png\"><img loading=\"lazy\" decoding=\"async\" class=\"alignnone size-medium wp-image-860\" src=\"http:\/\/handbuch.immo-meets-office.de\/wp-content\/uploads\/2017\/03\/004Lizenzen-300x245.png\" alt=\"\" width=\"300\" height=\"245\" srcset=\"https:\/\/handbuch.immo-meets-office.com\/wp-content\/uploads\/2017\/03\/004Lizenzen-300x245.png 300w, https:\/\/handbuch.immo-meets-office.com\/wp-content\/uploads\/2017\/03\/004Lizenzen.png 752w\" sizes=\"auto, (max-width: 300px) 100vw, 300px\" \/><\/a><\/p>\n<p>Der Lizenzschl\u00fcssel enth\u00e4lt den Dom\u00e4nennamen, dessen Benutzer aus dem Active Directory ausgelesen werden sollen, das Ablaufdatum sowie die Anzahl der Maximalen Benutzer.<\/p>\n<p>Sollte nach Eingabe des Lizenzschl\u00fcssels ein anderer Dom\u00e4nenname als Ihr vorhandener Dom\u00e4nenname (Muster cmp.de) angezeigt werden, wenden Sie sich bitte an den Support.<\/p>\n<table>\n<tbody>\n<tr>\n<td width=\"378\">Lizenzschl\u00fcssel:<\/td>\n<td width=\"378\">Geben Sie den mitgelieferten Lizenzschl\u00fcssel ein<\/td>\n<\/tr>\n<tr>\n<td width=\"378\">Lizenz pr\u00fcfen<\/td>\n<td width=\"378\">\u00dcberpr\u00fcft und liest den Lizenzschl\u00fcssel aus, im Anschluss werden folgende Informationen angezeigt:<\/td>\n<\/tr>\n<tr>\n<td width=\"378\">Anzahl Benutzer:<\/td>\n<td width=\"378\">Ihre bestellten Benutzerlizenzen die maximal verwendet werden k\u00f6nnen<\/td>\n<\/tr>\n<tr>\n<td width=\"378\">Dom\u00e4nenname:<\/td>\n<td width=\"378\">Ihr bestellter Dom\u00e4nenname f\u00fcr das Auslesen der Active Directory Benutzer<\/td>\n<\/tr>\n<tr>\n<td width=\"378\">Ablaufdatum:<\/td>\n<td width=\"378\">Ablaufdatum, wann die Lizenz abl\u00e4uft<\/td>\n<\/tr>\n<tr>\n<td width=\"378\">Speichern (Diskette)<\/td>\n<td width=\"378\">Verwenden Sie die Diskette um die Lizenz zu speichern<\/td>\n<\/tr>\n<\/tbody>\n<\/table>\n","protected":false},"excerpt":{"rendered":"<p>Der Lizenzschl\u00fcssel enth\u00e4lt den Dom\u00e4nennamen, dessen Benutzer aus dem Active Directory ausgelesen werden sollen, das Ablaufdatum sowie die Anzahl der Maximalen Benutzer. Sollte nach Eingabe&#8230;<\/p>\n<div class=\"more-link-wrapper\"><a class=\"more-link\" href=\"https:\/\/handbuch.immo-meets-office.com\/?page_id=859\">Weiterlesen<span class=\"screen-reader-text\">Lizenzen<\/span><\/a><\/div>\n","protected":false},"author":1,"featured_media":0,"parent":857,"menu_order":31,"comment_status":"closed","ping_status":"closed","template":"","meta":{"footnotes":""},"class_list":["post-859","page","type-page","status-publish","hentry","entry"],"_links":{"self":[{"href":"https:\/\/handbuch.immo-meets-office.com\/index.php?rest_route=\/wp\/v2\/pages\/859","targetHints":{"allow":["GET"]}}],"collection":[{"href":"https:\/\/handbuch.immo-meets-office.com\/index.php?rest_route=\/wp\/v2\/pages"}],"about":[{"href":"https:\/\/handbuch.immo-meets-office.com\/index.php?rest_route=\/wp\/v2\/types\/page"}],"author":[{"embeddable":true,"href":"https:\/\/handbuch.immo-meets-office.com\/index.php?rest_route=\/wp\/v2\/users\/1"}],"replies":[{"embeddable":true,"href":"https:\/\/handbuch.immo-meets-office.com\/index.php?rest_route=%2Fwp%2Fv2%2Fcomments&post=859"}],"version-history":[{"count":1,"href":"https:\/\/handbuch.immo-meets-office.com\/index.php?rest_route=\/wp\/v2\/pages\/859\/revisions"}],"predecessor-version":[{"id":861,"href":"https:\/\/handbuch.immo-meets-office.com\/index.php?rest_route=\/wp\/v2\/pages\/859\/revisions\/861"}],"up":[{"embeddable":true,"href":"https:\/\/handbuch.immo-meets-office.com\/index.php?rest_route=\/wp\/v2\/pages\/857"}],"wp:attachment":[{"href":"https:\/\/handbuch.immo-meets-office.com\/index.php?rest_route=%2Fwp%2Fv2%2Fmedia&parent=859"}],"curies":[{"name":"wp","href":"https:\/\/api.w.org\/{rel}","templated":true}]}}