{"id":85,"date":"2015-09-02T10:03:50","date_gmt":"2015-09-02T09:03:50","guid":{"rendered":"http:\/\/handbuch.immo-meets-office.de\/?page_id=85"},"modified":"2015-09-20T14:13:58","modified_gmt":"2015-09-20T13:13:58","slug":"kundendaten","status":"publish","type":"page","link":"https:\/\/handbuch.immo-meets-office.com\/?page_id=85","title":{"rendered":"Kundendaten"},"content":{"rendered":"<p><strong>Men\u00fc Datei -&gt; Kundendaten<\/strong><\/p>\n<p>\u00dcber den Men\u00fcpunkt Datei -&gt; Kundendaten gelangen Sie zur Bearbeitung der Kundendaten.<\/p>\n<p><a href=\"http:\/\/handbuch.immo-meets-office.de\/wp-content\/uploads\/2015\/09\/Men\u00fc-Datei-Kundendaten.jpg\"><img loading=\"lazy\" decoding=\"async\" class=\"size-medium wp-image-69 alignnone\" src=\"http:\/\/handbuch.immo-meets-office.de\/wp-content\/uploads\/2015\/09\/Men\u00fc-Datei-Kundendaten-300x184.jpg\" alt=\"Men\u00fc-Datei-Kundendaten\" width=\"300\" height=\"184\" srcset=\"https:\/\/handbuch.immo-meets-office.com\/wp-content\/uploads\/2015\/09\/Men\u00fc-Datei-Kundendaten.jpg 300w, https:\/\/handbuch.immo-meets-office.com\/wp-content\/uploads\/2015\/09\/Men\u00fc-Datei-Kundendaten-150x92.jpg 150w\" sizes=\"auto, (max-width: 300px) 100vw, 300px\" \/><\/a><\/p>\n<p>Sie ben\u00f6tigen administrative Rechte, um die Kundendaten zu bearbeiten.<\/p>\n<p><!--more--><\/p>\n<p><strong>Kundendaten<\/strong><br \/>\n<a href=\"http:\/\/handbuch.immo-meets-office.de\/wp-content\/uploads\/2015\/09\/Kundendaten.jpg\"><img loading=\"lazy\" decoding=\"async\" class=\"alignnone size-medium wp-image-106\" src=\"http:\/\/handbuch.immo-meets-office.de\/wp-content\/uploads\/2015\/09\/Kundendaten-300x245.jpg\" alt=\"Kundendaten\" width=\"300\" height=\"245\" srcset=\"https:\/\/handbuch.immo-meets-office.com\/wp-content\/uploads\/2015\/09\/Kundendaten-300x245.jpg 300w, https:\/\/handbuch.immo-meets-office.com\/wp-content\/uploads\/2015\/09\/Kundendaten-150x123.jpg 150w, https:\/\/handbuch.immo-meets-office.com\/wp-content\/uploads\/2015\/09\/Kundendaten.jpg 968w\" sizes=\"auto, (max-width: 300px) 100vw, 300px\" \/><\/a><\/p>\n<p>In den Kundendaten k\u00f6nnen Sie Ihre pers\u00f6nlichen Daten hinterlegen.<\/p>\n<p>Pflichtfelder sind mit einem * gekennzeichnet.<\/p>\n<p>Diese Daten dienen unter anderem als Seriendruckfelder in den Microsoft Word Vorlagen.<\/p>\n<p>W\u00e4hlen Sie dazu den Kundendatensatz aus der Liste aus.<\/p>\n<p><a href=\"http:\/\/handbuch.immo-meets-office.de\/wp-content\/uploads\/2015\/09\/Kundendaten-Select.jpg\"><img loading=\"lazy\" decoding=\"async\" class=\"alignnone size-medium wp-image-119\" src=\"http:\/\/handbuch.immo-meets-office.de\/wp-content\/uploads\/2015\/09\/Kundendaten-Select-113x300.jpg\" alt=\"Kundendaten-Select\" width=\"113\" height=\"300\" srcset=\"https:\/\/handbuch.immo-meets-office.com\/wp-content\/uploads\/2015\/09\/Kundendaten-Select-113x300.jpg 113w, https:\/\/handbuch.immo-meets-office.com\/wp-content\/uploads\/2015\/09\/Kundendaten-Select-57x150.jpg 57w, https:\/\/handbuch.immo-meets-office.com\/wp-content\/uploads\/2015\/09\/Kundendaten-Select.jpg 299w\" sizes=\"auto, (max-width: 113px) 100vw, 113px\" \/><\/a><\/p>\n<p><em>Context Men\u00fc (rechte Maustaste)<\/em><\/p>\n<ul>\n<li>&#8222;alle Kunden aktualisieren&#8220; aktualisiert die Liste<\/li>\n<\/ul>\n<p><strong>Kundendaten<\/strong><br \/>\n<a href=\"http:\/\/handbuch.immo-meets-office.de\/wp-content\/uploads\/2015\/09\/Kundendaten-Header.jpg\"><img loading=\"lazy\" decoding=\"async\" class=\"alignnone size-medium wp-image-120\" src=\"http:\/\/handbuch.immo-meets-office.de\/wp-content\/uploads\/2015\/09\/Kundendaten-Header-300x83.jpg\" alt=\"Kundendaten-Header\" width=\"300\" height=\"83\" srcset=\"https:\/\/handbuch.immo-meets-office.com\/wp-content\/uploads\/2015\/09\/Kundendaten-Header-300x83.jpg 300w, https:\/\/handbuch.immo-meets-office.com\/wp-content\/uploads\/2015\/09\/Kundendaten-Header-150x41.jpg 150w, https:\/\/handbuch.immo-meets-office.com\/wp-content\/uploads\/2015\/09\/Kundendaten-Header.jpg 665w\" sizes=\"auto, (max-width: 300px) 100vw, 300px\" \/><\/a><\/p>\n<p>Bitte f\u00fcllen Sie alle mit * gekennzeichneten Felder aus.<\/p>\n<p>Falls Ihre Kundennummer noch nicht bekannt ist, k\u00f6nnen Sie dieses Feld leer lassen bzw. zu einem sp\u00e4teren Zeitpunkt nachtragen.<\/p>\n<p>Nachfolgende Register stehen zur Verf\u00fcgung:<\/p>\n<p><strong>Hauptanschrift<\/strong><br \/>\n<a href=\"http:\/\/handbuch.immo-meets-office.de\/wp-content\/uploads\/2015\/09\/Kundendaten-Hauptanschrift.jpg\"><img loading=\"lazy\" decoding=\"async\" class=\"alignnone size-medium wp-image-121\" src=\"http:\/\/handbuch.immo-meets-office.de\/wp-content\/uploads\/2015\/09\/Kundendaten-Hauptanschrift-300x188.jpg\" alt=\"Kundendaten-Hauptanschrift\" width=\"300\" height=\"188\" srcset=\"https:\/\/handbuch.immo-meets-office.com\/wp-content\/uploads\/2015\/09\/Kundendaten-Hauptanschrift-300x188.jpg 300w, https:\/\/handbuch.immo-meets-office.com\/wp-content\/uploads\/2015\/09\/Kundendaten-Hauptanschrift-150x94.jpg 150w, https:\/\/handbuch.immo-meets-office.com\/wp-content\/uploads\/2015\/09\/Kundendaten-Hauptanschrift.jpg 654w\" sizes=\"auto, (max-width: 300px) 100vw, 300px\" \/><\/a><\/p>\n<p>Bitte f\u00fcllen Sie alle mit * gekennzeichneten Felder aus.<\/p>\n<p><strong>Erreichbarkeit<\/strong><br \/>\n<a href=\"http:\/\/handbuch.immo-meets-office.de\/wp-content\/uploads\/2015\/09\/Kundendaten-Erreichbarkeit.jpg\"><img loading=\"lazy\" decoding=\"async\" class=\"alignnone size-medium wp-image-122\" src=\"http:\/\/handbuch.immo-meets-office.de\/wp-content\/uploads\/2015\/09\/Kundendaten-Erreichbarkeit-300x188.jpg\" alt=\"Kundendaten-Erreichbarkeit\" width=\"300\" height=\"188\" srcset=\"https:\/\/handbuch.immo-meets-office.com\/wp-content\/uploads\/2015\/09\/Kundendaten-Erreichbarkeit-300x188.jpg 300w, https:\/\/handbuch.immo-meets-office.com\/wp-content\/uploads\/2015\/09\/Kundendaten-Erreichbarkeit-150x94.jpg 150w, https:\/\/handbuch.immo-meets-office.com\/wp-content\/uploads\/2015\/09\/Kundendaten-Erreichbarkeit.jpg 652w\" sizes=\"auto, (max-width: 300px) 100vw, 300px\" \/><\/a><\/p>\n<p>Bitte f\u00fcllen Sie alle mit * gekennzeichneten Felder aus.<\/p>\n<p><strong>Bankverbindung<\/strong><br \/>\n<a href=\"http:\/\/handbuch.immo-meets-office.de\/wp-content\/uploads\/2015\/09\/Kundendaten-Bankverbindung.jpg\"><img loading=\"lazy\" decoding=\"async\" class=\"alignnone size-medium wp-image-124\" src=\"http:\/\/handbuch.immo-meets-office.de\/wp-content\/uploads\/2015\/09\/Kundendaten-Bankverbindung-300x189.jpg\" alt=\"Kundendaten-Bankverbindung\" width=\"300\" height=\"189\" srcset=\"https:\/\/handbuch.immo-meets-office.com\/wp-content\/uploads\/2015\/09\/Kundendaten-Bankverbindung-300x189.jpg 300w, https:\/\/handbuch.immo-meets-office.com\/wp-content\/uploads\/2015\/09\/Kundendaten-Bankverbindung-150x94.jpg 150w, https:\/\/handbuch.immo-meets-office.com\/wp-content\/uploads\/2015\/09\/Kundendaten-Bankverbindung.jpg 652w\" sizes=\"auto, (max-width: 300px) 100vw, 300px\" \/><\/a><\/p>\n<p><strong>Steuer\/Unternehmen<\/strong><br \/>\n<a href=\"http:\/\/handbuch.immo-meets-office.de\/wp-content\/uploads\/2015\/09\/Kundendaten-SteuerUnternehmen.jpg\"><img loading=\"lazy\" decoding=\"async\" class=\"alignnone size-medium wp-image-125\" src=\"http:\/\/handbuch.immo-meets-office.de\/wp-content\/uploads\/2015\/09\/Kundendaten-SteuerUnternehmen-300x188.jpg\" alt=\"Kundendaten-SteuerUnternehmen\" width=\"300\" height=\"188\" srcset=\"https:\/\/handbuch.immo-meets-office.com\/wp-content\/uploads\/2015\/09\/Kundendaten-SteuerUnternehmen-300x188.jpg 300w, https:\/\/handbuch.immo-meets-office.com\/wp-content\/uploads\/2015\/09\/Kundendaten-SteuerUnternehmen-150x94.jpg 150w, https:\/\/handbuch.immo-meets-office.com\/wp-content\/uploads\/2015\/09\/Kundendaten-SteuerUnternehmen.jpg 653w\" sizes=\"auto, (max-width: 300px) 100vw, 300px\" \/><\/a><\/p>\n<p><strong>Firmenlogo<\/strong><br \/>\n<a href=\"http:\/\/handbuch.immo-meets-office.de\/wp-content\/uploads\/2015\/09\/Kundendaten-Firmenlogo.jpg\"><img loading=\"lazy\" decoding=\"async\" class=\"alignnone size-medium wp-image-737\" src=\"http:\/\/handbuch.immo-meets-office.de\/wp-content\/uploads\/2015\/09\/Kundendaten-Firmenlogo-300x188.jpg\" alt=\"Kundendaten-Firmenlogo\" width=\"300\" height=\"188\" srcset=\"https:\/\/handbuch.immo-meets-office.com\/wp-content\/uploads\/2015\/09\/Kundendaten-Firmenlogo-300x188.jpg 300w, https:\/\/handbuch.immo-meets-office.com\/wp-content\/uploads\/2015\/09\/Kundendaten-Firmenlogo.jpg 656w\" sizes=\"auto, (max-width: 300px) 100vw, 300px\" \/><\/a><\/p>\n<p>Als Bildformat werde u.a. folgende Formate unterst\u00fctzt:<\/p>\n<p>&nbsp;<\/p>\n<ul>\n<li>BMP<\/li>\n<li>GIF<\/li>\n<li>JPEG<\/li>\n<li>PNG<\/li>\n<li>TIFF<\/li>\n<\/ul>\n<p>&nbsp;<\/p>\n<p><strong>Nummernkreise<\/strong><br \/>\n<strong><a href=\"http:\/\/handbuch.immo-meets-office.de\/wp-content\/uploads\/2015\/09\/Kundendaten-Nummernkreise.jpg\"><img loading=\"lazy\" decoding=\"async\" class=\"alignnone size-medium wp-image-127\" src=\"http:\/\/handbuch.immo-meets-office.de\/wp-content\/uploads\/2015\/09\/Kundendaten-Nummernkreise-300x188.jpg\" alt=\"Kundendaten-Nummernkreise\" width=\"300\" height=\"188\" srcset=\"https:\/\/handbuch.immo-meets-office.com\/wp-content\/uploads\/2015\/09\/Kundendaten-Nummernkreise-300x188.jpg 300w, https:\/\/handbuch.immo-meets-office.com\/wp-content\/uploads\/2015\/09\/Kundendaten-Nummernkreise-150x94.jpg 150w, https:\/\/handbuch.immo-meets-office.com\/wp-content\/uploads\/2015\/09\/Kundendaten-Nummernkreise.jpg 651w\" sizes=\"auto, (max-width: 300px) 100vw, 300px\" \/><\/a><\/strong><\/p>\n<p><em>Nummernkreise<\/em><\/p>\n<p>Die Numernkreise werden f\u00fcr die Auftragsverwaltung ben\u00f6tigt.<\/p>\n<p>Hierbei k\u00f6nnen Sie das Format der Nummerkreise f\u00fcr die Rechnungsnummer, Gutschriftnummer, Lieferscheinnummer sowie Angebotsnummer angeben. Die Eingabe dient als Platzhalter f\u00fcr die Ermittlung der jeweiligen Nummern. Verwenden Sie als Platzhalter die &#8222;0&#8220; (Null).<\/p>\n<p>Das Jahr wird hierbei automatisch vorangestellt.<\/p>\n<p>Bsp.: Eingabe Rechnungsnummer: &#8222;00000&#8220; ergibt die erste Rechnungsnummer &#8222;2015-00001&#8220;<\/p>\n<p><strong>Onlinezugang<\/strong><br \/>\n<a href=\"http:\/\/handbuch.immo-meets-office.de\/wp-content\/uploads\/2015\/09\/Kundendaten-Onlinezugang.jpg\"><img loading=\"lazy\" decoding=\"async\" class=\"alignnone size-medium wp-image-128\" src=\"http:\/\/handbuch.immo-meets-office.de\/wp-content\/uploads\/2015\/09\/Kundendaten-Onlinezugang-300x186.jpg\" alt=\"Kundendaten-Onlinezugang\" width=\"300\" height=\"186\" srcset=\"https:\/\/handbuch.immo-meets-office.com\/wp-content\/uploads\/2015\/09\/Kundendaten-Onlinezugang-300x186.jpg 300w, https:\/\/handbuch.immo-meets-office.com\/wp-content\/uploads\/2015\/09\/Kundendaten-Onlinezugang-150x93.jpg 150w, https:\/\/handbuch.immo-meets-office.com\/wp-content\/uploads\/2015\/09\/Kundendaten-Onlinezugang.jpg 655w\" sizes=\"auto, (max-width: 300px) 100vw, 300px\" \/><\/a><\/p>\n<p><em>Servereinstellungen<\/em><\/p>\n<p>Die Servereinstellungen im Onlinezugang werden f\u00fcr die Onlinesynchronisation ben\u00f6tigt. Dabei wird eine Verbindung zum angegebenen Webserver und Datenbank hergestellt, um die ausgew\u00e4hlten Daten \u00fcber das Internet bereit zu stellen.<\/p>\n<p>Ben\u00f6tigt werden hierbei folgende Angaben:<\/p>\n<ul>\n<li>Server<\/li>\n<li>Datenbank<\/li>\n<li>Benutzer<\/li>\n<li>Kennwort<\/li>\n<\/ul>\n<p>Diese Zugangsdaten erhalten Sie von uns, wenn Sie das Onlinepaket bestellt haben.<\/p>\n<p><em>Synchronisierungseinstellungen<\/em><\/p>\n<p>Die Synchronisierungseinstellungen steuern dabei die Intervalle, in denen die freigegebenen Daten aus der lokalen Datenbank in die Onlinedatenbank synchronisiert werden sollen.<\/p>\n","protected":false},"excerpt":{"rendered":"<p>Men\u00fc Datei -&gt; Kundendaten \u00dcber den Men\u00fcpunkt Datei -&gt; Kundendaten gelangen Sie zur Bearbeitung der Kundendaten. Sie ben\u00f6tigen administrative Rechte, um die Kundendaten zu bearbeiten.<\/p>\n","protected":false},"author":1,"featured_media":0,"parent":90,"menu_order":0,"comment_status":"closed","ping_status":"closed","template":"","meta":{"footnotes":""},"class_list":["post-85","page","type-page","status-publish","hentry","entry"],"_links":{"self":[{"href":"https:\/\/handbuch.immo-meets-office.com\/index.php?rest_route=\/wp\/v2\/pages\/85","targetHints":{"allow":["GET"]}}],"collection":[{"href":"https:\/\/handbuch.immo-meets-office.com\/index.php?rest_route=\/wp\/v2\/pages"}],"about":[{"href":"https:\/\/handbuch.immo-meets-office.com\/index.php?rest_route=\/wp\/v2\/types\/page"}],"author":[{"embeddable":true,"href":"https:\/\/handbuch.immo-meets-office.com\/index.php?rest_route=\/wp\/v2\/users\/1"}],"replies":[{"embeddable":true,"href":"https:\/\/handbuch.immo-meets-office.com\/index.php?rest_route=%2Fwp%2Fv2%2Fcomments&post=85"}],"version-history":[{"count":30,"href":"https:\/\/handbuch.immo-meets-office.com\/index.php?rest_route=\/wp\/v2\/pages\/85\/revisions"}],"predecessor-version":[{"id":805,"href":"https:\/\/handbuch.immo-meets-office.com\/index.php?rest_route=\/wp\/v2\/pages\/85\/revisions\/805"}],"up":[{"embeddable":true,"href":"https:\/\/handbuch.immo-meets-office.com\/index.php?rest_route=\/wp\/v2\/pages\/90"}],"wp:attachment":[{"href":"https:\/\/handbuch.immo-meets-office.com\/index.php?rest_route=%2Fwp%2Fv2%2Fmedia&parent=85"}],"curies":[{"name":"wp","href":"https:\/\/api.w.org\/{rel}","templated":true}]}}