{"id":8,"date":"2015-04-24T12:53:01","date_gmt":"2015-04-24T11:53:01","guid":{"rendered":"https:\/\/handbuch.immo-meets-office.de\/?page_id=8"},"modified":"2017-03-07T15:36:27","modified_gmt":"2017-03-07T14:36:27","slug":"easy-office-storage","status":"publish","type":"page","link":"https:\/\/handbuch.immo-meets-office.com\/?page_id=8","title":{"rendered":"Easy Office Storage"},"content":{"rendered":"<p><a href=\"https:\/\/handbuch.immo-meets-office.de\/wp-content\/uploads\/2015\/04\/easyofficestorage_logo.png\"><img loading=\"lazy\" decoding=\"async\" class=\"size-medium wp-image-830 aligncenter\" src=\"https:\/\/handbuch.immo-meets-office.de\/wp-content\/uploads\/2015\/04\/easyofficestorage_logo-300x161.png\" alt=\"\" width=\"300\" height=\"161\" srcset=\"https:\/\/handbuch.immo-meets-office.com\/wp-content\/uploads\/2015\/04\/easyofficestorage_logo-300x161.png 300w, https:\/\/handbuch.immo-meets-office.com\/wp-content\/uploads\/2015\/04\/easyofficestorage_logo-768x413.png 768w, https:\/\/handbuch.immo-meets-office.com\/wp-content\/uploads\/2015\/04\/easyofficestorage_logo.png 800w\" sizes=\"auto, (max-width: 300px) 100vw, 300px\" \/><\/a><\/p>\n<h2>Immo Meets Office &#8211; Easy Office Storage<\/h2>\n<p>Easy Office Storage wurde entworfen, um Ihnen eine einfache und unkomplizierte M\u00f6glichkeit zu bieten, E-Mails, Dokumente, Bilder und Gespr\u00e4chsnotizen mit Stammdaten zu verbinden und strukturiert in einer Datenbank abzulegen.<\/p>\n<p><strong>Branchen\u00fcbergreifend: <\/strong>Urspr\u00fcnglich f\u00fcr die Immobilienbranche entwickelt, wurde das Easy Office Storage jedoch v\u00f6llig offen gehalten.<\/p>\n<p>D.h. Sie k\u00f6nnen v\u00f6llig unabh\u00e4ngig einer Immobiliensoftware mit dem Easy Office Storage arbeiten, egal aus welcher Branche Sie auch kommen:<\/p>\n<p>Sie k\u00f6nnen Ihre Objektdaten, Fahrzeugdaten, Verkaufsartikel, etc. mit dem Easy Office Storage verwalten.<\/p>\n<p><strong>Standort\u00fcbergreifend:<\/strong> Durch die Verwendung eines Microsoft SQL Servers sowie einer Datenbank in Microsoft Azure (das Microsoft Cloud System) spielen Standorte keine Rolle.<\/p>\n","protected":false},"excerpt":{"rendered":"<p>Immo Meets Office &#8211; Easy Office Storage Easy Office Storage wurde entworfen, um Ihnen eine einfache und unkomplizierte M\u00f6glichkeit zu bieten, E-Mails, Dokumente, Bilder und&#8230;<\/p>\n<div class=\"more-link-wrapper\"><a class=\"more-link\" href=\"https:\/\/handbuch.immo-meets-office.com\/?page_id=8\">Weiterlesen<span class=\"screen-reader-text\">Easy Office Storage<\/span><\/a><\/div>\n","protected":false},"author":1,"featured_media":0,"parent":12,"menu_order":1,"comment_status":"closed","ping_status":"closed","template":"","meta":{"footnotes":""},"class_list":["post-8","page","type-page","status-publish","hentry","entry"],"_links":{"self":[{"href":"https:\/\/handbuch.immo-meets-office.com\/index.php?rest_route=\/wp\/v2\/pages\/8","targetHints":{"allow":["GET"]}}],"collection":[{"href":"https:\/\/handbuch.immo-meets-office.com\/index.php?rest_route=\/wp\/v2\/pages"}],"about":[{"href":"https:\/\/handbuch.immo-meets-office.com\/index.php?rest_route=\/wp\/v2\/types\/page"}],"author":[{"embeddable":true,"href":"https:\/\/handbuch.immo-meets-office.com\/index.php?rest_route=\/wp\/v2\/users\/1"}],"replies":[{"embeddable":true,"href":"https:\/\/handbuch.immo-meets-office.com\/index.php?rest_route=%2Fwp%2Fv2%2Fcomments&post=8"}],"version-history":[{"count":7,"href":"https:\/\/handbuch.immo-meets-office.com\/index.php?rest_route=\/wp\/v2\/pages\/8\/revisions"}],"predecessor-version":[{"id":834,"href":"https:\/\/handbuch.immo-meets-office.com\/index.php?rest_route=\/wp\/v2\/pages\/8\/revisions\/834"}],"up":[{"embeddable":true,"href":"https:\/\/handbuch.immo-meets-office.com\/index.php?rest_route=\/wp\/v2\/pages\/12"}],"wp:attachment":[{"href":"https:\/\/handbuch.immo-meets-office.com\/index.php?rest_route=%2Fwp%2Fv2%2Fmedia&parent=8"}],"curies":[{"name":"wp","href":"https:\/\/api.w.org\/{rel}","templated":true}]}}