{"id":749,"date":"2015-09-10T18:59:34","date_gmt":"2015-09-10T17:59:34","guid":{"rendered":"http:\/\/handbuch.immo-meets-office.de\/?page_id=749"},"modified":"2015-09-15T07:32:05","modified_gmt":"2015-09-15T06:32:05","slug":"begriffserlaeuterung","status":"publish","type":"page","link":"https:\/\/handbuch.immo-meets-office.com\/?page_id=749","title":{"rendered":"Begriffserl\u00e4uterungen"},"content":{"rendered":"<p><strong>Tag(s) &#8211; englisch<\/strong><\/p>\n<p>Als Tag(s) wird ein Stammdatenbereich bezeichnet, d.h. ein Tag steht f\u00fcr<\/p>\n<ul>\n<li>eine Eigenschaft,<\/li>\n<li>einen Suchbegriff,<\/li>\n<li>einen Datenbereich,<\/li>\n<\/ul>\n<p>der sich wiederum aus weiteren Detaildaten zusammensetzen kann.<\/p>\n<p><strong>Storage(e) &#8211; englisch<\/strong><\/p>\n<p>Als Storage wird der einzelne Datenbereich f\u00fcr die Aufbewahrung\/Speicherung bezeichnet. Die Datenbereiche werden hierbei in<\/p>\n<ul>\n<li>E-Mails<\/li>\n<li>Dokumente<\/li>\n<li>Bilder<\/li>\n<li>Gespr\u00e4chsnotizen<\/li>\n<li>Tag(s)<\/li>\n<\/ul>\n<p>unterteilt.<\/p>\n<p><strong>Context-Men\u00fc (rechte Maustaste)<\/strong><\/p>\n<p>Als Context-Men\u00fc (Kontext) werden Men\u00fcs bezeichnet, die auf einer Oberfl\u00e4che (Fenster \/Steuerelement) mit der rechten Maustaste bet\u00e4tigt werden. Dazu muss der Mauszeiger \u00fcber eine Oberfl\u00e4che oder Datensatz bewegt werden und die rechte Maustaste gedr\u00fcckt werden, um ein Men\u00fc anzeigen zu lassen. In einer Oberfl\u00e4che k\u00f6nnen unterschiedliche Context-Men\u00fcs (auf verschiedenen Steuerelementen) vorhanden sein.<\/p>\n<p><strong>Drag and Drop Operationen<\/strong><\/p>\n<p>Als Drag and Drop Operationen werden die Aktionen bezeichnet, die es erm\u00f6glichen einzelne Elemente (wie Dateien oder auch Daten innerhalb einer Anwendung) durch verschieben\/ziehen mit der Maus zu bearbeiten. Dazu muss die Maus \u00fcber ein Element bewegt werden und die linke Maustaste wird gedr\u00fcckt und gehalten. W\u00e4hrend des Haltens kann das Element in einen anderen Bereich verschoben werden (dazu \u00e4ndert sich der Mauszeiger). Wenn der neue Bereich eine Drag and Drop Operation unterst\u00fctzt, kann die linke Maustaste losgelassen werden, um die Aktion abzuschlie\u00dfen.<\/p>\n<p>Das Easy Office Storage unterst\u00fctzt diese Drag and Drop Operationen innerhalb der Anwendung sowie in bestimmten Bereichen wie dem E-Mail-\/Dokumenten- und Bilder Storage auch aus anderen Anwendung, wie Microsoft Outlook oder dem Microsoft Windows Explorer heraus.<\/p>\n<p>&nbsp;<\/p>\n<p>&nbsp;<\/p>\n","protected":false},"excerpt":{"rendered":"<p>Tag(s) &#8211; englisch Als Tag(s) wird ein Stammdatenbereich bezeichnet, d.h. ein Tag steht f\u00fcr eine Eigenschaft, einen Suchbegriff, einen Datenbereich, der sich wiederum aus weiteren&#8230;<\/p>\n<div class=\"more-link-wrapper\"><a class=\"more-link\" href=\"https:\/\/handbuch.immo-meets-office.com\/?page_id=749\">Weiterlesen<span class=\"screen-reader-text\">Begriffserl\u00e4uterungen<\/span><\/a><\/div>\n","protected":false},"author":1,"featured_media":0,"parent":8,"menu_order":98,"comment_status":"closed","ping_status":"closed","template":"","meta":{"footnotes":""},"class_list":["post-749","page","type-page","status-publish","hentry","entry"],"_links":{"self":[{"href":"https:\/\/handbuch.immo-meets-office.com\/index.php?rest_route=\/wp\/v2\/pages\/749","targetHints":{"allow":["GET"]}}],"collection":[{"href":"https:\/\/handbuch.immo-meets-office.com\/index.php?rest_route=\/wp\/v2\/pages"}],"about":[{"href":"https:\/\/handbuch.immo-meets-office.com\/index.php?rest_route=\/wp\/v2\/types\/page"}],"author":[{"embeddable":true,"href":"https:\/\/handbuch.immo-meets-office.com\/index.php?rest_route=\/wp\/v2\/users\/1"}],"replies":[{"embeddable":true,"href":"https:\/\/handbuch.immo-meets-office.com\/index.php?rest_route=%2Fwp%2Fv2%2Fcomments&post=749"}],"version-history":[{"count":6,"href":"https:\/\/handbuch.immo-meets-office.com\/index.php?rest_route=\/wp\/v2\/pages\/749\/revisions"}],"predecessor-version":[{"id":791,"href":"https:\/\/handbuch.immo-meets-office.com\/index.php?rest_route=\/wp\/v2\/pages\/749\/revisions\/791"}],"up":[{"embeddable":true,"href":"https:\/\/handbuch.immo-meets-office.com\/index.php?rest_route=\/wp\/v2\/pages\/8"}],"wp:attachment":[{"href":"https:\/\/handbuch.immo-meets-office.com\/index.php?rest_route=%2Fwp%2Fv2%2Fmedia&parent=749"}],"curies":[{"name":"wp","href":"https:\/\/api.w.org\/{rel}","templated":true}]}}