{"id":659,"date":"2015-09-10T12:21:26","date_gmt":"2015-09-10T11:21:26","guid":{"rendered":"http:\/\/handbuch.immo-meets-office.de\/?page_id=659"},"modified":"2015-09-15T07:26:49","modified_gmt":"2015-09-15T06:26:49","slug":"ablaufuebersicht","status":"publish","type":"page","link":"https:\/\/handbuch.immo-meets-office.com\/?page_id=659","title":{"rendered":"Ablauf\u00fcbersicht"},"content":{"rendered":"<p><strong>Ablauf\u00fcbersicht Immobilienscout24<br \/>\n<\/strong><\/p>\n<p>Beispiel zur Automatisierung:<\/p>\n<p>Wenn Sie Ihre Immobilienangebote im Immobilienscout24 erfasst haben, m\u00fcssen Sie das angebotene Objekt als Tag in den Easy Offcie Storage mit der entsprechenden Scout-ID erfassen.<\/p>\n<ul>\n<li>Objekt als Tag erfassen\n<ul>\n<li>Dynamisches Feld Scout-ID im Objekt hinterlegen<\/li>\n<\/ul>\n<\/li>\n<\/ul>\n<p>Als Dokument k\u00f6nnen Sie ein oder mehrere Expos\u00e9s bzw. Grundrisse hinterlegen, die einem Interessenten im weiteren Verlauf zur Verf\u00fcgung gestellt werden sollen.<\/p>\n<ul>\n<li>Expos\u00e9 im Dokumenten Storage hinterlegen.<\/li>\n<\/ul>\n<p>Einstellungen f\u00fcr die Automatisierung im Microsoft Outlook vornehmen.<\/p>\n<p>Wenn Sie eine Anfrage von &#8222;anfrage (at) immobilienscout24 (dot) de&#8220; mit Interessentendaten erhalten, werden die Interessentendaten als Adresse (Tag) im Easy Office Storage angelegt. Dazu wird eine Reques-ID erzeugt und in einer Antwort E-Mail als Link zur Verf\u00fcgung gestellt.<\/p>\n<ul>\n<li>Interessenten werden automatisch als Adressen Tag angelegt.<\/li>\n<\/ul>\n<p>Wenn der Interessent diese E-Mail erh\u00e4lt und den Link aufruft, wird er auf eine sichere Seite der immo-meets-office.de Webseite geleitet. Auf dieser Seite kann der Interessent nun Angaben machen, wie er einen Kontakt w\u00fcnscht, sowie Ihre AGB\u00b4s bzw. Provisionsvereinbarung und den Widerruf best\u00e4tigen. Sobald dieses Formular ausgef\u00fcllt und versendet wird, erhalten Sie eine E-Mail mit dem Betreff &#8222;Makleraktivierung &#8220; und den entsprechenden Informationen.<\/p>\n<ul>\n<li>Antwort E-Mail wird automatisch auf eine Makleraktivierung erzeugt, wenn das Objekt bzw. die Dokumente vorhanden sind<\/li>\n<\/ul>\n<p>Diese E-Mail wird automatisch \u00fcberpr\u00fcft und in das Easy Office Storage &#8211; in die Adressen Tags des Interessenten &#8211; \u00fcbertragen. Die Inhalte dieser E-Mail werden ausgelesen und anhand der Request-ID und der Scout-ID wird nun aus dem passenden Objekt Tag das Expos\u00e9 bzw. der Grundriss an den Interessenten per E-Mail versendet.<\/p>\n<ul>\n<li>Alle E-Mails werden automatisch zum Interessenten in der Adresse (Tag) gespeichert.<\/li>\n<\/ul>\n<p><strong>Ablauf\u00fcbersicht Immonet<\/strong><\/p>\n<p>Der Ablauf ist wie bei der Ablauf\u00fcbersicht Immobilienscout24. Der Unterschied ist dabei, dass im Objekt Tag anstatt des dynamischen Feldes &#8222;Scout-ID&#8220;, die &#8222;Immonet-Nummer&#8220; vorhanden sein muss.<\/p>\n","protected":false},"excerpt":{"rendered":"<p>Ablauf\u00fcbersicht Immobilienscout24 Beispiel zur Automatisierung: Wenn Sie Ihre Immobilienangebote im Immobilienscout24 erfasst haben, m\u00fcssen Sie das angebotene Objekt als Tag in den Easy Offcie Storage&#8230;<\/p>\n<div class=\"more-link-wrapper\"><a class=\"more-link\" href=\"https:\/\/handbuch.immo-meets-office.com\/?page_id=659\">Weiterlesen<span class=\"screen-reader-text\">Ablauf\u00fcbersicht<\/span><\/a><\/div>\n","protected":false},"author":1,"featured_media":0,"parent":654,"menu_order":0,"comment_status":"closed","ping_status":"closed","template":"","meta":{"footnotes":""},"class_list":["post-659","page","type-page","status-publish","hentry","entry"],"_links":{"self":[{"href":"https:\/\/handbuch.immo-meets-office.com\/index.php?rest_route=\/wp\/v2\/pages\/659","targetHints":{"allow":["GET"]}}],"collection":[{"href":"https:\/\/handbuch.immo-meets-office.com\/index.php?rest_route=\/wp\/v2\/pages"}],"about":[{"href":"https:\/\/handbuch.immo-meets-office.com\/index.php?rest_route=\/wp\/v2\/types\/page"}],"author":[{"embeddable":true,"href":"https:\/\/handbuch.immo-meets-office.com\/index.php?rest_route=\/wp\/v2\/users\/1"}],"replies":[{"embeddable":true,"href":"https:\/\/handbuch.immo-meets-office.com\/index.php?rest_route=%2Fwp%2Fv2%2Fcomments&post=659"}],"version-history":[{"count":6,"href":"https:\/\/handbuch.immo-meets-office.com\/index.php?rest_route=\/wp\/v2\/pages\/659\/revisions"}],"predecessor-version":[{"id":787,"href":"https:\/\/handbuch.immo-meets-office.com\/index.php?rest_route=\/wp\/v2\/pages\/659\/revisions\/787"}],"up":[{"embeddable":true,"href":"https:\/\/handbuch.immo-meets-office.com\/index.php?rest_route=\/wp\/v2\/pages\/654"}],"wp:attachment":[{"href":"https:\/\/handbuch.immo-meets-office.com\/index.php?rest_route=%2Fwp%2Fv2%2Fmedia&parent=659"}],"curies":[{"name":"wp","href":"https:\/\/api.w.org\/{rel}","templated":true}]}}