{"id":654,"date":"2015-09-10T11:56:46","date_gmt":"2015-09-10T10:56:46","guid":{"rendered":"http:\/\/handbuch.immo-meets-office.de\/?page_id=654"},"modified":"2015-09-20T14:53:50","modified_gmt":"2015-09-20T13:53:50","slug":"immobilen-portale","status":"publish","type":"page","link":"https:\/\/handbuch.immo-meets-office.com\/?page_id=654","title":{"rendered":"Immobilen Portale"},"content":{"rendered":"<p>Im Bereich der Immobilien Portale erhalten Sie die M\u00f6glichkeit, Interessenten und derren Anfragen automatisiert zu berabeiten.<\/p>\n<p>Dabei stehen Ihnen aktuell folgende Immobilien Portale<\/p>\n<ul>\n<li>Immobilienscout24<\/li>\n<li>Immonet<\/li>\n<\/ul>\n<p>f\u00fcr eine Automatisierung zur Verf\u00fcgung.<\/p>\n<p><!--more--><\/p>\n<p><strong>Einstellungen<br \/>\n<\/strong><\/p>\n<p><a href=\"http:\/\/handbuch.immo-meets-office.de\/wp-content\/uploads\/2015\/09\/Immobilien-Portale.jpg\"><img loading=\"lazy\" decoding=\"async\" class=\"alignnone size-medium wp-image-658\" src=\"http:\/\/handbuch.immo-meets-office.de\/wp-content\/uploads\/2015\/09\/Immobilien-Portale-300x223.jpg\" alt=\"Immobilien Portale\" width=\"300\" height=\"223\" srcset=\"https:\/\/handbuch.immo-meets-office.com\/wp-content\/uploads\/2015\/09\/Immobilien-Portale-300x223.jpg 300w, https:\/\/handbuch.immo-meets-office.com\/wp-content\/uploads\/2015\/09\/Immobilien-Portale.jpg 796w\" sizes=\"auto, (max-width: 300px) 100vw, 300px\" \/><\/a><\/p>\n<p><strong>Einstellungen Immobilienscout24<\/strong><\/p>\n<p><a href=\"http:\/\/handbuch.immo-meets-office.de\/wp-content\/uploads\/2015\/09\/Immobilien-Portale-Immobilienscout24.jpg\"><img loading=\"lazy\" decoding=\"async\" class=\"alignnone size-medium wp-image-676\" src=\"http:\/\/handbuch.immo-meets-office.de\/wp-content\/uploads\/2015\/09\/Immobilien-Portale-Immobilienscout24-300x162.jpg\" alt=\"Immobilien Portale-Immobilienscout24\" width=\"300\" height=\"162\" srcset=\"https:\/\/handbuch.immo-meets-office.com\/wp-content\/uploads\/2015\/09\/Immobilien-Portale-Immobilienscout24-300x162.jpg 300w, https:\/\/handbuch.immo-meets-office.com\/wp-content\/uploads\/2015\/09\/Immobilien-Portale-Immobilienscout24.jpg 760w\" sizes=\"auto, (max-width: 300px) 100vw, 300px\" \/><\/a><\/p>\n<p>Im Register Immobilienscout24 haben Sie die M\u00f6glichkeit, die Einstellungen f\u00fcr das Immobilien Portal Immobilienscout24 vorzunehmen.<\/p>\n<ul>\n<li>\u00dcberpr\u00fcfung aktivieren<\/li>\n<\/ul>\n<p>Dazu aktiviern Sie das Feld &#8222;\u00dcberpr\u00fcfung aktivieren&#8220; um weitere Einstellungen vorzunehmen. Wenn Sie die \u00dcberpr\u00fcfung zwischenzeitig aussetzen m\u00f6chten. Deaktivieren Sie dieses Feld.<\/p>\n<ul>\n<li>Emfang von (E-Mail): gibt die zu \u00fcberwachende E-Mailadresse von Immobilienscout24 an, zum Beispiel &#8222;anfrage (at) immobilienscout24 (dot) de&#8220;<\/li>\n<li>nur Interessentenimport: gibt an, ob nur die Interessentendaten als Adresse (Tag) in das Easy Office Storage \u00fcbertragen werden sollen. Eine Antwort E-Mail wird dann nicht erstellt.<\/li>\n<li>E-Mail ohne Vorschau verwenden: gibt an, ob bei der automatischen Bearbeitung die zu sendende E-Mail im Entwurf gespeichert und zur \u00dcberpr\u00fcfung und manuellem Senden angezeigt wird. Wenn dieses Feld aktiviert ist, wird die zu sendene E-Mail sofort ohne Anzeige gesendet.<\/li>\n<li>Bezeichnung Scout-ID: gibt die Bezeichnung der Scout-ID an. Dies bezieht sich auf das dynamische Feld, welches in den Tag(s) vorhanden sein muss.<\/li>\n<li>Antwort an (E-Mail): geben Sie hier die Empf\u00e4nger E-Mail an, die nach Absenden des Onlineformulares verwendet werden soll, um die Daten des Onlineformulars zu bearbeiten: in der Regel Ihre eigene E-Mail-Adresse.<\/li>\n<\/ul>\n<p><strong>Einstellungen Immonet<\/strong><\/p>\n<p><a href=\"http:\/\/handbuch.immo-meets-office.de\/wp-content\/uploads\/2015\/09\/Immobilien-Portale-Immonet.jpg\"><img loading=\"lazy\" decoding=\"async\" class=\"alignnone size-medium wp-image-677\" src=\"http:\/\/handbuch.immo-meets-office.de\/wp-content\/uploads\/2015\/09\/Immobilien-Portale-Immonet-300x164.jpg\" alt=\"Immobilien Portale-Immonet\" width=\"300\" height=\"164\" srcset=\"https:\/\/handbuch.immo-meets-office.com\/wp-content\/uploads\/2015\/09\/Immobilien-Portale-Immonet-300x164.jpg 300w, https:\/\/handbuch.immo-meets-office.com\/wp-content\/uploads\/2015\/09\/Immobilien-Portale-Immonet.jpg 759w\" sizes=\"auto, (max-width: 300px) 100vw, 300px\" \/><\/a><\/p>\n<p>Im Register Immonet haben Sie die M\u00f6glichkeit die Einstellungen f\u00fcr das Immobilien Portal Immonet vorzunehmen.<\/p>\n<ul>\n<li>\u00dcberpr\u00fcfung aktivieren<\/li>\n<\/ul>\n<p>Dazu aktiviern Sie das Feld &#8222;\u00dcberpr\u00fcfung aktivieren&#8220; um weitere Einstellungen vorzunehmen. Wenn Sie die \u00dcberpr\u00fcfung zwischenzeitig aussetzen m\u00f6chten. Deaktivieren Sie dieses Feld.<\/p>\n<ul>\n<li>Emfang von (E-Mail): gibt die zu \u00fcberwachende E-Mailadresse von Immonet an, zum Besispiel &#8222;noreply (at) immonet (dot) de&#8220;<\/li>\n<li>nur Interessentenimport: gibt an, ob nur die Interessentendaten als Adresse (Tag) in das Easy Office Storage \u00fcbertragen werden sollen. Eine Antwort E-Mail wird dann nicht erstellt.<\/li>\n<li>E-Mail ohne Vorschau verwenden: gibt an, ob bei der automatischen Bearbeitung die zu sendende E-Mail im Entwurf gespeichert und zur \u00dcberpr\u00fcfung und manuellem Senden angezeigt wird. Wenn dieses Feld aktiviert ist, wird die zu sendene E-Mail sofort ohne Anzeige gesendet.<\/li>\n<li>Bezeichnung Immonet-Nummer: gibt die Bezeichnung der Immonet-Nummer an. Dies bezieht sich auf das dynamische Feld, welches in den Tag(s) vorhanden sein muss.<\/li>\n<li>Antwort an (E-Mail): geben Sie hier die Empf\u00e4nger E-Mail an, die nach Absenden des Onlineformulares verwendet werden soll, um die Daten des Onlineformulars zu bearbeiten: in der Regel Ihre eigene E-Mail-Adresse.<\/li>\n<\/ul>\n<p><strong>Anfragen<\/strong><\/p>\n<p><a href=\"http:\/\/handbuch.immo-meets-office.de\/wp-content\/uploads\/2015\/09\/Immobilien-Portale-Anfrage.jpg\"><img loading=\"lazy\" decoding=\"async\" class=\"alignnone size-medium wp-image-679\" src=\"http:\/\/handbuch.immo-meets-office.de\/wp-content\/uploads\/2015\/09\/Immobilien-Portale-Anfrage-300x164.jpg\" alt=\"Immobilien Portale-Anfrage\" width=\"300\" height=\"164\" srcset=\"https:\/\/handbuch.immo-meets-office.com\/wp-content\/uploads\/2015\/09\/Immobilien-Portale-Anfrage-300x164.jpg 300w, https:\/\/handbuch.immo-meets-office.com\/wp-content\/uploads\/2015\/09\/Immobilien-Portale-Anfrage.jpg 759w\" sizes=\"auto, (max-width: 300px) 100vw, 300px\" \/><\/a><\/p>\n<p>Das Register Anfrage bezieht sich auf die eingehenenden E-Mail der &#8211; Immobilien Portal-Interessenten. Das bedeutet, wenn die \u00dcberpr\u00fcfung aktiv ist und Sie eine E-Mail mit einer Anfrage eines Interessenten erhalten, wird diese Antwort als E-Mail erstellt und angezeigt bzw. direkt versendet.<\/p>\n<p>Dazu ben\u00f6tigen Sie eine<\/p>\n<ul>\n<li>URL zum Online-Formular: diese erhalten Sie durch uns, nach erfolgreicher Einrichtung Ihres pers\u00f6nlichen Online Formulares<\/li>\n<\/ul>\n<p>die auf eine https:\/\/ verschl\u00fcsselte Seite verweist.<\/p>\n<p><em>Muster des Online Formulares<\/em><\/p>\n<p><a href=\"http:\/\/handbuch.immo-meets-office.de\/wp-content\/uploads\/2015\/09\/Online-Formular.jpg\"><img loading=\"lazy\" decoding=\"async\" class=\"alignnone size-medium wp-image-694\" src=\"http:\/\/handbuch.immo-meets-office.de\/wp-content\/uploads\/2015\/09\/Online-Formular-193x300.jpg\" alt=\"Online Formular\" width=\"193\" height=\"300\" srcset=\"https:\/\/handbuch.immo-meets-office.com\/wp-content\/uploads\/2015\/09\/Online-Formular-193x300.jpg 193w, https:\/\/handbuch.immo-meets-office.com\/wp-content\/uploads\/2015\/09\/Online-Formular.jpg 568w\" sizes=\"auto, (max-width: 193px) 100vw, 193px\" \/><\/a><\/p>\n<p>Die Daten, die \u00fcber dieses Formular versendet werden, werden Ihnen als Makleraktivierung per E-Mail bereit gestellt.<\/p>\n<p>Dieses Formular gestalten wir gerne nach Ihren W\u00fcnschen und Anforderungen.<\/p>\n<ul>\n<li>URL Text: ein frei definierbarer Linktext<\/li>\n<li>Inhalt: Sie geben den Inhalt der Antwort-E-Mail vor. Au\u00dferdem haben Sie die M\u00f6glichkeit den Platzhalter [URL] im Text frei zu platzieren. Wenn der Platzhalter [URL] nicht vorhanden ist, wird kein Link in der E-Mail angezeigt.<\/li>\n<\/ul>\n<p><strong>Antwort<\/strong><\/p>\n<p><a href=\"http:\/\/handbuch.immo-meets-office.de\/wp-content\/uploads\/2015\/09\/Immobilien-Portale-Antwort.jpg\"><img loading=\"lazy\" decoding=\"async\" class=\"alignnone size-medium wp-image-695\" src=\"http:\/\/handbuch.immo-meets-office.de\/wp-content\/uploads\/2015\/09\/Immobilien-Portale-Antwort-300x164.jpg\" alt=\"Immobilien Portale-Antwort\" width=\"300\" height=\"164\" srcset=\"https:\/\/handbuch.immo-meets-office.com\/wp-content\/uploads\/2015\/09\/Immobilien-Portale-Antwort-300x164.jpg 300w, https:\/\/handbuch.immo-meets-office.com\/wp-content\/uploads\/2015\/09\/Immobilien-Portale-Antwort.jpg 757w\" sizes=\"auto, (max-width: 300px) 100vw, 300px\" \/><\/a><\/p>\n<p>Das Register Antwort bezieht sich auf die eingehenenden E-Mails des Online Formulares. Wenn die Angaben im Online Formular durch den Interessenten best\u00e4tigt wurden, erhalten Sie eine E-Mail an die zuvor eingegebene Antwort-(E-Mail)-Adresse. Diese E-Mail wird wiederum verarbeitet und der Inhalt des angegebenen Textes als neue E-Mail erstellt. Zus\u00e4tzlich werden die, auf die Anfrage bezogenen Expose\u00b4s bzw. Grundrisse an diese E-Mail angeh\u00e4ngt und je nach Einstellung versendet.<\/p>\n","protected":false},"excerpt":{"rendered":"<p>Im Bereich der Immobilien Portale erhalten Sie die M\u00f6glichkeit, Interessenten und derren Anfragen automatisiert zu berabeiten. Dabei stehen Ihnen aktuell folgende Immobilien Portale Immobilienscout24 Immonet<\/p>\n<div class=\"more-link-wrapper\"><a class=\"more-link\" href=\"https:\/\/handbuch.immo-meets-office.com\/?page_id=654\">Weiterlesen<span class=\"screen-reader-text\">Immobilen Portale<\/span><\/a><\/div>\n","protected":false},"author":1,"featured_media":0,"parent":629,"menu_order":1,"comment_status":"closed","ping_status":"closed","template":"","meta":{"footnotes":""},"class_list":["post-654","page","type-page","status-publish","hentry","entry"],"_links":{"self":[{"href":"https:\/\/handbuch.immo-meets-office.com\/index.php?rest_route=\/wp\/v2\/pages\/654","targetHints":{"allow":["GET"]}}],"collection":[{"href":"https:\/\/handbuch.immo-meets-office.com\/index.php?rest_route=\/wp\/v2\/pages"}],"about":[{"href":"https:\/\/handbuch.immo-meets-office.com\/index.php?rest_route=\/wp\/v2\/types\/page"}],"author":[{"embeddable":true,"href":"https:\/\/handbuch.immo-meets-office.com\/index.php?rest_route=\/wp\/v2\/users\/1"}],"replies":[{"embeddable":true,"href":"https:\/\/handbuch.immo-meets-office.com\/index.php?rest_route=%2Fwp%2Fv2%2Fcomments&post=654"}],"version-history":[{"count":9,"href":"https:\/\/handbuch.immo-meets-office.com\/index.php?rest_route=\/wp\/v2\/pages\/654\/revisions"}],"predecessor-version":[{"id":809,"href":"https:\/\/handbuch.immo-meets-office.com\/index.php?rest_route=\/wp\/v2\/pages\/654\/revisions\/809"}],"up":[{"embeddable":true,"href":"https:\/\/handbuch.immo-meets-office.com\/index.php?rest_route=\/wp\/v2\/pages\/629"}],"wp:attachment":[{"href":"https:\/\/handbuch.immo-meets-office.com\/index.php?rest_route=%2Fwp%2Fv2%2Fmedia&parent=654"}],"curies":[{"name":"wp","href":"https:\/\/api.w.org\/{rel}","templated":true}]}}