{"id":648,"date":"2015-09-10T11:48:34","date_gmt":"2015-09-10T10:48:34","guid":{"rendered":"http:\/\/handbuch.immo-meets-office.de\/?page_id=648"},"modified":"2015-09-15T06:48:07","modified_gmt":"2015-09-15T05:48:07","slug":"synchronisierung","status":"publish","type":"page","link":"https:\/\/handbuch.immo-meets-office.com\/?page_id=648","title":{"rendered":"Synchronisierung"},"content":{"rendered":"<p>Die Synchronisierung gibt Ihnen die M\u00f6glichkeit bestimmte E-Mailordner automatisch in das Easy Office Storage zu \u00fcbertragen.<\/p>\n<p><strong>Jetzt synchronisieren<\/strong><\/p>\n<p><a href=\"http:\/\/handbuch.immo-meets-office.de\/wp-content\/uploads\/2015\/09\/Jetz-synchronisieren.jpg\"><img loading=\"lazy\" decoding=\"async\" class=\"alignnone size-full wp-image-649\" src=\"http:\/\/handbuch.immo-meets-office.de\/wp-content\/uploads\/2015\/09\/Jetz-synchronisieren.jpg\" alt=\"Jetz synchronisieren\" width=\"105\" height=\"106\" \/><\/a><\/p>\n<p>F\u00fchrt eine Synchronisierung mit den nachfolgenden Einstellungen aus.<\/p>\n<p><strong>Konfiguration E-Mailordner<\/strong><\/p>\n<p><a href=\"http:\/\/handbuch.immo-meets-office.de\/wp-content\/uploads\/2015\/09\/Synchronisierungseinstellung-E-Mail.jpg\"><img loading=\"lazy\" decoding=\"async\" class=\"alignnone size-medium wp-image-650\" src=\"http:\/\/handbuch.immo-meets-office.de\/wp-content\/uploads\/2015\/09\/Synchronisierungseinstellung-E-Mail-300x204.jpg\" alt=\"Synchronisierungseinstellung E-Mail\" width=\"300\" height=\"204\" srcset=\"https:\/\/handbuch.immo-meets-office.com\/wp-content\/uploads\/2015\/09\/Synchronisierungseinstellung-E-Mail-300x204.jpg 300w, https:\/\/handbuch.immo-meets-office.com\/wp-content\/uploads\/2015\/09\/Synchronisierungseinstellung-E-Mail.jpg 954w\" sizes=\"auto, (max-width: 300px) 100vw, 300px\" \/><\/a><\/p>\n<p>Hierbei haben Sie die M\u00f6glichkeit einzelne oder mehrere E-Mailordner zu synchronisieren. W\u00e4hlen Sie dazu einen E-Mailordner aus und markieren diesen mit &#8222;Ordner synchronisieren&#8220;.<\/p>\n<p>\u00dcber die Zuordnung und Benutzerfreigabe k\u00f6nnen Sie einzelne oder mehrere Benutzer markieren, die eine Benutzerfreigabe f\u00fcr eine synchronisierte E-Mail sowie Kontaktdaten &#8211; je nach Benutzereinstellung &#8211; erhalten sollen.<\/p>\n<p>Sollten Sie keine Benutzer markiert haben, wird die E-Mail nur dem aktuellen Benutzer freigegeben.<\/p>\n<p>Wenn Sie Ihre Einstellungen vorgenommen haben, k\u00f6nnen Sie das Fenster mit &#8222;OK&#8220; speichern und verlassen.<\/p>\n<p><strong>Allgemeine Konfiguration<\/strong><\/p>\n<p><a href=\"http:\/\/handbuch.immo-meets-office.de\/wp-content\/uploads\/2015\/09\/Synchronisierungseinstellung-Allgemein.jpg\"><img loading=\"lazy\" decoding=\"async\" class=\"alignnone size-medium wp-image-651\" src=\"http:\/\/handbuch.immo-meets-office.de\/wp-content\/uploads\/2015\/09\/Synchronisierungseinstellung-Allgemein-300x225.jpg\" alt=\"Synchronisierungseinstellung Allgemein\" width=\"300\" height=\"225\" srcset=\"https:\/\/handbuch.immo-meets-office.com\/wp-content\/uploads\/2015\/09\/Synchronisierungseinstellung-Allgemein-300x225.jpg 300w, https:\/\/handbuch.immo-meets-office.com\/wp-content\/uploads\/2015\/09\/Synchronisierungseinstellung-Allgemein.jpg 795w\" sizes=\"auto, (max-width: 300px) 100vw, 300px\" \/><\/a><\/p>\n<p>In der Allgemeinen Konfiguration erhalten Sie die M\u00f6glichkeit, das Intervall zwischen zwei Synchronisierungsvorg\u00e4ngen festzulegen. Wenn Sie keine automatische Synchronisierung w\u00fcnschen, stellen Sie das Intervall auf 0 Minuten.<\/p>\n<p>Sobald ein Synchronisierungsvorgang durchgef\u00fchrt wurde, wartet das AddIn die angegebenen Minuten bis zum n\u00e4chsten Synchronisierungsvorgang.<\/p>\n<p><strong>Dauer eines Synchronisierungsvorgangs<\/strong><\/p>\n<p>Achten Sie bitte darauf, dass die erste Synchronisierung &#8211; wenn Sie bereits viele E-Mails in Ihren Ordnern haben &#8211; sehr lange dauern kann, da alle E-Mails synchronisert werden. Bei nachfolgenden Synchronisierungen werden nur noch neue bzw. ge\u00e4nderte E-Mails ber\u00fccksichtigt.<\/p>\n<p>Die Dauer h\u00e4ngt ebenso davon ab, ob Sie in Ihren Benutzereinstellungen angegeben habe, ob Kontakte und Anlagen mit synchronisert werden sollen.<\/p>\n<p>Bei gro\u00dfen Datenmengen kann es zu Verz\u00f6gerungen in der Bearbeitung einzelner Elemente im Microsoft Outlook kommen!<\/p>\n<p>Daher wird bei gro\u00dfen Datenmengen empfohlen, den ersten Synchronisierungsvorgang \u00fcber Nacht durchzuf\u00fchren.<\/p>\n","protected":false},"excerpt":{"rendered":"<p>Die Synchronisierung gibt Ihnen die M\u00f6glichkeit bestimmte E-Mailordner automatisch in das Easy Office Storage zu \u00fcbertragen. Jetzt synchronisieren F\u00fchrt eine Synchronisierung mit den nachfolgenden Einstellungen&#8230;<\/p>\n<div class=\"more-link-wrapper\"><a class=\"more-link\" href=\"https:\/\/handbuch.immo-meets-office.com\/?page_id=648\">Weiterlesen<span class=\"screen-reader-text\">Synchronisierung<\/span><\/a><\/div>\n","protected":false},"author":1,"featured_media":0,"parent":629,"menu_order":0,"comment_status":"closed","ping_status":"closed","template":"","meta":{"footnotes":""},"class_list":["post-648","page","type-page","status-publish","hentry","entry"],"_links":{"self":[{"href":"https:\/\/handbuch.immo-meets-office.com\/index.php?rest_route=\/wp\/v2\/pages\/648","targetHints":{"allow":["GET"]}}],"collection":[{"href":"https:\/\/handbuch.immo-meets-office.com\/index.php?rest_route=\/wp\/v2\/pages"}],"about":[{"href":"https:\/\/handbuch.immo-meets-office.com\/index.php?rest_route=\/wp\/v2\/types\/page"}],"author":[{"embeddable":true,"href":"https:\/\/handbuch.immo-meets-office.com\/index.php?rest_route=\/wp\/v2\/users\/1"}],"replies":[{"embeddable":true,"href":"https:\/\/handbuch.immo-meets-office.com\/index.php?rest_route=%2Fwp%2Fv2%2Fcomments&post=648"}],"version-history":[{"count":4,"href":"https:\/\/handbuch.immo-meets-office.com\/index.php?rest_route=\/wp\/v2\/pages\/648\/revisions"}],"predecessor-version":[{"id":731,"href":"https:\/\/handbuch.immo-meets-office.com\/index.php?rest_route=\/wp\/v2\/pages\/648\/revisions\/731"}],"up":[{"embeddable":true,"href":"https:\/\/handbuch.immo-meets-office.com\/index.php?rest_route=\/wp\/v2\/pages\/629"}],"wp:attachment":[{"href":"https:\/\/handbuch.immo-meets-office.com\/index.php?rest_route=%2Fwp%2Fv2%2Fmedia&parent=648"}],"curies":[{"name":"wp","href":"https:\/\/api.w.org\/{rel}","templated":true}]}}