{"id":637,"date":"2015-09-10T10:54:36","date_gmt":"2015-09-10T09:54:36","guid":{"rendered":"http:\/\/handbuch.immo-meets-office.de\/?page_id=637"},"modified":"2015-09-15T07:28:51","modified_gmt":"2015-09-15T06:28:51","slug":"mail-ribbon-menue","status":"publish","type":"page","link":"https:\/\/handbuch.immo-meets-office.com\/?page_id=637","title":{"rendered":"Mail Ribbon Men\u00fc"},"content":{"rendered":"<p>Wenn Sie Microsoft Outlook gestartet und eine E-Mail ge\u00f6ffnet haben, erhalten Sie einen zus\u00e4tzlichen Ribbon mit dem Name \u201eEasy Office Storage\u201c.<\/p>\n<p><a href=\"http:\/\/handbuch.immo-meets-office.de\/wp-content\/uploads\/2015\/09\/Mail-Ribbon.jpg\"><img loading=\"lazy\" decoding=\"async\" class=\"alignnone size-medium wp-image-638\" src=\"http:\/\/handbuch.immo-meets-office.de\/wp-content\/uploads\/2015\/09\/Mail-Ribbon-300x92.jpg\" alt=\"Mail Ribbon\" width=\"300\" height=\"92\" srcset=\"https:\/\/handbuch.immo-meets-office.com\/wp-content\/uploads\/2015\/09\/Mail-Ribbon-300x92.jpg 300w, https:\/\/handbuch.immo-meets-office.com\/wp-content\/uploads\/2015\/09\/Mail-Ribbon.jpg 583w\" sizes=\"auto, (max-width: 300px) 100vw, 300px\" \/><\/a><\/p>\n<p><!--more--><\/p>\n<p><strong>Ribbon Men\u00fc<\/strong><\/p>\n<p>Das Ribbon Men\u00fc \u201eEasy Office Storage\u201c enth\u00e4lt folgende Buttons, mit denen Sie folgende Aktionen ausf\u00fchren k\u00f6nnen:<\/p>\n<ul>\n<li>Diese E-Mail jetzt synchronisieren: synchronisiert die aktuelle E-Mail als E-Mail im Easy Office Storage<\/li>\n<li>Antwort erstellen: gibt Ihnen die M\u00f6glichkeit in der Makleraktivierungs-E-Mail noch mal eine Antwort E-Mail mit Expos\u00e9s bzw. Grundrissen zu erstellen<\/li>\n<\/ul>\n","protected":false},"excerpt":{"rendered":"<p>Wenn Sie Microsoft Outlook gestartet und eine E-Mail ge\u00f6ffnet haben, erhalten Sie einen zus\u00e4tzlichen Ribbon mit dem Name \u201eEasy Office Storage\u201c.<\/p>\n","protected":false},"author":1,"featured_media":0,"parent":94,"menu_order":3,"comment_status":"closed","ping_status":"closed","template":"","meta":{"footnotes":""},"class_list":["post-637","page","type-page","status-publish","hentry","entry"],"_links":{"self":[{"href":"https:\/\/handbuch.immo-meets-office.com\/index.php?rest_route=\/wp\/v2\/pages\/637","targetHints":{"allow":["GET"]}}],"collection":[{"href":"https:\/\/handbuch.immo-meets-office.com\/index.php?rest_route=\/wp\/v2\/pages"}],"about":[{"href":"https:\/\/handbuch.immo-meets-office.com\/index.php?rest_route=\/wp\/v2\/types\/page"}],"author":[{"embeddable":true,"href":"https:\/\/handbuch.immo-meets-office.com\/index.php?rest_route=\/wp\/v2\/users\/1"}],"replies":[{"embeddable":true,"href":"https:\/\/handbuch.immo-meets-office.com\/index.php?rest_route=%2Fwp%2Fv2%2Fcomments&post=637"}],"version-history":[{"count":5,"href":"https:\/\/handbuch.immo-meets-office.com\/index.php?rest_route=\/wp\/v2\/pages\/637\/revisions"}],"predecessor-version":[{"id":788,"href":"https:\/\/handbuch.immo-meets-office.com\/index.php?rest_route=\/wp\/v2\/pages\/637\/revisions\/788"}],"up":[{"embeddable":true,"href":"https:\/\/handbuch.immo-meets-office.com\/index.php?rest_route=\/wp\/v2\/pages\/94"}],"wp:attachment":[{"href":"https:\/\/handbuch.immo-meets-office.com\/index.php?rest_route=%2Fwp%2Fv2%2Fmedia&parent=637"}],"curies":[{"name":"wp","href":"https:\/\/api.w.org\/{rel}","templated":true}]}}