{"id":634,"date":"2015-09-10T10:53:54","date_gmt":"2015-09-10T09:53:54","guid":{"rendered":"http:\/\/handbuch.immo-meets-office.de\/?page_id=634"},"modified":"2015-09-15T07:27:51","modified_gmt":"2015-09-15T06:27:51","slug":"kontakt-ribbon-menue","status":"publish","type":"page","link":"https:\/\/handbuch.immo-meets-office.com\/?page_id=634","title":{"rendered":"Kontakt Ribbon Men\u00fc"},"content":{"rendered":"<p>Wenn Sie Microsoft Outlook gestartet und einen Kontakt ge\u00f6ffnet haben, erhalten Sie einen zus\u00e4tzliche Ribbon mit dem Name \u201eEasy Office Storage\u201c.<\/p>\n<p><a href=\"http:\/\/handbuch.immo-meets-office.de\/wp-content\/uploads\/2015\/09\/Kontakt-Ribbon1.jpg\"><img loading=\"lazy\" decoding=\"async\" class=\"alignnone size-medium wp-image-697\" src=\"http:\/\/handbuch.immo-meets-office.de\/wp-content\/uploads\/2015\/09\/Kontakt-Ribbon1-300x82.jpg\" alt=\"Kontakt Ribbon\" width=\"300\" height=\"82\" srcset=\"https:\/\/handbuch.immo-meets-office.com\/wp-content\/uploads\/2015\/09\/Kontakt-Ribbon1-300x82.jpg 300w, https:\/\/handbuch.immo-meets-office.com\/wp-content\/uploads\/2015\/09\/Kontakt-Ribbon1.jpg 738w\" sizes=\"auto, (max-width: 300px) 100vw, 300px\" \/><\/a><\/p>\n<p><!--more--><\/p>\n<p><strong>Ribbon Men\u00fc<\/strong><\/p>\n<p>Das Ribbon Men\u00fc \u201eEasy Office Storage\u201c enth\u00e4lt folgende Buttons, mit denen Sie folgende Aktionen ausf\u00fchren k\u00f6nnen:<\/p>\n<ul>\n<li>Diesen Kontakt jetzt synchronisieren: synchronisiert den aktuellen Kontakt als Adressen Tag im Easy Office Storage<\/li>\n<li>Adresse \u00f6ffnen: \u00f6ffnet den Adressen Tag im Easy Office Storage<\/li>\n<\/ul>\n","protected":false},"excerpt":{"rendered":"<p>Wenn Sie Microsoft Outlook gestartet und einen Kontakt ge\u00f6ffnet haben, erhalten Sie einen zus\u00e4tzliche Ribbon mit dem Name \u201eEasy Office Storage\u201c.<\/p>\n","protected":false},"author":1,"featured_media":0,"parent":94,"menu_order":2,"comment_status":"closed","ping_status":"closed","template":"","meta":{"footnotes":""},"class_list":["post-634","page","type-page","status-publish","hentry","entry"],"_links":{"self":[{"href":"https:\/\/handbuch.immo-meets-office.com\/index.php?rest_route=\/wp\/v2\/pages\/634","targetHints":{"allow":["GET"]}}],"collection":[{"href":"https:\/\/handbuch.immo-meets-office.com\/index.php?rest_route=\/wp\/v2\/pages"}],"about":[{"href":"https:\/\/handbuch.immo-meets-office.com\/index.php?rest_route=\/wp\/v2\/types\/page"}],"author":[{"embeddable":true,"href":"https:\/\/handbuch.immo-meets-office.com\/index.php?rest_route=\/wp\/v2\/users\/1"}],"replies":[{"embeddable":true,"href":"https:\/\/handbuch.immo-meets-office.com\/index.php?rest_route=%2Fwp%2Fv2%2Fcomments&post=634"}],"version-history":[{"count":3,"href":"https:\/\/handbuch.immo-meets-office.com\/index.php?rest_route=\/wp\/v2\/pages\/634\/revisions"}],"predecessor-version":[{"id":700,"href":"https:\/\/handbuch.immo-meets-office.com\/index.php?rest_route=\/wp\/v2\/pages\/634\/revisions\/700"}],"up":[{"embeddable":true,"href":"https:\/\/handbuch.immo-meets-office.com\/index.php?rest_route=\/wp\/v2\/pages\/94"}],"wp:attachment":[{"href":"https:\/\/handbuch.immo-meets-office.com\/index.php?rest_route=%2Fwp%2Fv2%2Fmedia&parent=634"}],"curies":[{"name":"wp","href":"https:\/\/api.w.org\/{rel}","templated":true}]}}