{"id":626,"date":"2015-09-10T10:49:05","date_gmt":"2015-09-10T09:49:05","guid":{"rendered":"http:\/\/handbuch.immo-meets-office.de\/?page_id=626"},"modified":"2015-09-15T06:46:04","modified_gmt":"2015-09-15T05:46:04","slug":"programmstart","status":"publish","type":"page","link":"https:\/\/handbuch.immo-meets-office.com\/?page_id=626","title":{"rendered":"Programmstart"},"content":{"rendered":"<p>Das Microsoft Outlook AddIn wird mit Start des Micrsoft Outlooks ausgef\u00fchrt.<\/p>\n<p>Es gibt hierbei kein eigenes Symbol zum Starten des Programmes.<\/p>\n<p>Aktuell werden nur 32Bit Versionen des Microsoft Outlook &#8211; ab 2007 &#8211; unterst\u00fctzt.<\/p>\n<p><!--more--><\/p>\n<p><strong>Ribbon Men\u00fc<\/strong><\/p>\n<p>Es wird neben den anderen Ribbon Men\u00fcs ein neues Men\u00fc \u201eEasy Office Storage\u201c angezeigt und enth\u00e4lt zus\u00e4tzliche Funktionalit\u00e4ten, die das Microsoft Outlook mit dem Easy Office Storage verbindet bzw. erweitert.<\/p>\n<p><strong>Microsoft Outlook 2007<\/strong><\/p>\n<p>Im Microsoft Outlook 2007 werden keine Ribbon Men\u00fcs angezeigt, da diese erst ab Microsoft Outlook 2010 vorhanden sind:<\/p>\n<p>Die einzelnen Men\u00fcpunkt stehen Ihnen in der Men\u00fcleiste unter Extras als Men\u00fcpunkt zur Verf\u00fcgung.<\/p>\n","protected":false},"excerpt":{"rendered":"<p>Das Microsoft Outlook AddIn wird mit Start des Micrsoft Outlooks ausgef\u00fchrt. Es gibt hierbei kein eigenes Symbol zum Starten des Programmes. Aktuell werden nur 32Bit<\/p>\n<div class=\"more-link-wrapper\"><a class=\"more-link\" href=\"https:\/\/handbuch.immo-meets-office.com\/?page_id=626\">Weiterlesen<span class=\"screen-reader-text\">Programmstart<\/span><\/a><\/div>\n","protected":false},"author":1,"featured_media":0,"parent":94,"menu_order":0,"comment_status":"closed","ping_status":"closed","template":"","meta":{"footnotes":""},"class_list":["post-626","page","type-page","status-publish","hentry","entry"],"_links":{"self":[{"href":"https:\/\/handbuch.immo-meets-office.com\/index.php?rest_route=\/wp\/v2\/pages\/626","targetHints":{"allow":["GET"]}}],"collection":[{"href":"https:\/\/handbuch.immo-meets-office.com\/index.php?rest_route=\/wp\/v2\/pages"}],"about":[{"href":"https:\/\/handbuch.immo-meets-office.com\/index.php?rest_route=\/wp\/v2\/types\/page"}],"author":[{"embeddable":true,"href":"https:\/\/handbuch.immo-meets-office.com\/index.php?rest_route=\/wp\/v2\/users\/1"}],"replies":[{"embeddable":true,"href":"https:\/\/handbuch.immo-meets-office.com\/index.php?rest_route=%2Fwp%2Fv2%2Fcomments&post=626"}],"version-history":[{"count":6,"href":"https:\/\/handbuch.immo-meets-office.com\/index.php?rest_route=\/wp\/v2\/pages\/626\/revisions"}],"predecessor-version":[{"id":783,"href":"https:\/\/handbuch.immo-meets-office.com\/index.php?rest_route=\/wp\/v2\/pages\/626\/revisions\/783"}],"up":[{"embeddable":true,"href":"https:\/\/handbuch.immo-meets-office.com\/index.php?rest_route=\/wp\/v2\/pages\/94"}],"wp:attachment":[{"href":"https:\/\/handbuch.immo-meets-office.com\/index.php?rest_route=%2Fwp%2Fv2%2Fmedia&parent=626"}],"curies":[{"name":"wp","href":"https:\/\/api.w.org\/{rel}","templated":true}]}}