{"id":607,"date":"2015-09-09T15:17:31","date_gmt":"2015-09-09T14:17:31","guid":{"rendered":"http:\/\/handbuch.immo-meets-office.de\/?page_id=607"},"modified":"2015-09-15T07:38:40","modified_gmt":"2015-09-15T06:38:40","slug":"programmstart","status":"publish","type":"page","link":"https:\/\/handbuch.immo-meets-office.com\/?page_id=607","title":{"rendered":"Programmstart"},"content":{"rendered":"<p>Das Microsoft Access AddIn wird mit Start des DOMUS 1000 ausgef\u00fchrt.<\/p>\n<p>Es gibt hierbei kein eigenes Symbol zum Starten des Programmes.<\/p>\n<p><a href=\"http:\/\/handbuch.immo-meets-office.de\/wp-content\/uploads\/2015\/09\/EasyAccessStorage-Ribbon.jpg\"><img loading=\"lazy\" decoding=\"async\" class=\"alignnone size-medium wp-image-608\" src=\"http:\/\/handbuch.immo-meets-office.de\/wp-content\/uploads\/2015\/09\/EasyAccessStorage-Ribbon-300x54.jpg\" alt=\"EasyAccessStorage-Ribbon\" width=\"300\" height=\"54\" srcset=\"https:\/\/handbuch.immo-meets-office.com\/wp-content\/uploads\/2015\/09\/EasyAccessStorage-Ribbon-300x54.jpg 300w, https:\/\/handbuch.immo-meets-office.com\/wp-content\/uploads\/2015\/09\/EasyAccessStorage-Ribbon.jpg 828w\" sizes=\"auto, (max-width: 300px) 100vw, 300px\" \/><\/a><\/p>\n<p><!--more--><\/p>\n<p><strong>Ribbon Men\u00fc<\/strong><\/p>\n<p>Es wird neben den anderen Ribbon Men\u00fcs ein neues Men\u00fc &#8222;Easy Office Storage&#8220; angezeigt und enth\u00e4lt folgende Buttons, die bei ge\u00f6ffnetem DOMUS 1000 Fenster folgende Aktionen ausf\u00fchren:<\/p>\n<ul>\n<li>Adresse \u00f6ffnen: \u00f6ffnet den Adressen Tag im Easy Office Storage\n<ul>\n<li>Adressenfenster<\/li>\n<li>Mieter-\/Eigent\u00fcmerfenster<\/li>\n<\/ul>\n<\/li>\n<li>Objekt \u00f6ffnen: \u00f6ffnet den Objekt Tag im Easy Office Storage\n<ul>\n<li>Objektfenster<\/li>\n<li>Objektfenster -&gt; Register Einheiten<\/li>\n<li>Objektfenster -&gt; Register Mieter\/Eigent\u00fcmer<\/li>\n<li>Mieter-\/Eigent\u00fcmerfenster<\/li>\n<\/ul>\n<\/li>\n<li>Einheit \u00f6ffnen: \u00f6ffnet den Einheiten Tag im Easy Office Storage\n<ul>\n<li>Objektfenster -&gt; Register Einheiten<\/li>\n<li>Mieter-\/Eigent\u00fcmerfenster<\/li>\n<\/ul>\n<\/li>\n<li>Mieter\/Eigent\u00fcmer \u00f6ffnen: \u00f6ffnet den Mieter\/Eigent\u00fcmer Tag im Easy Office Storage\n<ul>\n<li>Mieter-\/Eigent\u00fcmerfenster<\/li>\n<\/ul>\n<\/li>\n<\/ul>\n<p>Beim Aufruf aus dem DOMUS 1000 &#8211; \u00fcber das Men\u00fc &#8211; wird eine neue Instanz des Easy Office Storage ge\u00f6ffnet und der entsprechende Datensatz (Tag) direkt angezeigt.<\/p>\n<p><strong>Voraussetzungen<\/strong><\/p>\n<ul>\n<li>Um diese Funktionalit\u00e4t zu nutzen, m\u00fcssen Sie zuvor die DOMUS 1000 Daten \u00fcber den <a href=\"http:\/\/handbuch.immo-meets-office.de\/?page_id=617\">Easy Database Importer<\/a> in das Easy Office Storage importieren.<\/li>\n<li>Zus\u00e4tzlich m\u00fcssen Sie eine Benutzerfreigabe f\u00fcr den entsprechenden Datensatz erhalten haben.<\/li>\n<\/ul>\n<p>&nbsp;<\/p>\n","protected":false},"excerpt":{"rendered":"<p>Das Microsoft Access AddIn wird mit Start des DOMUS 1000 ausgef\u00fchrt. Es gibt hierbei kein eigenes Symbol zum Starten des Programmes.<\/p>\n","protected":false},"author":1,"featured_media":0,"parent":92,"menu_order":0,"comment_status":"closed","ping_status":"closed","template":"","meta":{"footnotes":""},"class_list":["post-607","page","type-page","status-publish","hentry","entry"],"_links":{"self":[{"href":"https:\/\/handbuch.immo-meets-office.com\/index.php?rest_route=\/wp\/v2\/pages\/607","targetHints":{"allow":["GET"]}}],"collection":[{"href":"https:\/\/handbuch.immo-meets-office.com\/index.php?rest_route=\/wp\/v2\/pages"}],"about":[{"href":"https:\/\/handbuch.immo-meets-office.com\/index.php?rest_route=\/wp\/v2\/types\/page"}],"author":[{"embeddable":true,"href":"https:\/\/handbuch.immo-meets-office.com\/index.php?rest_route=\/wp\/v2\/users\/1"}],"replies":[{"embeddable":true,"href":"https:\/\/handbuch.immo-meets-office.com\/index.php?rest_route=%2Fwp%2Fv2%2Fcomments&post=607"}],"version-history":[{"count":9,"href":"https:\/\/handbuch.immo-meets-office.com\/index.php?rest_route=\/wp\/v2\/pages\/607\/revisions"}],"predecessor-version":[{"id":688,"href":"https:\/\/handbuch.immo-meets-office.com\/index.php?rest_route=\/wp\/v2\/pages\/607\/revisions\/688"}],"up":[{"embeddable":true,"href":"https:\/\/handbuch.immo-meets-office.com\/index.php?rest_route=\/wp\/v2\/pages\/92"}],"wp:attachment":[{"href":"https:\/\/handbuch.immo-meets-office.com\/index.php?rest_route=%2Fwp%2Fv2%2Fmedia&parent=607"}],"curies":[{"name":"wp","href":"https:\/\/api.w.org\/{rel}","templated":true}]}}