{"id":599,"date":"2015-09-09T14:39:59","date_gmt":"2015-09-09T13:39:59","guid":{"rendered":"http:\/\/handbuch.immo-meets-office.de\/?page_id=599"},"modified":"2016-12-23T11:35:23","modified_gmt":"2016-12-23T10:35:23","slug":"erststart","status":"publish","type":"page","link":"https:\/\/handbuch.immo-meets-office.com\/?page_id=599","title":{"rendered":"Programmstart"},"content":{"rendered":"<p><strong>Immo Meets Office &#8211; Easy Office Storage<\/strong><\/p>\n<p><a href=\"http:\/\/handbuch.immo-meets-office.de\/wp-content\/uploads\/2015\/09\/IMO-Easy-Office-Storage1.jpg\"><img loading=\"lazy\" decoding=\"async\" class=\"alignnone size-full wp-image-771\" src=\"http:\/\/handbuch.immo-meets-office.de\/wp-content\/uploads\/2015\/09\/IMO-Easy-Office-Storage1.jpg\" alt=\"IMO Easy Office Storage1\" width=\"155\" height=\"106\" \/><\/a><\/p>\n<p>Das Programm k\u00f6nnen Sie \u00fcber das Symbol Easy Office Storage starten.<\/p>\n<p><!--more--><\/p>\n<p><strong>Erststart<\/strong><\/p>\n<p><a href=\"http:\/\/handbuch.immo-meets-office.de\/wp-content\/uploads\/2015\/09\/Erststart.jpg\"><img loading=\"lazy\" decoding=\"async\" class=\"alignnone size-medium wp-image-603\" src=\"http:\/\/handbuch.immo-meets-office.de\/wp-content\/uploads\/2015\/09\/Erststart-300x241.jpg\" alt=\"Erststart\" width=\"300\" height=\"241\" srcset=\"https:\/\/handbuch.immo-meets-office.com\/wp-content\/uploads\/2015\/09\/Erststart-300x241.jpg 300w, https:\/\/handbuch.immo-meets-office.com\/wp-content\/uploads\/2015\/09\/Erststart.jpg 746w\" sizes=\"auto, (max-width: 300px) 100vw, 300px\" \/><\/a><\/p>\n<p>Nach Installation des Programmes und beim ersten Start erhalten Sie das Fenster zur Servereinstellung.<\/p>\n<p>Bitte geben Sie hier die Informationen zum Microsoft SQL Server ein:<\/p>\n<ul>\n<li>Server: Name des Microsoft SQL Servers bzw. der Instanz\n<ul>\n<li>es kann \u00fcber &lt; durchsuchen &gt; nach Microsoft SQL Server Instanzen gesucht werden<\/li>\n<\/ul>\n<\/li>\n<li>Windows Authentifizierung: w\u00e4hlen Sie die Authentifizierungmethode des Microsoft SQL Servers an\n<ul>\n<li>Benutzer: Benutzername nur bei SQL Server Authentifizierung<\/li>\n<li>Kennwort: Benutzerkennwort nur bei SQL Server Authentifizierung<\/li>\n<\/ul>\n<\/li>\n<\/ul>\n<p>&#8222;Server testen&#8220;: wenn Sie die Serverdaten angegeben haben, k\u00f6nnen Sie die Verbidnung zum Server testen. Wenn die Serveranbindung vorhanden ist, k\u00f6nnen Sie eine bereits bestehende EasyOfficeStorage Datenbank ausw\u00e4hlen, oder eine neue Datenbank erstellen lassen.<\/p>\n<ul>\n<li>Datenbank: w\u00e4hlen Sie eine vorhandene Datenbank aus, oder geben Sie einen neuen Datenbanknamen f\u00fcr das Easy Office Storage an.<\/li>\n<\/ul>\n<p>&#8222;Datenbank testen&#8220;: wenn Sie eine Datenbank angegeben haben, k\u00f6nnen Sie die Datenbank testen. Es erfolgt eine Pr\u00fcfung, ob die Datenbank vorhanden ist, bzw. eine Abfrage, ob Sie eine neue Datenbank mit dem Datenbanknamen anlegen m\u00f6chten.<\/p>\n<p>&#8222;Updatescript \u00f6ffnen&#8220;: wenn Sie eine \u00e4ltere Version des Easy Office Storage haben, k\u00f6nnen Sie hier ein Updatescript \u00f6ffnen, um die Datenbank auf den aktuellsten Stand zu bringen.<\/p>\n<p>&#8222;Speichern&#8220;: wenn Sie die Serverinstellungen vorgenommen haben, k\u00f6nnen Sie diese speichern.<\/p>\n<p>Starten Sie im Anschlu\u00df das Programm erneut, um die <a href=\"http:\/\/handbuch.immo-meets-office.de\/?page_id=281\">Lizenzschl\u00fcssel <\/a>einzugeben.<\/p>\n<p>Pflichtfelder sind mit einem * gekennzeichnet.<\/p>\n<p><strong>Immo Meets Office &#8211; Easy Office Storage &#8211; Config<\/strong><\/p>\n<p><a href=\"http:\/\/handbuch.immo-meets-office.de\/wp-content\/uploads\/2015\/09\/IMO-Easy-Office-Storage-Config1.jpg\"><img loading=\"lazy\" decoding=\"async\" class=\"alignnone size-full wp-image-770\" src=\"http:\/\/handbuch.immo-meets-office.de\/wp-content\/uploads\/2015\/09\/IMO-Easy-Office-Storage-Config1.jpg\" alt=\"IMO Easy Office Storage Config1\" width=\"152\" height=\"112\" srcset=\"https:\/\/handbuch.immo-meets-office.com\/wp-content\/uploads\/2015\/09\/IMO-Easy-Office-Storage-Config1.jpg 152w, https:\/\/handbuch.immo-meets-office.com\/wp-content\/uploads\/2015\/09\/IMO-Easy-Office-Storage-Config1-150x112.jpg 150w\" sizes=\"auto, (max-width: 152px) 100vw, 152px\" \/><\/a><\/p>\n<p>Wenn Sie zu einem sp\u00e4teren Zeitpunkt eine \u00c4nderung der Servereinstellung vornehmen m\u00fcssen, k\u00f6nnen Sie die Servereinstellung \u00fcber das Symbol Easy Office Storage &#8211; Config durchf\u00fchren.<\/p>\n<p>&nbsp;<\/p>\n<p>&nbsp;<\/p>\n","protected":false},"excerpt":{"rendered":"<p>Immo Meets Office &#8211; Easy Office Storage Das Programm k\u00f6nnen Sie \u00fcber das Symbol Easy Office Storage starten.<\/p>\n","protected":false},"author":1,"featured_media":0,"parent":90,"menu_order":0,"comment_status":"closed","ping_status":"closed","template":"","meta":{"footnotes":""},"class_list":["post-599","page","type-page","status-publish","hentry","entry"],"_links":{"self":[{"href":"https:\/\/handbuch.immo-meets-office.com\/index.php?rest_route=\/wp\/v2\/pages\/599","targetHints":{"allow":["GET"]}}],"collection":[{"href":"https:\/\/handbuch.immo-meets-office.com\/index.php?rest_route=\/wp\/v2\/pages"}],"about":[{"href":"https:\/\/handbuch.immo-meets-office.com\/index.php?rest_route=\/wp\/v2\/types\/page"}],"author":[{"embeddable":true,"href":"https:\/\/handbuch.immo-meets-office.com\/index.php?rest_route=\/wp\/v2\/users\/1"}],"replies":[{"embeddable":true,"href":"https:\/\/handbuch.immo-meets-office.com\/index.php?rest_route=%2Fwp%2Fv2%2Fcomments&post=599"}],"version-history":[{"count":11,"href":"https:\/\/handbuch.immo-meets-office.com\/index.php?rest_route=\/wp\/v2\/pages\/599\/revisions"}],"predecessor-version":[{"id":804,"href":"https:\/\/handbuch.immo-meets-office.com\/index.php?rest_route=\/wp\/v2\/pages\/599\/revisions\/804"}],"up":[{"embeddable":true,"href":"https:\/\/handbuch.immo-meets-office.com\/index.php?rest_route=\/wp\/v2\/pages\/90"}],"wp:attachment":[{"href":"https:\/\/handbuch.immo-meets-office.com\/index.php?rest_route=%2Fwp%2Fv2%2Fmedia&parent=599"}],"curies":[{"name":"wp","href":"https:\/\/api.w.org\/{rel}","templated":true}]}}