{"id":39,"date":"2015-04-24T14:20:21","date_gmt":"2015-04-24T13:20:21","guid":{"rendered":"http:\/\/handbuch.immo-meets-office.de\/?page_id=39"},"modified":"2017-02-08T13:48:48","modified_gmt":"2017-02-08T12:48:48","slug":"markenhinweise","status":"publish","type":"page","link":"https:\/\/handbuch.immo-meets-office.com\/?page_id=39","title":{"rendered":"Hinweise"},"content":{"rendered":"<p><strong>Marken\/Namen<\/strong><\/p>\n<p>Alle Marken sind Eigentum der jeweiligen Inhaber.<\/p>\n<p><strong>Online Handbuch<\/strong><\/p>\n<p>Die in diesem Online Handbuch beschriebene Software wird unter Lizenz bereitgestellt und darf nur gem\u00e4\u00df dieser Lizenz verwendet werden.<\/p>\n<p>Die Nutzung oder anderweitige Verwendung dieses Online Handbuches sowie der beschriebenen Software ist nur mit schriftlicher Zustimmung der Immo Meets Office UG (haftungsbeschr\u00e4nkt) gestattet.<\/p>\n<p>Der Autor beh\u00e4lt sich \u00c4nderungen dieses Online Handbuches sowie der beschriebenen Software vor. Der Inhalt dieses Online Handbuches begr\u00fcndet keinerlei Anspr\u00fcche seitens des K\u00e4ufers. Sch\u00e4den, die durch den Gebrauch dieses Online Handbuches entstehen, liegen nicht in der Verantwortung der Immo Meets Office UG (haftungsbeschr\u00e4nkt).<\/p>\n<p>Namen und Daten, die in diesem Online Handbuch als Beispiele genutzt werden, sind frei erfunden. \u00c4hnlichkeiten sind nicht gewollt und daher rein zuf\u00e4llig.<\/p>\n<p>F\u00fcr Verbesserungsvorschl\u00e4ge und Hinweise auf Fehler ist der Autor dankbar.<\/p>\n<p>\u00a9 2017 Immo Meets Office UG (haftungsbeschr\u00e4nkt)<\/p>\n<p>Alle Rechte vorbehalten.<\/p>\n<p>&nbsp;<\/p>\n","protected":false},"excerpt":{"rendered":"<p>Marken\/Namen Alle Marken sind Eigentum der jeweiligen Inhaber. Online Handbuch Die in diesem Online Handbuch beschriebene Software wird unter Lizenz bereitgestellt und darf nur gem\u00e4\u00df&#8230;<\/p>\n<div class=\"more-link-wrapper\"><a class=\"more-link\" href=\"https:\/\/handbuch.immo-meets-office.com\/?page_id=39\">Weiterlesen<span class=\"screen-reader-text\">Hinweise<\/span><\/a><\/div>\n","protected":false},"author":1,"featured_media":0,"parent":0,"menu_order":101,"comment_status":"closed","ping_status":"closed","template":"","meta":{"footnotes":""},"class_list":["post-39","page","type-page","status-publish","hentry","entry"],"_links":{"self":[{"href":"https:\/\/handbuch.immo-meets-office.com\/index.php?rest_route=\/wp\/v2\/pages\/39","targetHints":{"allow":["GET"]}}],"collection":[{"href":"https:\/\/handbuch.immo-meets-office.com\/index.php?rest_route=\/wp\/v2\/pages"}],"about":[{"href":"https:\/\/handbuch.immo-meets-office.com\/index.php?rest_route=\/wp\/v2\/types\/page"}],"author":[{"embeddable":true,"href":"https:\/\/handbuch.immo-meets-office.com\/index.php?rest_route=\/wp\/v2\/users\/1"}],"replies":[{"embeddable":true,"href":"https:\/\/handbuch.immo-meets-office.com\/index.php?rest_route=%2Fwp%2Fv2%2Fcomments&post=39"}],"version-history":[{"count":7,"href":"https:\/\/handbuch.immo-meets-office.com\/index.php?rest_route=\/wp\/v2\/pages\/39\/revisions"}],"predecessor-version":[{"id":820,"href":"https:\/\/handbuch.immo-meets-office.com\/index.php?rest_route=\/wp\/v2\/pages\/39\/revisions\/820"}],"wp:attachment":[{"href":"https:\/\/handbuch.immo-meets-office.com\/index.php?rest_route=%2Fwp%2Fv2%2Fmedia&parent=39"}],"curies":[{"name":"wp","href":"https:\/\/api.w.org\/{rel}","templated":true}]}}