{"id":37,"date":"2015-04-24T14:19:51","date_gmt":"2015-04-24T13:19:51","guid":{"rendered":"http:\/\/handbuch.immo-meets-office.de\/?page_id=37"},"modified":"2023-02-10T10:59:02","modified_gmt":"2023-02-10T09:59:02","slug":"impressum","status":"publish","type":"page","link":"https:\/\/handbuch.immo-meets-office.com\/?page_id=37","title":{"rendered":"Impressum"},"content":{"rendered":"<div class=\"ce_text first block\"><strong>Sitz der Gesellschaft und Gesch\u00e4ftsstelle<\/strong><\/div>\n<div class=\"ce_text first block\">Immo Meets Office UG (haftungsbeschr\u00e4nkt)<br \/>\nEichenstra\u00dfe 217<br \/>\n41747 Viersen<\/p>\n<p>E-Mail: info (at) immo-meets-office (dot) de<br \/>\nWeb: <a href=\"http:\/\/www.immo-meets-office.de\/\">http:\/\/www.immo-meets-office.de<\/a><\/div>\n<div class=\"ce_text block\">\n<p><strong>Gesch\u00e4ftsdaten<\/strong><\/p>\n<p>Gesch\u00e4ftsf\u00fchrer: Romuald Brozi<br \/>\nRegistergericht: Amtsgericht M\u00f6nchengladbach<br \/>\nRegisternummer: HRB 21314<\/p>\n<p><strong>Umsatzsteuer-Identifikationsnummer<\/strong><\/p>\n<p>Ust-ID. Nr.: DE300997312<br \/>\nInhaltlich Verantwortlicher gem\u00e4\u00df \u00a7 55 Abs. 2 RStV: Romuald Brozi (Anschrift siehe oben)<\/p>\n<p><strong>Haftungshinweis<\/strong><\/p>\n<p>Trotz sorgf\u00e4ltiger inhaltlicher Kontrolle \u00fcbernehmen wir keine Haftung f\u00fcr die Inhalte externer Links. F\u00fcr den Inhalt der verlinkten Seiten sind ausschlie\u00dflich deren Betreiber verantwortlich.<\/p>\n<\/div>\n","protected":false},"excerpt":{"rendered":"<p>Sitz der Gesellschaft und Gesch\u00e4ftsstelle Immo Meets Office UG (haftungsbeschr\u00e4nkt) Eichenstra\u00dfe 217 41747 Viersen E-Mail: info (at) immo-meets-office (dot) de Web: http:\/\/www.immo-meets-office.de Gesch\u00e4ftsdaten Gesch\u00e4ftsf\u00fchrer: Romuald&#8230;<\/p>\n<div class=\"more-link-wrapper\"><a class=\"more-link\" href=\"https:\/\/handbuch.immo-meets-office.com\/?page_id=37\">Weiterlesen<span class=\"screen-reader-text\">Impressum<\/span><\/a><\/div>\n","protected":false},"author":1,"featured_media":0,"parent":0,"menu_order":100,"comment_status":"closed","ping_status":"closed","template":"","meta":{"footnotes":""},"class_list":["post-37","page","type-page","status-publish","hentry","entry"],"_links":{"self":[{"href":"https:\/\/handbuch.immo-meets-office.com\/index.php?rest_route=\/wp\/v2\/pages\/37","targetHints":{"allow":["GET"]}}],"collection":[{"href":"https:\/\/handbuch.immo-meets-office.com\/index.php?rest_route=\/wp\/v2\/pages"}],"about":[{"href":"https:\/\/handbuch.immo-meets-office.com\/index.php?rest_route=\/wp\/v2\/types\/page"}],"author":[{"embeddable":true,"href":"https:\/\/handbuch.immo-meets-office.com\/index.php?rest_route=\/wp\/v2\/users\/1"}],"replies":[{"embeddable":true,"href":"https:\/\/handbuch.immo-meets-office.com\/index.php?rest_route=%2Fwp%2Fv2%2Fcomments&post=37"}],"version-history":[{"count":21,"href":"https:\/\/handbuch.immo-meets-office.com\/index.php?rest_route=\/wp\/v2\/pages\/37\/revisions"}],"predecessor-version":[{"id":903,"href":"https:\/\/handbuch.immo-meets-office.com\/index.php?rest_route=\/wp\/v2\/pages\/37\/revisions\/903"}],"wp:attachment":[{"href":"https:\/\/handbuch.immo-meets-office.com\/index.php?rest_route=%2Fwp%2Fv2%2Fmedia&parent=37"}],"curies":[{"name":"wp","href":"https:\/\/api.w.org\/{rel}","templated":true}]}}