{"id":309,"date":"2015-09-02T19:45:46","date_gmt":"2015-09-02T18:45:46","guid":{"rendered":"http:\/\/handbuch.immo-meets-office.de\/?page_id=309"},"modified":"2015-09-15T13:58:11","modified_gmt":"2015-09-15T12:58:11","slug":"kameras","status":"publish","type":"page","link":"https:\/\/handbuch.immo-meets-office.com\/?page_id=309","title":{"rendered":"Kamera"},"content":{"rendered":"<p><strong>Kamera<\/strong><\/p>\n<p><a href=\"http:\/\/handbuch.immo-meets-office.de\/wp-content\/uploads\/2015\/09\/Kamera-Import.jpg\"><img loading=\"lazy\" decoding=\"async\" class=\"alignnone size-medium wp-image-475\" src=\"http:\/\/handbuch.immo-meets-office.de\/wp-content\/uploads\/2015\/09\/Kamera-Import-300x245.jpg\" alt=\"Kamera-Import\" width=\"300\" height=\"245\" srcset=\"https:\/\/handbuch.immo-meets-office.com\/wp-content\/uploads\/2015\/09\/Kamera-Import-300x245.jpg 300w, https:\/\/handbuch.immo-meets-office.com\/wp-content\/uploads\/2015\/09\/Kamera-Import.jpg 752w\" sizes=\"auto, (max-width: 300px) 100vw, 300px\" \/><\/a><\/p>\n<p>Wenn Sie eine Kamera gew\u00e4hlt haben, wird Ihnen das Importfenster f\u00fcr Kameras angezeigt, mit dem von Ihnen gew\u00e4hlten Ger\u00e4t (Kamera).<\/p>\n<p>Die vorhandenen Bilder werden automatisch vom Ger\u00e4t importiert und in der Baumstruktur angezeigt.<\/p>\n<p><a href=\"http:\/\/handbuch.immo-meets-office.de\/wp-content\/uploads\/2015\/09\/Kamera-Bild.jpg\"><img loading=\"lazy\" decoding=\"async\" class=\"alignnone size-medium wp-image-476\" src=\"http:\/\/handbuch.immo-meets-office.de\/wp-content\/uploads\/2015\/09\/Kamera-Bild-300x220.jpg\" alt=\"Kamera-Bild\" width=\"300\" height=\"220\" srcset=\"https:\/\/handbuch.immo-meets-office.com\/wp-content\/uploads\/2015\/09\/Kamera-Bild-300x220.jpg 300w, https:\/\/handbuch.immo-meets-office.com\/wp-content\/uploads\/2015\/09\/Kamera-Bild.jpg 739w\" sizes=\"auto, (max-width: 300px) 100vw, 300px\" \/><\/a><\/p>\n<p>Wenn das Laden der Bilder abgeschlossen ist, k\u00f6nnen Sie die Bilder markieren (Haken in der Baumstruktur), welche importiert werden sollen. Wenn Sie die Bilder markiert haben, klicken Sie das Symbol zum Speichern der Bilder an. Diese werden dann in den Bilder Storage importiert und k\u00f6nnen dort weiter bearbeitet werden.<\/p>\n<p>Wenn Sie das Fenster schlie\u00dfen, ohne die vorhandenen Bilder zu speichern, werden diese nicht importiert und verworfen!<\/p>\n","protected":false},"excerpt":{"rendered":"<p>Kamera Wenn Sie eine Kamera gew\u00e4hlt haben, wird Ihnen das Importfenster f\u00fcr Kameras angezeigt, mit dem von Ihnen gew\u00e4hlten Ger\u00e4t (Kamera). Die vorhandenen Bilder werden&#8230;<\/p>\n<div class=\"more-link-wrapper\"><a class=\"more-link\" href=\"https:\/\/handbuch.immo-meets-office.com\/?page_id=309\">Weiterlesen<span class=\"screen-reader-text\">Kamera<\/span><\/a><\/div>\n","protected":false},"author":1,"featured_media":0,"parent":273,"menu_order":1,"comment_status":"closed","ping_status":"closed","template":"","meta":{"footnotes":""},"class_list":["post-309","page","type-page","status-publish","hentry","entry"],"_links":{"self":[{"href":"https:\/\/handbuch.immo-meets-office.com\/index.php?rest_route=\/wp\/v2\/pages\/309","targetHints":{"allow":["GET"]}}],"collection":[{"href":"https:\/\/handbuch.immo-meets-office.com\/index.php?rest_route=\/wp\/v2\/pages"}],"about":[{"href":"https:\/\/handbuch.immo-meets-office.com\/index.php?rest_route=\/wp\/v2\/types\/page"}],"author":[{"embeddable":true,"href":"https:\/\/handbuch.immo-meets-office.com\/index.php?rest_route=\/wp\/v2\/users\/1"}],"replies":[{"embeddable":true,"href":"https:\/\/handbuch.immo-meets-office.com\/index.php?rest_route=%2Fwp%2Fv2%2Fcomments&post=309"}],"version-history":[{"count":3,"href":"https:\/\/handbuch.immo-meets-office.com\/index.php?rest_route=\/wp\/v2\/pages\/309\/revisions"}],"predecessor-version":[{"id":799,"href":"https:\/\/handbuch.immo-meets-office.com\/index.php?rest_route=\/wp\/v2\/pages\/309\/revisions\/799"}],"up":[{"embeddable":true,"href":"https:\/\/handbuch.immo-meets-office.com\/index.php?rest_route=\/wp\/v2\/pages\/273"}],"wp:attachment":[{"href":"https:\/\/handbuch.immo-meets-office.com\/index.php?rest_route=%2Fwp%2Fv2%2Fmedia&parent=309"}],"curies":[{"name":"wp","href":"https:\/\/api.w.org\/{rel}","templated":true}]}}