{"id":307,"date":"2015-09-02T19:44:43","date_gmt":"2015-09-02T18:44:43","guid":{"rendered":"http:\/\/handbuch.immo-meets-office.de\/?page_id=307"},"modified":"2015-09-20T14:43:45","modified_gmt":"2015-09-20T13:43:45","slug":"scanner","status":"publish","type":"page","link":"https:\/\/handbuch.immo-meets-office.com\/?page_id=307","title":{"rendered":"Scanner"},"content":{"rendered":"<p><strong>Scanner<\/strong><\/p>\n<p><em><strong>Aktuell werden nur Flachbett-Scanner unterst\u00fctzt.<\/strong><\/em><\/p>\n<p><a href=\"http:\/\/handbuch.immo-meets-office.de\/wp-content\/uploads\/2015\/09\/Scanner-Import.jpg\"><img loading=\"lazy\" decoding=\"async\" class=\"alignnone size-medium wp-image-473\" src=\"http:\/\/handbuch.immo-meets-office.de\/wp-content\/uploads\/2015\/09\/Scanner-Import-300x247.jpg\" alt=\"Scanner-Import\" width=\"300\" height=\"247\" srcset=\"https:\/\/handbuch.immo-meets-office.com\/wp-content\/uploads\/2015\/09\/Scanner-Import-300x247.jpg 300w, https:\/\/handbuch.immo-meets-office.com\/wp-content\/uploads\/2015\/09\/Scanner-Import.jpg 754w\" sizes=\"auto, (max-width: 300px) 100vw, 300px\" \/><\/a><\/p>\n<p>Wenn Sie einen Scanner gew\u00e4hlt haben, wird Ihnen das Importfenster f\u00fcr Scanner angezeigt, mit dem von Ihnen gew\u00e4hlten Scanner.<\/p>\n<p>Um Dokumente zu scannen, legen Sie das Dokument ein und klicken Sie auf das Symbol des Scanners.<\/p>\n<p>Der Scannvorgang wird ausgef\u00fchrt und das Dokument wird als Bild &#8211; anhand Ihrer Benutzereinstellung &#8211; eingelesen und unter dem Ger\u00e4t angezeigt.<\/p>\n<p><a href=\"http:\/\/handbuch.immo-meets-office.de\/wp-content\/uploads\/2015\/09\/Scanner-Dockument.jpg\"><img loading=\"lazy\" decoding=\"async\" class=\"alignnone size-medium wp-image-474\" src=\"http:\/\/handbuch.immo-meets-office.de\/wp-content\/uploads\/2015\/09\/Scanner-Dockument-300x208.jpg\" alt=\"Scanner-Dockument\" width=\"300\" height=\"208\" srcset=\"https:\/\/handbuch.immo-meets-office.com\/wp-content\/uploads\/2015\/09\/Scanner-Dockument-300x208.jpg 300w, https:\/\/handbuch.immo-meets-office.com\/wp-content\/uploads\/2015\/09\/Scanner-Dockument.jpg 740w\" sizes=\"auto, (max-width: 300px) 100vw, 300px\" \/><\/a><\/p>\n<p>Um in die Vorschau des Dokumentes zu gelangen, klicken Sie in der Baumstruktur auf den Eintrag.<\/p>\n<p>Sie k\u00f6nnen mehrere Dokumente scannen. Diese werden Ihnen einzeln unter dem Ger\u00e4t als Eintrag angezeigt.<\/p>\n<p>Wenn Sie den Scannvorgang abgeschlossen haben, k\u00f6nnen Sie die Dokumente markieren (Haken in der Baumstruktur), die importiert werden sollen. Wenn Sie die Dokumente markiert haben, klicken Sie das Symbol zum Speichern der Dokumente an. Diese werden dann in den Bilder Storage importiert und k\u00f6nnen dort weiter bearbeitet werden.<\/p>\n<p>Wenn Sie das Fenster schlie\u00dfen, ohne die vorhandenen Dokumente zu speichern, werden diese nicht importiert und verworfen!<\/p>\n","protected":false},"excerpt":{"rendered":"<p>Scanner Aktuell werden nur Flachbett-Scanner unterst\u00fctzt. Wenn Sie einen Scanner gew\u00e4hlt haben, wird Ihnen das Importfenster f\u00fcr Scanner angezeigt, mit dem von Ihnen gew\u00e4hlten Scanner.&#8230;<\/p>\n<div class=\"more-link-wrapper\"><a class=\"more-link\" href=\"https:\/\/handbuch.immo-meets-office.com\/?page_id=307\">Weiterlesen<span class=\"screen-reader-text\">Scanner<\/span><\/a><\/div>\n","protected":false},"author":1,"featured_media":0,"parent":273,"menu_order":0,"comment_status":"closed","ping_status":"closed","template":"","meta":{"footnotes":""},"class_list":["post-307","page","type-page","status-publish","hentry","entry"],"_links":{"self":[{"href":"https:\/\/handbuch.immo-meets-office.com\/index.php?rest_route=\/wp\/v2\/pages\/307","targetHints":{"allow":["GET"]}}],"collection":[{"href":"https:\/\/handbuch.immo-meets-office.com\/index.php?rest_route=\/wp\/v2\/pages"}],"about":[{"href":"https:\/\/handbuch.immo-meets-office.com\/index.php?rest_route=\/wp\/v2\/types\/page"}],"author":[{"embeddable":true,"href":"https:\/\/handbuch.immo-meets-office.com\/index.php?rest_route=\/wp\/v2\/users\/1"}],"replies":[{"embeddable":true,"href":"https:\/\/handbuch.immo-meets-office.com\/index.php?rest_route=%2Fwp%2Fv2%2Fcomments&post=307"}],"version-history":[{"count":2,"href":"https:\/\/handbuch.immo-meets-office.com\/index.php?rest_route=\/wp\/v2\/pages\/307\/revisions"}],"predecessor-version":[{"id":797,"href":"https:\/\/handbuch.immo-meets-office.com\/index.php?rest_route=\/wp\/v2\/pages\/307\/revisions\/797"}],"up":[{"embeddable":true,"href":"https:\/\/handbuch.immo-meets-office.com\/index.php?rest_route=\/wp\/v2\/pages\/273"}],"wp:attachment":[{"href":"https:\/\/handbuch.immo-meets-office.com\/index.php?rest_route=%2Fwp%2Fv2%2Fmedia&parent=307"}],"curies":[{"name":"wp","href":"https:\/\/api.w.org\/{rel}","templated":true}]}}