{"id":304,"date":"2015-09-02T19:41:11","date_gmt":"2015-09-02T18:41:11","guid":{"rendered":"http:\/\/handbuch.immo-meets-office.de\/?page_id=304"},"modified":"2015-09-20T14:34:13","modified_gmt":"2015-09-20T13:34:13","slug":"tags-stammdaten","status":"publish","type":"page","link":"https:\/\/handbuch.immo-meets-office.com\/?page_id=304","title":{"rendered":"Tag(s) Stammdaten"},"content":{"rendered":"<p>\u00dcber Explorer -&gt; Register Suche nach Tag(s) oder Explorer -&gt; Strukturierte Tag(s) und der Auswahl eines Datensatzes gelangen Sie in die Tag(s).<\/p>\n<p><a href=\"http:\/\/handbuch.immo-meets-office.de\/wp-content\/uploads\/2015\/09\/Explorer-Tags.jpg\"><img loading=\"lazy\" decoding=\"async\" class=\"alignnone size-medium wp-image-369\" src=\"http:\/\/handbuch.immo-meets-office.de\/wp-content\/uploads\/2015\/09\/Explorer-Tags-300x159.jpg\" alt=\"Explorer-Tag(s)\" width=\"300\" height=\"159\" srcset=\"https:\/\/handbuch.immo-meets-office.com\/wp-content\/uploads\/2015\/09\/Explorer-Tags-300x159.jpg 300w, https:\/\/handbuch.immo-meets-office.com\/wp-content\/uploads\/2015\/09\/Explorer-Tags-1024x543.jpg 1024w, https:\/\/handbuch.immo-meets-office.com\/wp-content\/uploads\/2015\/09\/Explorer-Tags.jpg 1920w\" sizes=\"auto, (max-width: 300px) 100vw, 300px\" \/><\/a><\/p>\n<p><!--more--><\/p>\n<p><strong>Tag(s) Stammdaten<\/strong><\/p>\n<p><a href=\"http:\/\/handbuch.immo-meets-office.de\/wp-content\/uploads\/2015\/09\/Tag.jpg\"><img loading=\"lazy\" decoding=\"async\" class=\"alignnone size-medium wp-image-368\" src=\"http:\/\/handbuch.immo-meets-office.de\/wp-content\/uploads\/2015\/09\/Tag-300x181.jpg\" alt=\"Tag\" width=\"300\" height=\"181\" srcset=\"https:\/\/handbuch.immo-meets-office.com\/wp-content\/uploads\/2015\/09\/Tag-300x181.jpg 300w, https:\/\/handbuch.immo-meets-office.com\/wp-content\/uploads\/2015\/09\/Tag-1024x618.jpg 1024w, https:\/\/handbuch.immo-meets-office.com\/wp-content\/uploads\/2015\/09\/Tag.jpg 1539w\" sizes=\"auto, (max-width: 300px) 100vw, 300px\" \/><\/a><\/p>\n<p>Als Tag wird im Programm ein Stammdatenbereich bezeichnet.<\/p>\n<p>Tag(s) sind in erster Linie:<\/p>\n<ul>\n<li>Schlagworte<\/li>\n<li>Merkmale<\/li>\n<li>Attribute<\/li>\n<li>Eigenschaften<\/li>\n<li>&#8230;<\/li>\n<\/ul>\n<p>Es reicht an dieser Stelle aus, wenn Sie einem Tag einen Namen geben, um diesen in den Storages (E-Mail, Dokumente, Bilder, Gespr\u00e4chsnotizen) einem Datensatz zuzuordnen.<\/p>\n<p><strong>Tag<\/strong><\/p>\n<p><a href=\"http:\/\/handbuch.immo-meets-office.de\/wp-content\/uploads\/2015\/09\/Tag-Header.jpg\"><img loading=\"lazy\" decoding=\"async\" class=\"alignnone size-medium wp-image-370\" src=\"http:\/\/handbuch.immo-meets-office.de\/wp-content\/uploads\/2015\/09\/Tag-Header-300x36.jpg\" alt=\"Tag-Header\" width=\"300\" height=\"36\" srcset=\"https:\/\/handbuch.immo-meets-office.com\/wp-content\/uploads\/2015\/09\/Tag-Header-300x36.jpg 300w, https:\/\/handbuch.immo-meets-office.com\/wp-content\/uploads\/2015\/09\/Tag-Header-1024x125.jpg 1024w, https:\/\/handbuch.immo-meets-office.com\/wp-content\/uploads\/2015\/09\/Tag-Header.jpg 1538w\" sizes=\"auto, (max-width: 300px) 100vw, 300px\" \/><\/a><\/p>\n<ul>\n<li>Art: legt bei Neuanlage eines Tag(s) die Zuordnung zu einer Art fest<\/li>\n<li>Besitzer: gibt an, wer diesen Tag angelegt hat und wer (au\u00dfer dem Administrator) diesen wieder l\u00f6schen darf<\/li>\n<li>Bezeichnung: legt den Namen des Tag(s) fest<\/li>\n<li>Untergeordnet: legt fest, welchem Tag dieser Tag untergeordnet ist\n<ul>\n<li>\u00dcber den Button erhalten Sie ein Suchfenster (Suche nach Tag(s)), um einen Tag auszuw\u00e4hlen<\/li>\n<\/ul>\n<\/li>\n<li>Onlinefreigabe: legt fest, ob dieser Tag(s) Online synchronisiert werden soll<\/li>\n<\/ul>\n<p>Bitte f\u00fcllen Sie alle mit * gekennzeichneten Felder aus.<\/p>\n<p><strong>Details<\/strong><\/p>\n<p><a href=\"http:\/\/handbuch.immo-meets-office.de\/wp-content\/uploads\/2015\/09\/Tag-Details.jpg\"><img loading=\"lazy\" decoding=\"async\" class=\"alignnone size-medium wp-image-371\" src=\"http:\/\/handbuch.immo-meets-office.de\/wp-content\/uploads\/2015\/09\/Tag-Details-300x144.jpg\" alt=\"Tag-Details\" width=\"300\" height=\"144\" srcset=\"https:\/\/handbuch.immo-meets-office.com\/wp-content\/uploads\/2015\/09\/Tag-Details-300x144.jpg 300w, https:\/\/handbuch.immo-meets-office.com\/wp-content\/uploads\/2015\/09\/Tag-Details-1024x490.jpg 1024w, https:\/\/handbuch.immo-meets-office.com\/wp-content\/uploads\/2015\/09\/Tag-Details.jpg 1537w\" sizes=\"auto, (max-width: 300px) 100vw, 300px\" \/><\/a><\/p>\n<p>In den Details befinden sich die dynmiaschen Felder, die Sie bearbeiten k\u00f6nnen. Die dynamischen Felder sowie Gruppen und Ordner k\u00f6nnen Sie zu den einzelnen Arten frei definieren.<\/p>\n<p><em>Context Men\u00fc (rechte Maustatse)<\/em><\/p>\n<ul>\n<li>&#8222;ausgew\u00e4hlten Tag \u00f6ffnen&#8220; steht nur zur Verf\u00fcgung, wenn die Feldart (Datentyp) des gew\u00e4hlten dynamischen Feldes eine Tagauswahl ist, und \u00f6ffnet den hinterlegten Tag in einem neuen Fenster<\/li>\n<li>&#8222;ausgew\u00e4hltes (Datum-)Feld auf Wiedervorlage setzen&#8220; steht nur zur Verf\u00fcgung, wenn die Feldart (Datentyp) des gew\u00e4hlten dynamischen Feldes ein Datum ist, und setzt den gew\u00e4hlten Tag zu diesem Datum auf die Wiedervorlage<\/li>\n<li>&#8222;alle Details aktualisieren&#8220; aktualisiert die Liste<\/li>\n<\/ul>\n<p>Die dynamischen Felder werden dazu innerhalb der zugeordneten Gruppen dargestellt und lassen sich durch Klicken auf die Spalten\u00fcberschrift innerhalb der Gruppe sortieren.<\/p>\n<ul>\n<li>Nur belegte Felder anzeigen: legt fest, ob nur belegte\u00a0oder alle dynamischen Felder angezeigt werden sollen<\/li>\n<li>Systemfelder anzeigen: legt fest, ob die Systemfelder &#8211; wenn vorhanden &#8211; angezeigt werden sollen, diese werden nur durch Datenimporte gef\u00fcllt<\/li>\n<\/ul>\n<p>W\u00e4hlen Sie ein dynamisches Feld aus der Liste.<\/p>\n<p><a href=\"http:\/\/handbuch.immo-meets-office.de\/wp-content\/uploads\/2015\/09\/Tag-Detail-Select.jpg\"><img loading=\"lazy\" decoding=\"async\" class=\"alignnone size-medium wp-image-372\" src=\"http:\/\/handbuch.immo-meets-office.de\/wp-content\/uploads\/2015\/09\/Tag-Detail-Select-300x220.jpg\" alt=\"Tag-Detail-Select\" width=\"300\" height=\"220\" srcset=\"https:\/\/handbuch.immo-meets-office.com\/wp-content\/uploads\/2015\/09\/Tag-Detail-Select-300x220.jpg 300w, https:\/\/handbuch.immo-meets-office.com\/wp-content\/uploads\/2015\/09\/Tag-Detail-Select.jpg 976w\" sizes=\"auto, (max-width: 300px) 100vw, 300px\" \/><\/a><\/p>\n<p>Je nach Feldart (Datentyp) wird Ihnen auf der rechten Fensterseite das entsprechende dynamische Feld und die Eingabem\u00f6glichkeit angezeigt.<\/p>\n<p><a href=\"http:\/\/handbuch.immo-meets-office.de\/wp-content\/uploads\/2015\/09\/Tag-Detail-Header.jpg\"><img loading=\"lazy\" decoding=\"async\" class=\"alignnone size-medium wp-image-373\" src=\"http:\/\/handbuch.immo-meets-office.de\/wp-content\/uploads\/2015\/09\/Tag-Detail-Header-234x300.jpg\" alt=\"Tag-Detail-Header\" width=\"234\" height=\"300\" srcset=\"https:\/\/handbuch.immo-meets-office.com\/wp-content\/uploads\/2015\/09\/Tag-Detail-Header-234x300.jpg 234w, https:\/\/handbuch.immo-meets-office.com\/wp-content\/uploads\/2015\/09\/Tag-Detail-Header.jpg 552w\" sizes=\"auto, (max-width: 234px) 100vw, 234px\" \/><\/a><\/p>\n<ul>\n<li>Sortierung: zeigt die Sortierung innerhalb der Gruppe an<\/li>\n<li>Feldname: zeigt den Namen des dynamischen Feldes an<\/li>\n<li>Feldwert: legt den Feldwert des dynamischen Feldes fest<\/li>\n<li>Feldinfo: zeigt eine Information zum dynamischen Feld und dessen Datentyp an<\/li>\n<\/ul>\n<p><strong>Strukturierte Tag(s)<\/strong><\/p>\n<p><a href=\"http:\/\/handbuch.immo-meets-office.de\/wp-content\/uploads\/2015\/09\/Tag-Strukturierte-Tags.jpg\"><img loading=\"lazy\" decoding=\"async\" class=\"alignnone size-medium wp-image-375\" src=\"http:\/\/handbuch.immo-meets-office.de\/wp-content\/uploads\/2015\/09\/Tag-Strukturierte-Tags-300x144.jpg\" alt=\"Tag-Strukturierte Tags\" width=\"300\" height=\"144\" srcset=\"https:\/\/handbuch.immo-meets-office.com\/wp-content\/uploads\/2015\/09\/Tag-Strukturierte-Tags-300x144.jpg 300w, https:\/\/handbuch.immo-meets-office.com\/wp-content\/uploads\/2015\/09\/Tag-Strukturierte-Tags-1024x490.jpg 1024w, https:\/\/handbuch.immo-meets-office.com\/wp-content\/uploads\/2015\/09\/Tag-Strukturierte-Tags.jpg 1524w\" sizes=\"auto, (max-width: 300px) 100vw, 300px\" \/><\/a><\/p>\n<p>Hierbei erfolgt die Anzeige in einer Baumstruktur, ob unterhalb dieses Tag(s) weitere Tag(s) zugeordnet sind.<\/p>\n<p><em>Context Men\u00fc (rechte Maustatse)<\/em><\/p>\n<ul>\n<li>&#8222;alle Tag(s) aktualisieren&#8220; aktualisiert die Baumstruktur<\/li>\n<\/ul>\n<p>Mit einem Doppelklick auf einen Tag, wird dieser in einem neuen Fenster ge\u00f6ffnet.<\/p>\n<p><strong>E-Mail<\/strong><\/p>\n<p><a href=\"http:\/\/handbuch.immo-meets-office.de\/wp-content\/uploads\/2015\/09\/Tag-E_Mail.jpg\"><img loading=\"lazy\" decoding=\"async\" class=\"alignnone size-medium wp-image-377\" src=\"http:\/\/handbuch.immo-meets-office.de\/wp-content\/uploads\/2015\/09\/Tag-E_Mail-300x143.jpg\" alt=\"Tag-E_Mail\" width=\"300\" height=\"143\" srcset=\"https:\/\/handbuch.immo-meets-office.com\/wp-content\/uploads\/2015\/09\/Tag-E_Mail-300x143.jpg 300w, https:\/\/handbuch.immo-meets-office.com\/wp-content\/uploads\/2015\/09\/Tag-E_Mail-1024x489.jpg 1024w, https:\/\/handbuch.immo-meets-office.com\/wp-content\/uploads\/2015\/09\/Tag-E_Mail.jpg 1531w\" sizes=\"auto, (max-width: 300px) 100vw, 300px\" \/><\/a><\/p>\n<p>Im Unterschied zu dem <a href=\"http:\/\/handbuch.immo-meets-office.de\/?page_id=247\">E-Mail Storage<\/a> aus dem Explorer werden Ihnen hier nur die E-Mails angezeigt, die diesem Tag zugeordnet wurden, sowie die Anzeige der Ordner als Baumstruktur und als Register im unteren Fensterbereich.<\/p>\n<p>Sie k\u00f6nnen eine E-Mail in einen Ordner verschieben, um eine weitere Strukturierung vorzunehmen.<\/p>\n<p><em>Drag and Drop<\/em><\/p>\n<p>Ziehen Sie eine E-Mail in einen Ordner, um diese einem Ordner zuzuordnen, oder verwenden Sie das Register Ordner.<\/p>\n<p><em>Ordner<\/em><\/p>\n<p>Um die Anzeige der E-Mails zu filtern, w\u00e4hlen Sie einen Ordner, den Sie in den Tag(s) Ordner f\u00fcr diese Art angelegt haben.<\/p>\n<p>Zwei Ordner werden immer angezeigt:<\/p>\n<ul>\n<li>&#8222;-&gt; alle &lt;-&#8220; zeigt alle E-Mails an<\/li>\n<li>&#8222;-&gt; unsortiert &lt;-&#8220; zeigt alle E-Mails an, die keinem Ordner zugeordnet sind<\/li>\n<\/ul>\n<p><strong>Dokumente<\/strong><\/p>\n<p><a href=\"http:\/\/handbuch.immo-meets-office.de\/wp-content\/uploads\/2015\/09\/Tag-Dokumente.jpg\"><img loading=\"lazy\" decoding=\"async\" class=\"alignnone size-medium wp-image-378\" src=\"http:\/\/handbuch.immo-meets-office.de\/wp-content\/uploads\/2015\/09\/Tag-Dokumente-300x143.jpg\" alt=\"Tag-Dokumente\" width=\"300\" height=\"143\" srcset=\"https:\/\/handbuch.immo-meets-office.com\/wp-content\/uploads\/2015\/09\/Tag-Dokumente-300x143.jpg 300w, https:\/\/handbuch.immo-meets-office.com\/wp-content\/uploads\/2015\/09\/Tag-Dokumente-1024x490.jpg 1024w, https:\/\/handbuch.immo-meets-office.com\/wp-content\/uploads\/2015\/09\/Tag-Dokumente.jpg 1533w\" sizes=\"auto, (max-width: 300px) 100vw, 300px\" \/><\/a><\/p>\n<p>Im Unterschied zu dem <a href=\"http:\/\/handbuch.immo-meets-office.de\/?page_id=249\">Dokumenten Storage<\/a> aus dem Explorer werden Ihnen hier nur die Dokumente angezeigt, die diesem Tag zugeordnet wurden, sowie die Anzeige der Ordner als Baumstruktur und als Register im unteren Fensterbereich.<\/p>\n<p>Sie k\u00f6nnen ein Dokument in einen Ordner verschieben, um eine weitere Strukturierung vorzunehmen.<\/p>\n<p><em>Drag and Drop<\/em><\/p>\n<p>Ziehen Sie ein Dokument in einen Ordner, um dieses einem Ordner zuzuordnen, oder verwenden Sie das Register Ordner.<\/p>\n<p><em>Ordner<\/em><\/p>\n<p>Um die Anzeige der Dokumente zu filtern, w\u00e4hlen Sie dazu einen Ordner, den Sie in den Tag(s) Ordner f\u00fcr diese Art angelegt haben.<\/p>\n<p>Zwei Ordner werden immer angezeigt:<\/p>\n<ul>\n<li>&#8222;-&gt; alle &lt;-&#8220; zeigt alle Dokumente an<\/li>\n<li>&#8222;-&gt; unsortiert &lt;-&#8220; zeigt alle Dokumente an, die keinem Ordner zugeordnet sind<\/li>\n<\/ul>\n<p><strong>Bilder<\/strong><\/p>\n<p><a href=\"http:\/\/handbuch.immo-meets-office.de\/wp-content\/uploads\/2015\/09\/Tag-Bilder.jpg\"><img loading=\"lazy\" decoding=\"async\" class=\"alignnone size-medium wp-image-379\" src=\"http:\/\/handbuch.immo-meets-office.de\/wp-content\/uploads\/2015\/09\/Tag-Bilder-300x143.jpg\" alt=\"Tag-Bilder\" width=\"300\" height=\"143\" srcset=\"https:\/\/handbuch.immo-meets-office.com\/wp-content\/uploads\/2015\/09\/Tag-Bilder-300x143.jpg 300w, https:\/\/handbuch.immo-meets-office.com\/wp-content\/uploads\/2015\/09\/Tag-Bilder-1024x489.jpg 1024w, https:\/\/handbuch.immo-meets-office.com\/wp-content\/uploads\/2015\/09\/Tag-Bilder.jpg 1535w\" sizes=\"auto, (max-width: 300px) 100vw, 300px\" \/><\/a><\/p>\n<p>Im Unterschied zu dem <a href=\"http:\/\/handbuch.immo-meets-office.de\/?page_id=251\">Bilder Storage<\/a> aus dem Explorer werden Ihnen hier nur die Bilder angezeigt, die diesem Tag zugeordnet wurden, sowie die Anzeige der Ordner als Baumstruktur und als Register im unteren Fensterbereich.<\/p>\n<p>Sie k\u00f6nnen ein Bild in einen Ordner verschieben, um eine weitere Strukturierung vorzunehmen.<\/p>\n<p><em>Drag and Drop<\/em><\/p>\n<p>Ziehen Sie ein Bild in einen Ordner, um dieses einem Ordner zuzuordnen, oder verwenden Sie das Register Ordner.<\/p>\n<p><em>Ordner<\/em><\/p>\n<p>Um die Anzeige der Bilder zu filtern, w\u00e4hlen Sie einen Ordner, den Sie in den Tag(s) Ordner f\u00fcr diese Art angelegt haben.<\/p>\n<p>Zwei Ordner werden immer angezeigt:<\/p>\n<ul>\n<li>&#8222;-&gt; alle &lt;-&#8220; zeigt alle Bilder an<\/li>\n<li>&#8222;-&gt; unsortiert &lt;-&#8220; zeigt alle Bilder an, die keinem Ordner zugeordnet sind<\/li>\n<\/ul>\n<p><strong>Gespr\u00e4chsnotizen<\/strong><\/p>\n<p><a href=\"http:\/\/handbuch.immo-meets-office.de\/wp-content\/uploads\/2015\/09\/Tag-Gespr\u00e4chsnotizen.jpg\"><img loading=\"lazy\" decoding=\"async\" class=\"alignnone size-medium wp-image-380\" src=\"http:\/\/handbuch.immo-meets-office.de\/wp-content\/uploads\/2015\/09\/Tag-Gespr\u00e4chsnotizen-300x142.jpg\" alt=\"Tag-Gespr\u00e4chsnotizen\" width=\"300\" height=\"142\" srcset=\"https:\/\/handbuch.immo-meets-office.com\/wp-content\/uploads\/2015\/09\/Tag-Gespr\u00e4chsnotizen-300x142.jpg 300w, https:\/\/handbuch.immo-meets-office.com\/wp-content\/uploads\/2015\/09\/Tag-Gespr\u00e4chsnotizen-1024x486.jpg 1024w, https:\/\/handbuch.immo-meets-office.com\/wp-content\/uploads\/2015\/09\/Tag-Gespr\u00e4chsnotizen.jpg 1537w\" sizes=\"auto, (max-width: 300px) 100vw, 300px\" \/><\/a><\/p>\n<p>Im Unterschied zu dem <a href=\"http:\/\/handbuch.immo-meets-office.de\/?page_id=253\">Gespr\u00e4chsnotizen Storage<\/a> aus dem Explorer werden Ihnen hier nur die Gespr\u00e4chsnotizen angezeigt, die diesem Tag zugeordnet wurden, sowie die Anzeige der Ordner als Baumstruktur und als Register im unteren Fensterbereich.<\/p>\n<p>Sie k\u00f6nnen eine Gespr\u00e4chsnotiz in einen Ordner verschieben, um eine weitere Strukturierung vorzunehmen.<\/p>\n<p><em>Drag and Drop<\/em><\/p>\n<p>Ziehen Sie eine Gespr\u00e4chsnotiz in einen Ordner, um diese einem Ordner zuzuordnen, oder verwenden Sie das Register Ordner.<\/p>\n<p><em>Ordner<\/em><\/p>\n<p>Um die Anzeige der Gespr\u00e4chsnotizen zu filtern, w\u00e4hlen Sie einen Ordner, den Sie in den Tag(s) Ordner f\u00fcr diese Art angelegt haben.<\/p>\n<p>Zwei Ordner werden immer angezeigt:<\/p>\n<ul>\n<li>&#8222;-&gt; alle &lt;-&#8220; zeigt alle Gespr\u00e4chsnotizen an<\/li>\n<li>&#8222;-&gt; unsortiert &lt;-&#8220; zeigt alle Gespr\u00e4chsnotizen an, die keinem Ordner zugeordnet sind<\/li>\n<\/ul>\n<p><strong>Benutzerfreigabe(n)<\/strong><\/p>\n<p><a href=\"http:\/\/handbuch.immo-meets-office.de\/wp-content\/uploads\/2015\/09\/Tag-Benutzerfreigaben.jpg\"><img loading=\"lazy\" decoding=\"async\" class=\"alignnone size-medium wp-image-381\" src=\"http:\/\/handbuch.immo-meets-office.de\/wp-content\/uploads\/2015\/09\/Tag-Benutzerfreigaben-300x143.jpg\" alt=\"Tag-Benutzerfreigaben\" width=\"300\" height=\"143\" srcset=\"https:\/\/handbuch.immo-meets-office.com\/wp-content\/uploads\/2015\/09\/Tag-Benutzerfreigaben-300x143.jpg 300w, https:\/\/handbuch.immo-meets-office.com\/wp-content\/uploads\/2015\/09\/Tag-Benutzerfreigaben-1024x490.jpg 1024w, https:\/\/handbuch.immo-meets-office.com\/wp-content\/uploads\/2015\/09\/Tag-Benutzerfreigaben.jpg 1535w\" sizes=\"auto, (max-width: 300px) 100vw, 300px\" \/><\/a><\/p>\n<p>Tag(s) k\u00f6nnen anderen Benutzern zur Verf\u00fcgung gestellt werden, indem Sie freigegeben werden.<\/p>\n<p><em>Drag and Drop<\/em><\/p>\n<ul>\n<li>Um eine Benutzerfreigabe zu setzen, ziehen Sie aus dem Explorer und dem Register -&gt; Benutzer einen Benutzer in diese Liste.<\/li>\n<li>Um eine Benutzerfreigabe zu entfernen, ziehen Sie den Benutzer ausserhalb der Liste<\/li>\n<\/ul>\n<p><em>Context Men\u00fc (rechte Maustaste)<\/em><\/p>\n<ul>\n<li>&#8222;neue Benutzerfreigabe hinzuf\u00fcgen&#8220; stellt Ihnen ein Suchfenster zur Verf\u00fcgung, um einen Benutzer hinzuzuf\u00fcgen<\/li>\n<li>&#8222;ausgew\u00e4hlte Benutzerfreigabe l\u00f6schen&#8220; entfernt die Freigabe f\u00fcr den Benutzer<\/li>\n<li>&#8222;alle Benutzerfreigaben aktualisieren&#8220; aktualisiert die Liste<\/li>\n<\/ul>\n<p>Die Benutzerfreigabe f\u00fcr den eigenen Benutzer kann nicht bearbeitet werden.<\/p>\n<p><strong>Auftragsverwaltung<\/strong><\/p>\n<p><a href=\"http:\/\/handbuch.immo-meets-office.de\/wp-content\/uploads\/2015\/09\/Tag-Auftragsverwaltung.jpg\"><img loading=\"lazy\" decoding=\"async\" class=\"alignnone size-medium wp-image-390\" src=\"http:\/\/handbuch.immo-meets-office.de\/wp-content\/uploads\/2015\/09\/Tag-Auftragsverwaltung-300x144.jpg\" alt=\"Tag-Auftragsverwaltung\" width=\"300\" height=\"144\" srcset=\"https:\/\/handbuch.immo-meets-office.com\/wp-content\/uploads\/2015\/09\/Tag-Auftragsverwaltung-300x144.jpg 300w, https:\/\/handbuch.immo-meets-office.com\/wp-content\/uploads\/2015\/09\/Tag-Auftragsverwaltung-1024x493.jpg 1024w, https:\/\/handbuch.immo-meets-office.com\/wp-content\/uploads\/2015\/09\/Tag-Auftragsverwaltung.jpg 1527w\" sizes=\"auto, (max-width: 300px) 100vw, 300px\" \/><\/a><\/p>\n<p>Das Register Auftragsverwaltung wird Ihnen nur angezeigt, wenn die Art des gew\u00e4hlten Tag(s) mit der Option &#8222;Enth\u00e4lt Adressdaten&#8220; markiert ist.<\/p>\n<p>Sie erhalten eine \u00dcbersicht der vorhandenen Auftragsdaten zu diesem Tag und k\u00f6nnen die Anzeige nach einem bestimmten Status sowie einem Zeitraum einschr\u00e4nken.<\/p>\n<p>Durch Doppelklick auf einen Datensatz wird Ihnen die Auftragsverwaltung mit den entsprechenden Details aufgerufen und angezeigt.<strong><br \/>\n<\/strong><\/p>\n<p><em>Context Men\u00fc (rechte Maustaste)<\/em><\/p>\n<ul>\n<li>\u201egew\u00e4hlten Tag anschreiben\u201c \u00f6ffnet f\u00fcr diesen Tag die Auftragsverwaltung und\n<ul>\n<li>\u201eneuen Schriftverkehr erstellen\u201c erstellt ein neues Dokument aus der Vorlage<\/li>\n<li>\u201eneues Angebot erstellen\u201c erstellt ein neues Angebot aus der Vorlage<\/li>\n<li>\u201eneue Auftragsbest\u00e4tigung erstellen\u201c erstellt eine neue Auftragsbest\u00e4tigung aus der Vorlage<\/li>\n<li>\u201eneuen Lieferschein erstellen\u201c erstellt einen neuen Lieferschein aus der Vorlage<\/li>\n<li>\u201eneue Rechnung erstellen\u201c erstellt eine neue Rechnung aus der Vorlage<\/li>\n<li>\u201eneue Mahnung\/Zahlungserinnerung erstellen\u201c erstellt eine neue Mahnung\/Zahlungserinnerung aus der Vorlage<\/li>\n<\/ul>\n<\/li>\n<li>&#8222;alle Dokumente aktualisieren&#8220; aktualisiert die Baumstruktur<\/li>\n<\/ul>\n<p><strong>Artikel-\/Leistungsverwaltung<\/strong><\/p>\n<p><a href=\"http:\/\/handbuch.immo-meets-office.de\/wp-content\/uploads\/2015\/09\/Tag-Artikelverwaltung.jpg\"><img loading=\"lazy\" decoding=\"async\" class=\"alignnone size-medium wp-image-391\" src=\"http:\/\/handbuch.immo-meets-office.de\/wp-content\/uploads\/2015\/09\/Tag-Artikelverwaltung-300x144.jpg\" alt=\"Tag-Artikelverwaltung\" width=\"300\" height=\"144\" srcset=\"https:\/\/handbuch.immo-meets-office.com\/wp-content\/uploads\/2015\/09\/Tag-Artikelverwaltung-300x144.jpg 300w, https:\/\/handbuch.immo-meets-office.com\/wp-content\/uploads\/2015\/09\/Tag-Artikelverwaltung-1024x491.jpg 1024w, https:\/\/handbuch.immo-meets-office.com\/wp-content\/uploads\/2015\/09\/Tag-Artikelverwaltung.jpg 1540w\" sizes=\"auto, (max-width: 300px) 100vw, 300px\" \/><\/a><\/p>\n<p><!--more--><\/p>\n<p><a href=\"http:\/\/handbuch.immo-meets-office.de\/?page_id=523\">Zur Seite Artikel\/Leistung<\/a><\/p>\n","protected":false},"excerpt":{"rendered":"<p>\u00dcber Explorer -&gt; Register Suche nach Tag(s) oder Explorer -&gt; Strukturierte Tag(s) und der Auswahl eines Datensatzes gelangen Sie in die Tag(s).<\/p>\n","protected":false},"author":1,"featured_media":0,"parent":170,"menu_order":6,"comment_status":"closed","ping_status":"closed","template":"","meta":{"footnotes":""},"class_list":["post-304","page","type-page","status-publish","hentry","entry"],"_links":{"self":[{"href":"https:\/\/handbuch.immo-meets-office.com\/index.php?rest_route=\/wp\/v2\/pages\/304","targetHints":{"allow":["GET"]}}],"collection":[{"href":"https:\/\/handbuch.immo-meets-office.com\/index.php?rest_route=\/wp\/v2\/pages"}],"about":[{"href":"https:\/\/handbuch.immo-meets-office.com\/index.php?rest_route=\/wp\/v2\/types\/page"}],"author":[{"embeddable":true,"href":"https:\/\/handbuch.immo-meets-office.com\/index.php?rest_route=\/wp\/v2\/users\/1"}],"replies":[{"embeddable":true,"href":"https:\/\/handbuch.immo-meets-office.com\/index.php?rest_route=%2Fwp%2Fv2%2Fcomments&post=304"}],"version-history":[{"count":14,"href":"https:\/\/handbuch.immo-meets-office.com\/index.php?rest_route=\/wp\/v2\/pages\/304\/revisions"}],"predecessor-version":[{"id":806,"href":"https:\/\/handbuch.immo-meets-office.com\/index.php?rest_route=\/wp\/v2\/pages\/304\/revisions\/806"}],"up":[{"embeddable":true,"href":"https:\/\/handbuch.immo-meets-office.com\/index.php?rest_route=\/wp\/v2\/pages\/170"}],"wp:attachment":[{"href":"https:\/\/handbuch.immo-meets-office.com\/index.php?rest_route=%2Fwp%2Fv2%2Fmedia&parent=304"}],"curies":[{"name":"wp","href":"https:\/\/api.w.org\/{rel}","templated":true}]}}