{"id":281,"date":"2015-09-02T19:13:45","date_gmt":"2015-09-02T18:13:45","guid":{"rendered":"http:\/\/handbuch.immo-meets-office.de\/?page_id=281"},"modified":"2015-09-08T17:30:15","modified_gmt":"2015-09-08T16:30:15","slug":"lizenzen","status":"publish","type":"page","link":"https:\/\/handbuch.immo-meets-office.com\/?page_id=281","title":{"rendered":"Lizenzen"},"content":{"rendered":"<p><strong>Men\u00fc Datei -&gt; Lizenzen<\/strong><\/p>\n<p>\u00dcber den Men\u00fcpunkt Datei -&gt; Lizenzen gelangen Sie zur Bearbeitung der Lizenzen.<\/p>\n<p><a href=\"http:\/\/handbuch.immo-meets-office.de\/wp-content\/uploads\/2015\/09\/Men\u00fc-Datei-Lizenzen.jpg\"><img loading=\"lazy\" decoding=\"async\" class=\"alignnone size-full wp-image-463\" src=\"http:\/\/handbuch.immo-meets-office.de\/wp-content\/uploads\/2015\/09\/Men\u00fc-Datei-Lizenzen.jpg\" alt=\"Men\u00fc-Datei-Lizenzen\" width=\"244\" height=\"176\" \/><\/a><\/p>\n<p><!--more--><\/p>\n<p><strong>Lizenzen<\/strong><\/p>\n<p><a href=\"http:\/\/handbuch.immo-meets-office.de\/wp-content\/uploads\/2015\/09\/Lizenzen.jpg\"><img loading=\"lazy\" decoding=\"async\" class=\"alignnone size-medium wp-image-466\" src=\"http:\/\/handbuch.immo-meets-office.de\/wp-content\/uploads\/2015\/09\/Lizenzen-300x246.jpg\" alt=\"Lizenzen\" width=\"300\" height=\"246\" srcset=\"https:\/\/handbuch.immo-meets-office.com\/wp-content\/uploads\/2015\/09\/Lizenzen-300x246.jpg 300w, https:\/\/handbuch.immo-meets-office.com\/wp-content\/uploads\/2015\/09\/Lizenzen.jpg 749w\" sizes=\"auto, (max-width: 300px) 100vw, 300px\" \/><\/a><\/p>\n<p>Sie erhalten eine \u00dcbersicht der vorhandenen Lizenzen, sowie die M\u00f6glichkeit neue Lizenzen hinzuzuf\u00fcgen, als auch zugeordnete Lizenzen freizugeben.<\/p>\n<p>Um einen neuen Lizenzschl\u00fcssel zu speichern, geben Sie den \u00fcbermittelten Lizenzschl\u00fcssel ein. Wenn Sie einen g\u00fcltigen Lizenzschl\u00fcssel eingegeben haben, wird dies \u00fcber ein Symbol angezeigt und der Button &#8222;Hinzuf\u00fcgen&#8220; wird aktiv.<a href=\"http:\/\/handbuch.immo-meets-office.de\/wp-content\/uploads\/2015\/09\/Lizenz-G\u00fcltig.jpg\"><img loading=\"lazy\" decoding=\"async\" class=\"alignnone size-full wp-image-467\" src=\"http:\/\/handbuch.immo-meets-office.de\/wp-content\/uploads\/2015\/09\/Lizenz-G\u00fcltig.jpg\" alt=\"Lizenz-G\u00fcltig\" width=\"164\" height=\"31\" \/><\/a><\/p>\n<p>Klicken Sie auf Hinzuf\u00fcgen, um den Lizenzschl\u00fcssel zu speichern.<\/p>\n<p><strong>Aktuelle Lizenzen<\/strong><\/p>\n<p>Sie erhalten eine \u00dcbersicht der Lizenzen und der Zuordnung zu einem Benutzer. Einem Benutzer wird\u00a0beim Programmstart automatisch eine Lizenz zugewiesen.<\/p>\n<p>Zeitlich begrenzte Lizenzschl\u00fcssel werden mit einem Ablaufdatum dargestellt.<\/p>\n<p><em>Context Men\u00fc (rechte Maustaste)<\/em><\/p>\n<ul>\n<li>\u201eausgew\u00e4hlte Lizenz zur\u00fccksetzen\u201c entfernt die Benutzerzuordnung des Lizenzschl\u00fcssels zu einem Benutzer<\/li>\n<li>&#8222;ausgew\u00e4hlte Lizenz l\u00f6schen&#8220; l\u00f6scht die gew\u00e4hlte Lizenz<\/li>\n<\/ul>\n<p>Durch zur\u00fccksetzen der Lizenz wird bei einem noch angemeldeten Benutzer ein Fehler ausgel\u00f6st, so dass dieser nicht mehr mit dem Programm arbeiten kann. Dadurch wird jedoch die Lizenz freigegeben, damit sich ein anderer Benutzer anmelden kann.<\/p>\n<p>Abgelaufene Lizenzen k\u00f6nnen gel\u00f6scht werden, da diese nicht mehr verwendet werden.<\/p>\n<p><strong>Erststart<\/strong><\/p>\n<p>Nach Installation und dem ersten Programmstart erhalten Sie eine Meldung, dass keine freie Lizenz gefunden wurde, mit der Bitte um \u00dcberpr\u00fcfung der Lizenzen.<\/p>\n<p>An dieser Stelle k\u00f6nnen Sie die \u00fcbermittelten Lizenzschl\u00fcssel hinzuf\u00fcgen, um die Lizenzen zu speichern.<\/p>\n","protected":false},"excerpt":{"rendered":"<p>Men\u00fc Datei -&gt; Lizenzen \u00dcber den Men\u00fcpunkt Datei -&gt; Lizenzen gelangen Sie zur Bearbeitung der Lizenzen.<\/p>\n","protected":false},"author":1,"featured_media":0,"parent":90,"menu_order":12,"comment_status":"closed","ping_status":"closed","template":"","meta":{"footnotes":""},"class_list":["post-281","page","type-page","status-publish","hentry","entry"],"_links":{"self":[{"href":"https:\/\/handbuch.immo-meets-office.com\/index.php?rest_route=\/wp\/v2\/pages\/281","targetHints":{"allow":["GET"]}}],"collection":[{"href":"https:\/\/handbuch.immo-meets-office.com\/index.php?rest_route=\/wp\/v2\/pages"}],"about":[{"href":"https:\/\/handbuch.immo-meets-office.com\/index.php?rest_route=\/wp\/v2\/types\/page"}],"author":[{"embeddable":true,"href":"https:\/\/handbuch.immo-meets-office.com\/index.php?rest_route=\/wp\/v2\/users\/1"}],"replies":[{"embeddable":true,"href":"https:\/\/handbuch.immo-meets-office.com\/index.php?rest_route=%2Fwp%2Fv2%2Fcomments&post=281"}],"version-history":[{"count":5,"href":"https:\/\/handbuch.immo-meets-office.com\/index.php?rest_route=\/wp\/v2\/pages\/281\/revisions"}],"predecessor-version":[{"id":492,"href":"https:\/\/handbuch.immo-meets-office.com\/index.php?rest_route=\/wp\/v2\/pages\/281\/revisions\/492"}],"up":[{"embeddable":true,"href":"https:\/\/handbuch.immo-meets-office.com\/index.php?rest_route=\/wp\/v2\/pages\/90"}],"wp:attachment":[{"href":"https:\/\/handbuch.immo-meets-office.com\/index.php?rest_route=%2Fwp%2Fv2%2Fmedia&parent=281"}],"curies":[{"name":"wp","href":"https:\/\/api.w.org\/{rel}","templated":true}]}}