{"id":279,"date":"2015-09-02T19:13:25","date_gmt":"2015-09-02T18:13:25","guid":{"rendered":"http:\/\/handbuch.immo-meets-office.de\/?page_id=279"},"modified":"2015-09-07T16:14:51","modified_gmt":"2015-09-07T15:14:51","slug":"strukturierte-tags","status":"publish","type":"page","link":"https:\/\/handbuch.immo-meets-office.com\/?page_id=279","title":{"rendered":"Strukturierte Tag(s)"},"content":{"rendered":"<p>\u00dcber den Explorer k\u00f6nnen Sie \u00fcber das Register -&gt; Strukturierte Tag(s) die Baumstruktur der Tag(s) aufrufen.<\/p>\n<p><a href=\"http:\/\/handbuch.immo-meets-office.de\/wp-content\/uploads\/2015\/09\/Strukturierte-Tags.jpg\"><img loading=\"lazy\" decoding=\"async\" class=\"alignnone size-medium wp-image-395\" src=\"http:\/\/handbuch.immo-meets-office.de\/wp-content\/uploads\/2015\/09\/Strukturierte-Tags-124x300.jpg\" alt=\"Strukturierte Tags\" width=\"124\" height=\"300\" srcset=\"https:\/\/handbuch.immo-meets-office.com\/wp-content\/uploads\/2015\/09\/Strukturierte-Tags-124x300.jpg 124w, https:\/\/handbuch.immo-meets-office.com\/wp-content\/uploads\/2015\/09\/Strukturierte-Tags.jpg 374w\" sizes=\"auto, (max-width: 124px) 100vw, 124px\" \/><\/a><\/p>\n<p><!--more--><\/p>\n<p><strong>Strukturierte Tag(s)<\/strong><\/p>\n<p>\u00dcber die Strukturierten Tag(s) erhalten Sie eine \u00dcbersicht der vorhandenen Tag(s) und Ihrer Zuordnung zu den Arten. Des Weiteren wird die Baumstruktur durch Tag(s) die untergeordnet sind, erweitert.<\/p>\n<p>Um einen Tag anzuzeigen, klicken Sie per Doppelklick auf einen Tag oder verwenden Sie das Context Men\u00fc.<\/p>\n<p><em>Context Men\u00fc (rechte Maustaste)<\/em><\/p>\n<ul>\n<li>&#8222;neuen Tag erstellen&#8220; erstellt einen neuen Tag\/Datensatz<\/li>\n<li>&#8222;gew\u00e4hlten Tag bearbeiten&#8220; \u00f6ffnet und zeigt den Tag an<\/li>\n<li>&#8222;gew\u00e4hlten Tag anschreiben&#8220; \u00f6ffnet f\u00fcr diesen Tag die Auftragsverwaltung und\n<ul>\n<li>&#8222;neuen Schriftverkehr erstellen&#8220; erstellt ein neues Dokument aus der Vorlage<\/li>\n<li>&#8222;neues Angebot erstellen&#8220; erstellt ein neues Angebot aus der Vorlage<\/li>\n<li>&#8222;neue Auftragsbest\u00e4tigung erstellen&#8220; erstellt eine neue Auftragsbest\u00e4tigung aus der Vorlage<\/li>\n<li>&#8222;neuen Lieferschein erstellen&#8220; erstellt einen neuen Lieferschein aus der Vorlage<\/li>\n<li>&#8222;neue Rechnung erstellen&#8220; erstellt eine neue Rechnung aus der Vorlage<\/li>\n<li>&#8222;neue Mahnung\/Zahlungserinnerung erstellen&#8220; erstellt eine neue Mahnung\/Zahlungserinnerung aus der Vorlage<\/li>\n<\/ul>\n<\/li>\n<li>&#8222;alle Tag(s) aktualisieren&#8220; aktualisiert die Baumstruktur<\/li>\n<\/ul>\n<p>&nbsp;<\/p>\n","protected":false},"excerpt":{"rendered":"<p>\u00dcber den Explorer k\u00f6nnen Sie \u00fcber das Register -&gt; Strukturierte Tag(s) die Baumstruktur der Tag(s) aufrufen.<\/p>\n","protected":false},"author":1,"featured_media":0,"parent":170,"menu_order":5,"comment_status":"closed","ping_status":"closed","template":"","meta":{"footnotes":""},"class_list":["post-279","page","type-page","status-publish","hentry","entry"],"_links":{"self":[{"href":"https:\/\/handbuch.immo-meets-office.com\/index.php?rest_route=\/wp\/v2\/pages\/279","targetHints":{"allow":["GET"]}}],"collection":[{"href":"https:\/\/handbuch.immo-meets-office.com\/index.php?rest_route=\/wp\/v2\/pages"}],"about":[{"href":"https:\/\/handbuch.immo-meets-office.com\/index.php?rest_route=\/wp\/v2\/types\/page"}],"author":[{"embeddable":true,"href":"https:\/\/handbuch.immo-meets-office.com\/index.php?rest_route=\/wp\/v2\/users\/1"}],"replies":[{"embeddable":true,"href":"https:\/\/handbuch.immo-meets-office.com\/index.php?rest_route=%2Fwp%2Fv2%2Fcomments&post=279"}],"version-history":[{"count":5,"href":"https:\/\/handbuch.immo-meets-office.com\/index.php?rest_route=\/wp\/v2\/pages\/279\/revisions"}],"predecessor-version":[{"id":424,"href":"https:\/\/handbuch.immo-meets-office.com\/index.php?rest_route=\/wp\/v2\/pages\/279\/revisions\/424"}],"up":[{"embeddable":true,"href":"https:\/\/handbuch.immo-meets-office.com\/index.php?rest_route=\/wp\/v2\/pages\/170"}],"wp:attachment":[{"href":"https:\/\/handbuch.immo-meets-office.com\/index.php?rest_route=%2Fwp%2Fv2%2Fmedia&parent=279"}],"curies":[{"name":"wp","href":"https:\/\/api.w.org\/{rel}","templated":true}]}}