{"id":277,"date":"2015-09-02T19:13:05","date_gmt":"2015-09-02T18:13:05","guid":{"rendered":"http:\/\/handbuch.immo-meets-office.de\/?page_id=277"},"modified":"2015-09-07T16:12:21","modified_gmt":"2015-09-07T15:12:21","slug":"suche-nach-tags","status":"publish","type":"page","link":"https:\/\/handbuch.immo-meets-office.com\/?page_id=277","title":{"rendered":"Suche nach Tag(s)"},"content":{"rendered":"<p>\u00dcber den Explorer k\u00f6nnen Sie \u00fcber das Register -&gt; Suche nach Tag(s) oder derren Tag (s) Details suchen.<\/p>\n<p><a href=\"http:\/\/handbuch.immo-meets-office.de\/wp-content\/uploads\/2015\/09\/Suche-nach-Tags.jpg\"><img loading=\"lazy\" decoding=\"async\" class=\"alignnone size-medium wp-image-388\" src=\"http:\/\/handbuch.immo-meets-office.de\/wp-content\/uploads\/2015\/09\/Suche-nach-Tags-125x300.jpg\" alt=\"Suche nach Tags\" width=\"125\" height=\"300\" srcset=\"https:\/\/handbuch.immo-meets-office.com\/wp-content\/uploads\/2015\/09\/Suche-nach-Tags-125x300.jpg 125w, https:\/\/handbuch.immo-meets-office.com\/wp-content\/uploads\/2015\/09\/Suche-nach-Tags.jpg 374w\" sizes=\"auto, (max-width: 125px) 100vw, 125px\" \/><\/a><\/p>\n<p><!--more--><\/p>\n<p><strong>Suche nach Tag(s)<\/strong><\/p>\n<p>\u00dcber die Suche nach Tag(s) k\u00f6nnen Sie nach Ihren Tag(s) Stammdaten suchen.<\/p>\n<p>Dabei erhalten Sie nachfolgende Suchoptionen:<\/p>\n<ul>\n<li>&#8222;-&gt; alle &lt;-&#8220; durchsucht alle Datens\u00e4tze oder die Suche kann nach vorhandenen Arten eingeschr\u00e4nkt werden<\/li>\n<li>&#8222;Details durchsuchen&#8220; setzt eine Option, dass nur nach der Tag-Bezeichnung gesucht wird oder in allen Tag(s) Details, also dynamischen Feldern<\/li>\n<li>&#8222;Eingabe&#8220; die Suche wird mit der Eingabe von mindestens zwei Zeichen (alphanumerisch) durchgef\u00fchrt und mit jedem weiteren Zeichen aktualisert. Das Ergbnis erhalten Sie im unteren Fentserbereich.<\/li>\n<\/ul>\n<p>Um einen Tag anzuzeigen, klicken Sie per Doppelklick auf einen Tag im Suchergebnis oder verwenden Sie das Context Men\u00fc.<\/p>\n<p><em>Context Men\u00fc (rechte Maustaste)<\/em><\/p>\n<ul>\n<li>&#8222;neuen Tag erstellen&#8220; erstellt einen neuen Tag\/Datensatz<\/li>\n<li>&#8222;gew\u00e4hlten Tag bearbeiten&#8220; \u00f6ffnet und zeigt den Tag an<\/li>\n<li>&#8222;gew\u00e4hlten Tag anschreiben&#8220; \u00f6ffnet f\u00fcr diesen Tag die Auftragsverwaltung und\n<ul>\n<li>&#8222;neuen Schriftverkehr erstellen&#8220; erstellt ein neues Dokument aus der Vorlage<\/li>\n<li>&#8222;neues Angebot erstellen&#8220; erstellt ein neues Angebot aus der Vorlage<\/li>\n<li>&#8222;neue Auftragsbest\u00e4tigung erstellen&#8220; erstellt eine neue Auftragsbest\u00e4tigung aus der Vorlage<\/li>\n<li>&#8222;neuen Lieferschein erstellen&#8220; erstellt einen neuen Lieferschein aus der Vorlage<\/li>\n<li>&#8222;neue Rechnung erstellen&#8220; erstellt eine neue Rechnung aus der Vorlage<\/li>\n<li>&#8222;neue Mahnung\/Zahlungserinnerung erstellen&#8220; erstellt eine neue Mahnung\/Zahlungserinnerung aus der Vorlage<\/li>\n<\/ul>\n<\/li>\n<\/ul>\n","protected":false},"excerpt":{"rendered":"<p>\u00dcber den Explorer k\u00f6nnen Sie \u00fcber das Register -&gt; Suche nach Tag(s) oder derren Tag (s) Details suchen.<\/p>\n","protected":false},"author":1,"featured_media":0,"parent":170,"menu_order":4,"comment_status":"closed","ping_status":"closed","template":"","meta":{"footnotes":""},"class_list":["post-277","page","type-page","status-publish","hentry","entry"],"_links":{"self":[{"href":"https:\/\/handbuch.immo-meets-office.com\/index.php?rest_route=\/wp\/v2\/pages\/277","targetHints":{"allow":["GET"]}}],"collection":[{"href":"https:\/\/handbuch.immo-meets-office.com\/index.php?rest_route=\/wp\/v2\/pages"}],"about":[{"href":"https:\/\/handbuch.immo-meets-office.com\/index.php?rest_route=\/wp\/v2\/types\/page"}],"author":[{"embeddable":true,"href":"https:\/\/handbuch.immo-meets-office.com\/index.php?rest_route=\/wp\/v2\/users\/1"}],"replies":[{"embeddable":true,"href":"https:\/\/handbuch.immo-meets-office.com\/index.php?rest_route=%2Fwp%2Fv2%2Fcomments&post=277"}],"version-history":[{"count":6,"href":"https:\/\/handbuch.immo-meets-office.com\/index.php?rest_route=\/wp\/v2\/pages\/277\/revisions"}],"predecessor-version":[{"id":422,"href":"https:\/\/handbuch.immo-meets-office.com\/index.php?rest_route=\/wp\/v2\/pages\/277\/revisions\/422"}],"up":[{"embeddable":true,"href":"https:\/\/handbuch.immo-meets-office.com\/index.php?rest_route=\/wp\/v2\/pages\/170"}],"wp:attachment":[{"href":"https:\/\/handbuch.immo-meets-office.com\/index.php?rest_route=%2Fwp%2Fv2%2Fmedia&parent=277"}],"curies":[{"name":"wp","href":"https:\/\/api.w.org\/{rel}","templated":true}]}}