{"id":273,"date":"2015-09-02T19:10:30","date_gmt":"2015-09-02T18:10:30","guid":{"rendered":"http:\/\/handbuch.immo-meets-office.de\/?page_id=273"},"modified":"2015-09-20T14:42:01","modified_gmt":"2015-09-20T13:42:01","slug":"scannenimportieren","status":"publish","type":"page","link":"https:\/\/handbuch.immo-meets-office.com\/?page_id=273","title":{"rendered":"Scannen\/Importieren"},"content":{"rendered":"<p><strong>Men\u00fc Datei -&gt; Scannen\/Importieren<\/strong><\/p>\n<p>oder<\/p>\n<p><strong>Toolleiste -&gt; Scannen\/Importieren<\/strong><\/p>\n<p>oder \u00fcber einen ge\u00f6ffneten Tag<\/p>\n<p><strong>Tag(s) Bearbeiten -&gt; Scannen\/Importieren<\/strong><\/p>\n<p><a href=\"http:\/\/handbuch.immo-meets-office.de\/wp-content\/uploads\/2015\/09\/Men\u00fc-Datei-ScannenImportieren.jpg\"><img loading=\"lazy\" decoding=\"async\" class=\"alignnone size-medium wp-image-470\" src=\"http:\/\/handbuch.immo-meets-office.de\/wp-content\/uploads\/2015\/09\/Men\u00fc-Datei-ScannenImportieren-300x94.jpg\" alt=\"Men\u00fc-Datei-ScannenImportieren\" width=\"300\" height=\"94\" srcset=\"https:\/\/handbuch.immo-meets-office.com\/wp-content\/uploads\/2015\/09\/Men\u00fc-Datei-ScannenImportieren-300x94.jpg 300w, https:\/\/handbuch.immo-meets-office.com\/wp-content\/uploads\/2015\/09\/Men\u00fc-Datei-ScannenImportieren.jpg 563w\" sizes=\"auto, (max-width: 300px) 100vw, 300px\" \/><\/a><\/p>\n<p>\u00dcber diesen Men\u00fcpunkt gelangen Sie zur Ger\u00e4teauswahl, um Bilder zu importieren bzw. Dokumente zu scannen.<\/p>\n<p><!--more--><\/p>\n<p><strong>Scannen\/Importieren<\/strong><\/p>\n<p>Falls keine Ger\u00e4te verf\u00fcgbar sind, erhalten Sie folgende Meldung. &#8222;Bitte \u00fcberpr\u00fcfen Sie die angeschlossenen Ger\u00e4te.&#8220;<\/p>\n<p><a href=\"http:\/\/handbuch.immo-meets-office.de\/wp-content\/uploads\/2015\/09\/ScannenImportieren-Kein-Ger\u00e4t.jpg\"><img loading=\"lazy\" decoding=\"async\" class=\"alignnone size-medium wp-image-471\" src=\"http:\/\/handbuch.immo-meets-office.de\/wp-content\/uploads\/2015\/09\/ScannenImportieren-Kein-Ger\u00e4t-300x107.jpg\" alt=\"ScannenImportieren-Kein Ger\u00e4t\" width=\"300\" height=\"107\" srcset=\"https:\/\/handbuch.immo-meets-office.com\/wp-content\/uploads\/2015\/09\/ScannenImportieren-Kein-Ger\u00e4t-300x107.jpg 300w, https:\/\/handbuch.immo-meets-office.com\/wp-content\/uploads\/2015\/09\/ScannenImportieren-Kein-Ger\u00e4t.jpg 589w\" sizes=\"auto, (max-width: 300px) 100vw, 300px\" \/><\/a><\/p>\n<p>Durch einen Klick in die Toolleiste eines Tag(s) k\u00f6nnen alle Bilder und Dokumente direkt zu einem Tag zugeordnet werden.<\/p>\n<p><strong>Ger\u00e4teauswahl<\/strong><\/p>\n<p><a href=\"http:\/\/handbuch.immo-meets-office.de\/wp-content\/uploads\/2015\/09\/ScannenImportieren-Ger\u00e4teauswahl.jpg\"><img loading=\"lazy\" decoding=\"async\" class=\"alignnone size-medium wp-image-472\" src=\"http:\/\/handbuch.immo-meets-office.de\/wp-content\/uploads\/2015\/09\/ScannenImportieren-Ger\u00e4teauswahl-300x196.jpg\" alt=\"ScannenImportieren-Ger\u00e4teauswahl\" width=\"300\" height=\"196\" srcset=\"https:\/\/handbuch.immo-meets-office.com\/wp-content\/uploads\/2015\/09\/ScannenImportieren-Ger\u00e4teauswahl-300x196.jpg 300w, https:\/\/handbuch.immo-meets-office.com\/wp-content\/uploads\/2015\/09\/ScannenImportieren-Ger\u00e4teauswahl.jpg 588w\" sizes=\"auto, (max-width: 300px) 100vw, 300px\" \/><\/a><\/p>\n<p>\u00dcber die Ger\u00e4teauswahl k\u00f6nnen Sie ein Ger\u00e4t w\u00e4hlen, von dem Sie Bilder oder Dokumente importieren\/scannen m\u00f6chten. W\u00e4hlen Sie dazu ein Ger\u00e4t aus.<\/p>\n<p>Nachdem Sie ein Ger\u00e4t gew\u00e4hlt haben, gelangen Sie zur Bearbeitung:<\/p>\n<ul>\n<li><a href=\"http:\/\/handbuch.immo-meets-office.de\/?page_id=307\">Scanner<\/a><\/li>\n<li><a href=\"http:\/\/handbuch.immo-meets-office.de\/?page_id=309\">Kamera<\/a><\/li>\n<\/ul>\n<p>&nbsp;<\/p>\n<p><strong>Ger\u00e4tedaten<\/strong><\/p>\n<p>Ger\u00e4tedaten werden automatisch als Tag mit der Art Kamera oder Scanner angelegt, sobald ein Dokument oder Bild gespeichert wurde. Somit erhalten Sie immer eine Zuordnung des Bildes zum Ger\u00e4t aus welchem es stammt.<\/p>\n","protected":false},"excerpt":{"rendered":"<p>Men\u00fc Datei -&gt; Scannen\/Importieren oder Toolleiste -&gt; Scannen\/Importieren oder \u00fcber einen ge\u00f6ffneten Tag Tag(s) Bearbeiten -&gt; Scannen\/Importieren \u00dcber diesen Men\u00fcpunkt gelangen Sie zur Ger\u00e4teauswahl, um<\/p>\n<div class=\"more-link-wrapper\"><a class=\"more-link\" href=\"https:\/\/handbuch.immo-meets-office.com\/?page_id=273\">Weiterlesen<span class=\"screen-reader-text\">Scannen\/Importieren<\/span><\/a><\/div>\n","protected":false},"author":1,"featured_media":0,"parent":90,"menu_order":10,"comment_status":"closed","ping_status":"closed","template":"","meta":{"footnotes":""},"class_list":["post-273","page","type-page","status-publish","hentry","entry"],"_links":{"self":[{"href":"https:\/\/handbuch.immo-meets-office.com\/index.php?rest_route=\/wp\/v2\/pages\/273","targetHints":{"allow":["GET"]}}],"collection":[{"href":"https:\/\/handbuch.immo-meets-office.com\/index.php?rest_route=\/wp\/v2\/pages"}],"about":[{"href":"https:\/\/handbuch.immo-meets-office.com\/index.php?rest_route=\/wp\/v2\/types\/page"}],"author":[{"embeddable":true,"href":"https:\/\/handbuch.immo-meets-office.com\/index.php?rest_route=\/wp\/v2\/users\/1"}],"replies":[{"embeddable":true,"href":"https:\/\/handbuch.immo-meets-office.com\/index.php?rest_route=%2Fwp%2Fv2%2Fcomments&post=273"}],"version-history":[{"count":10,"href":"https:\/\/handbuch.immo-meets-office.com\/index.php?rest_route=\/wp\/v2\/pages\/273\/revisions"}],"predecessor-version":[{"id":808,"href":"https:\/\/handbuch.immo-meets-office.com\/index.php?rest_route=\/wp\/v2\/pages\/273\/revisions\/808"}],"up":[{"embeddable":true,"href":"https:\/\/handbuch.immo-meets-office.com\/index.php?rest_route=\/wp\/v2\/pages\/90"}],"wp:attachment":[{"href":"https:\/\/handbuch.immo-meets-office.com\/index.php?rest_route=%2Fwp%2Fv2%2Fmedia&parent=273"}],"curies":[{"name":"wp","href":"https:\/\/api.w.org\/{rel}","templated":true}]}}