{"id":251,"date":"2015-09-02T19:04:56","date_gmt":"2015-09-02T18:04:56","guid":{"rendered":"http:\/\/handbuch.immo-meets-office.de\/?page_id=251"},"modified":"2015-09-08T17:05:33","modified_gmt":"2015-09-08T16:05:33","slug":"bilder","status":"publish","type":"page","link":"https:\/\/handbuch.immo-meets-office.com\/?page_id=251","title":{"rendered":"Bilder (Storage)"},"content":{"rendered":"<p><strong>Men\u00fc Ansicht -&gt; Storages -&gt; Bilder<\/strong><\/p>\n<p>oder<\/p>\n<p><strong>Toolleiste -&gt; Bilder<br \/>\n<\/strong><\/p>\n<p>\u00dcber diesen Men\u00fcpunkt gelangen Sie zur Bearbeitung der Bilder.<\/p>\n<p><!--more--><\/p>\n<p><strong>Bilder<\/strong><\/p>\n<p><a href=\"http:\/\/handbuch.immo-meets-office.de\/wp-content\/uploads\/2015\/09\/Bilder.jpg\"><img loading=\"lazy\" decoding=\"async\" class=\"alignnone size-medium wp-image-447\" src=\"http:\/\/handbuch.immo-meets-office.de\/wp-content\/uploads\/2015\/09\/Bilder-300x180.jpg\" alt=\"Bilder\" width=\"300\" height=\"180\" srcset=\"https:\/\/handbuch.immo-meets-office.com\/wp-content\/uploads\/2015\/09\/Bilder-300x180.jpg 300w, https:\/\/handbuch.immo-meets-office.com\/wp-content\/uploads\/2015\/09\/Bilder-1024x613.jpg 1024w, https:\/\/handbuch.immo-meets-office.com\/wp-content\/uploads\/2015\/09\/Bilder.jpg 1543w\" sizes=\"auto, (max-width: 300px) 100vw, 300px\" \/><\/a><\/p>\n<p>In den Bildern (Bilder Storage) erhalten Sie eine \u00dcbersicht vorhandener Bilder, sowie die M\u00f6glichkeit neue Bilder zu speichern.<\/p>\n<ul>\n<li>Anzahl: legt fest, wie viele Datens\u00e4tze in der Liste angezeigt werden sollen<\/li>\n<li>Suche: geben Sie einen Suchbegriff ein, um nach einem Betreff bzw. den Inhalt (OCR) eines Bildes zu suchen.<\/li>\n<li>Dateierweiterung -&gt; alle &lt;-: legt fest, welche Bildertypen durchsucht werden sollen. Die Liste wird bei neuen Bildertypen automatisch erweitert.<\/li>\n<\/ul>\n<p><strong>Spalten<\/strong><\/p>\n<p>Folgende Spalten werden in der Liste bereitgestellt und k\u00f6nnen sortiert werden:<\/p>\n<ul>\n<li>Eingef\u00fcgt am: wann das Bild hinzugef\u00fcgt wurde<\/li>\n<li>Betreff: die Betreffzeile ist der Dateiname<\/li>\n<li>Inhalt: der Dokumenteninhalt, der durch eine OCR Texterkennung ermittelt wurde<\/li>\n<li>Pfad: aus welchem Pfad das Bild importiert wurde (UNC Pfad) bzw. von welcher Kamera\/welchem Scanner es importiert wurde<\/li>\n<li>Dateiname: des Bildes<\/li>\n<li>Dateierweiterung: der Bildtyps bzw. -art<\/li>\n<li>Tag(s): Anzahl zugeordneter Tag(s)<\/li>\n<li>Erstellungsdatum: wird nur bei Importen aus einer Kamera belegt<\/li>\n<li>Onlinfreigabe: zeigt mit &#8222;ja&#8220; an, ob das Bild eine Onlinefreigegabe hat<\/li>\n<\/ul>\n<p>Um ein Bild zu bearbeiten, w\u00e4hlen Sie ein Bild aus.<\/p>\n<p><a href=\"http:\/\/handbuch.immo-meets-office.de\/wp-content\/uploads\/2015\/09\/Bilder-Select.jpg\"><img loading=\"lazy\" decoding=\"async\" class=\"alignnone size-medium wp-image-448\" src=\"http:\/\/handbuch.immo-meets-office.de\/wp-content\/uploads\/2015\/09\/Bilder-Select-300x140.jpg\" alt=\"Bilder-Select\" width=\"300\" height=\"140\" srcset=\"https:\/\/handbuch.immo-meets-office.com\/wp-content\/uploads\/2015\/09\/Bilder-Select-300x140.jpg 300w, https:\/\/handbuch.immo-meets-office.com\/wp-content\/uploads\/2015\/09\/Bilder-Select-1024x477.jpg 1024w, https:\/\/handbuch.immo-meets-office.com\/wp-content\/uploads\/2015\/09\/Bilder-Select.jpg 1037w\" sizes=\"auto, (max-width: 300px) 100vw, 300px\" \/><\/a><\/p>\n<p><em>Context Men\u00fc (rechte Maustaste)<\/em><\/p>\n<ul>\n<li>&#8222;ein Bild importieren&#8220; importiert eine Datei<\/li>\n<li>&#8222;ein Verzeichnis importieren&#8220; importiert alle Dateien aus einem Verreichnis sowie aus allen Unterverzeichnissen<\/li>\n<li>&#8222;gew\u00e4hltes Bild \u00f6ffnen&#8220; \u00f6ffnet das gew\u00e4hlte Bild, dies ist die Standardaktion bei einem Doppelklick<\/li>\n<li>&#8222;gew\u00e4hltes Bild\u00a0 speichern unter&#8220; speichert das Bild auf der Festplatte<\/li>\n<li>&#8222;gew\u00e4hltes Bild per E-Mail versenden&#8220; erstellt eine neue Microsoft Outlook E-Mail und f\u00fcgt das gew\u00e4hlte Bild als Dateianhang an<\/li>\n<li>&#8222;gew\u00e4hltes Bild l\u00f6schen&#8220; l\u00f6scht das gew\u00e4hlte Bild<\/li>\n<li>&#8222;gew\u00e4hltes Bild auf Wiedervorlage setzen&#8220; setzt das gew\u00e4hlte Bild auf\u00a0 die Wiedervorlage<\/li>\n<li>&#8222;gew\u00e4hltes Bild mit OCR pr\u00fcfen&#8220;: f\u00fchrt eine OCR Texterkennung f\u00fcr das gew\u00e4hlte Bild aus, um den Inhalt zu extrahieren<\/li>\n<li>&#8222;alle Bilder aktualisieren&#8220; aktualisiert die Liste<\/li>\n<li>&#8222;Onlinefreigabe setzen&#8220; legt fest, welche Onlinefreigabe gesetzt werden soll\n<ul>\n<li>&#8222;f\u00fcr gew\u00e4hltes Bild&#8220;<\/li>\n<li>&#8222;f\u00fcr alle angezeigten Bilder&#8220;<\/li>\n<\/ul>\n<\/li>\n<li>&#8222;Onlinefreigabe entfernen&#8220; legt fest, welche Onlinefreigabe entfernt werden soll\n<ul>\n<li>&#8222;f\u00fcr gew\u00e4hltes Bild&#8220;<\/li>\n<li>&#8222;f\u00fcr alle angezeigten Bilder&#8220;<\/li>\n<\/ul>\n<\/li>\n<\/ul>\n<p>Bilder k\u00f6nnen aus dem Windows Explorer in den Bilder Storage eingef\u00fcgt oder aus dem Bilder Storage an andere Programme \u00fcbertragen werden.<\/p>\n<p><em>Drag and Drop<\/em><\/p>\n<p>Um ein neues Bild aus dem Windows Explorer zu importieren, ziehen Sie das gew\u00fcnschte Bild in den Bilder Storage<\/p>\n<p>Um ein Bild auf den Desktop oder an ein anderes Programm zu \u00fcbertragen (Bsp. Bild als Dateianhang an eine E-Mail im Microsoft Outlook anh\u00e4ngen), dr\u00fccken Sie bitte die &#8222;linke Strg&#8220; Taste und ziehen das Bild in das Ziel.<\/p>\n<p><strong>Tag(s)<\/strong><\/p>\n<p><a href=\"http:\/\/handbuch.immo-meets-office.de\/wp-content\/uploads\/2015\/09\/Dokumente-Tags.jpg\"><img loading=\"lazy\" decoding=\"async\" class=\"alignnone size-medium wp-image-439\" src=\"http:\/\/handbuch.immo-meets-office.de\/wp-content\/uploads\/2015\/09\/Dokumente-Tags-284x300.jpg\" alt=\"Dokumente-Tags\" width=\"284\" height=\"300\" srcset=\"https:\/\/handbuch.immo-meets-office.com\/wp-content\/uploads\/2015\/09\/Dokumente-Tags-284x300.jpg 284w, https:\/\/handbuch.immo-meets-office.com\/wp-content\/uploads\/2015\/09\/Dokumente-Tags.jpg 481w\" sizes=\"auto, (max-width: 284px) 100vw, 284px\" \/><\/a><\/p>\n<p>Nach Auswahl eines Bildes wird im Register Tag(s) die Zuordnung des Bildes zu einzelnen Tag(s) angezeigt.<\/p>\n<p>Sie k\u00f6nnen weitere Tag(s) \u00fcber folgende M\u00f6glichkeiten hinzuf\u00fcgen oder entfernen:<\/p>\n<p><em>Context Men\u00fc (rechte Maustaste)<\/em><\/p>\n<ul>\n<li>&#8222;neuen Tag hinzuf\u00fcgen&#8220; \u00f6ffnet die Suche nach Tag(s), um einen Tag hinzuzuf\u00fcgen<\/li>\n<li>&#8222;gew\u00e4hlten Tag l\u00f6schen&#8220; entfernt den gew\u00e4hlten Tag aus der Zurodnung<\/li>\n<li>&#8222;alle Tag(s) aktualisieren&#8220; aktualisiert die Liste<\/li>\n<\/ul>\n<p><em>Drag and Drop<\/em><\/p>\n<p>Ziehen Sie aus dem Explorer Register Suche nach Tag(s) oder aus den Strukturierten Tag(s) einen Datensatz in die Liste, um neue Tag(s) hinzuzuf\u00fcgen.<\/p>\n<p>Ziehen Sie einen vorhandenen Tag aus dem Register Tag(s), um die Zurodnung zu entfernen.<\/p>\n<p><strong>Benutzerfreigabe(n)<\/strong><\/p>\n<p><a href=\"http:\/\/handbuch.immo-meets-office.de\/wp-content\/uploads\/2015\/09\/Dokumente-Benutzerfreigaben.jpg\"><img loading=\"lazy\" decoding=\"async\" class=\"alignnone size-medium wp-image-440\" src=\"http:\/\/handbuch.immo-meets-office.de\/wp-content\/uploads\/2015\/09\/Dokumente-Benutzerfreigaben-285x300.jpg\" alt=\"Dokumente-Benutzerfreigaben\" width=\"285\" height=\"300\" srcset=\"https:\/\/handbuch.immo-meets-office.com\/wp-content\/uploads\/2015\/09\/Dokumente-Benutzerfreigaben-285x300.jpg 285w, https:\/\/handbuch.immo-meets-office.com\/wp-content\/uploads\/2015\/09\/Dokumente-Benutzerfreigaben.jpg 485w\" sizes=\"auto, (max-width: 285px) 100vw, 285px\" \/><\/a><\/p>\n<p>Nach Auswahl eines Bildes werden im Register Benutzerfreigabe(n) die vorhandenen Benutzerfreigaben angezeigt.<\/p>\n<p>Bilder k\u00f6nnen anderen Benutzern zur Verf\u00fcgung gestellt werden, indem sie freigegeben werden.<\/p>\n<p><em>Drag and Drop<\/em><\/p>\n<ul>\n<li>Um eine Benutzerfreigabe zu setzen, ziehen Sie aus dem Explorer und dem Register -&gt; Benutzer einen Benutzer in diese Liste.<\/li>\n<li>Um eine Benutzerfreigabe zu entfernen, ziehen Sie den Benutzer ausserhalb der Liste<\/li>\n<\/ul>\n<p><em>Context Men\u00fc (rechte Maustaste)<\/em><\/p>\n<ul>\n<li>\u201eneue Benutzerfreigabe hinzuf\u00fcgen\u201c stellt Ihnen ein Suchfenster zur Verf\u00fcgung, um einen Benutzer hinzuzuf\u00fcgen<\/li>\n<li>\u201eausgew\u00e4hlte Benutzerfreigabe l\u00f6schen\u201c entfernt die Freigabe f\u00fcr den Benutzer<\/li>\n<li>\u201ealle Benutzerfreigaben aktualisieren\u201c aktualisiert die Liste<\/li>\n<\/ul>\n<p>Die Benutzerfreigabe f\u00fcr den eigenen Benutzer kann nicht bearbeitet werden.<\/p>\n<p><strong>Wiedervorlage<\/strong><\/p>\n<p><a href=\"http:\/\/handbuch.immo-meets-office.de\/wp-content\/uploads\/2015\/09\/Dokumente-Wiedervorlage.jpg\"><img loading=\"lazy\" decoding=\"async\" class=\"alignnone size-medium wp-image-441\" src=\"http:\/\/handbuch.immo-meets-office.de\/wp-content\/uploads\/2015\/09\/Dokumente-Wiedervorlage-289x300.jpg\" alt=\"Dokumente-Wiedervorlage\" width=\"289\" height=\"300\" srcset=\"https:\/\/handbuch.immo-meets-office.com\/wp-content\/uploads\/2015\/09\/Dokumente-Wiedervorlage-289x300.jpg 289w, https:\/\/handbuch.immo-meets-office.com\/wp-content\/uploads\/2015\/09\/Dokumente-Wiedervorlage.jpg 488w\" sizes=\"auto, (max-width: 289px) 100vw, 289px\" \/><\/a><\/p>\n<p>Nach Auswahl eines Bildes werden im Register Wiedervorlage die vorhandenen Wiedervorlagen zu diesem Bild angezeigt.<\/p>\n<p>Ein Bild kann mehrere Wiedervorlagen enthalten.<\/p>\n<p>Die Wiedervorlage schr\u00e4nkt die Anzeige immer auf das heutige Tagesdatum ein.<\/p>\n<p>Um zuk\u00fcnftige Wiedervorlagedaten anzuzeigen, \u00e4ndern Sie das Bis-Datum.<\/p>\n<p><em>Context Men\u00fc (rechte Maustaste)<\/em><\/p>\n<ul>\n<li>&#8222;gew\u00e4hlte Wiedervorlage bearbeiten&#8220; bearbeitet das Datum der Wiedervorlage<\/li>\n<li>&#8222;gew\u00e4hlte Wiedervorlage l\u00f6schen&#8220; l\u00f6scht die Wiedervorlage<\/li>\n<li>&#8222;Wiedervorlage aktualisieren&#8220; aktualisiert die Liste<\/li>\n<\/ul>\n<p><strong>Vorschau<\/strong><\/p>\n<p><a href=\"http:\/\/handbuch.immo-meets-office.de\/wp-content\/uploads\/2015\/09\/Bilder-Vorschau.jpg\"><img loading=\"lazy\" decoding=\"async\" class=\"alignnone size-medium wp-image-451\" src=\"http:\/\/handbuch.immo-meets-office.de\/wp-content\/uploads\/2015\/09\/Bilder-Vorschau-300x67.jpg\" alt=\"Bilder-Vorschau\" width=\"300\" height=\"67\" srcset=\"https:\/\/handbuch.immo-meets-office.com\/wp-content\/uploads\/2015\/09\/Bilder-Vorschau-300x67.jpg 300w, https:\/\/handbuch.immo-meets-office.com\/wp-content\/uploads\/2015\/09\/Bilder-Vorschau-1024x228.jpg 1024w, https:\/\/handbuch.immo-meets-office.com\/wp-content\/uploads\/2015\/09\/Bilder-Vorschau.jpg 1533w\" sizes=\"auto, (max-width: 300px) 100vw, 300px\" \/><\/a><\/p>\n<p>Nach Auswahl eines Bildes wird im unteren Fenster und Register Vorschau die Vorschau des Bildes angezeigt.<\/p>\n<p><strong>OCR<\/strong><\/p>\n<p><a href=\"http:\/\/handbuch.immo-meets-office.de\/wp-content\/uploads\/2015\/09\/Bilder-OCR.jpg\"><img loading=\"lazy\" decoding=\"async\" class=\"alignnone size-medium wp-image-452\" src=\"http:\/\/handbuch.immo-meets-office.de\/wp-content\/uploads\/2015\/09\/Bilder-OCR-300x64.jpg\" alt=\"Bilder-OCR\" width=\"300\" height=\"64\" srcset=\"https:\/\/handbuch.immo-meets-office.com\/wp-content\/uploads\/2015\/09\/Bilder-OCR-300x64.jpg 300w, https:\/\/handbuch.immo-meets-office.com\/wp-content\/uploads\/2015\/09\/Bilder-OCR-1024x219.jpg 1024w, https:\/\/handbuch.immo-meets-office.com\/wp-content\/uploads\/2015\/09\/Bilder-OCR.jpg 1532w\" sizes=\"auto, (max-width: 300px) 100vw, 300px\" \/><\/a><\/p>\n<p>Nach Auswahl eines Bildes wird im unteren Fenster und Register OCR der extrahierte Text aus dem Bild angezeigt.<\/p>\n","protected":false},"excerpt":{"rendered":"<p>Men\u00fc Ansicht -&gt; Storages -&gt; Bilder oder Toolleiste -&gt; Bilder \u00dcber diesen Men\u00fcpunkt gelangen Sie zur Bearbeitung der Bilder.<\/p>\n","protected":false},"author":1,"featured_media":0,"parent":90,"menu_order":6,"comment_status":"closed","ping_status":"closed","template":"","meta":{"footnotes":""},"class_list":["post-251","page","type-page","status-publish","hentry","entry"],"_links":{"self":[{"href":"https:\/\/handbuch.immo-meets-office.com\/index.php?rest_route=\/wp\/v2\/pages\/251","targetHints":{"allow":["GET"]}}],"collection":[{"href":"https:\/\/handbuch.immo-meets-office.com\/index.php?rest_route=\/wp\/v2\/pages"}],"about":[{"href":"https:\/\/handbuch.immo-meets-office.com\/index.php?rest_route=\/wp\/v2\/types\/page"}],"author":[{"embeddable":true,"href":"https:\/\/handbuch.immo-meets-office.com\/index.php?rest_route=\/wp\/v2\/users\/1"}],"replies":[{"embeddable":true,"href":"https:\/\/handbuch.immo-meets-office.com\/index.php?rest_route=%2Fwp%2Fv2%2Fcomments&post=251"}],"version-history":[{"count":6,"href":"https:\/\/handbuch.immo-meets-office.com\/index.php?rest_route=\/wp\/v2\/pages\/251\/revisions"}],"predecessor-version":[{"id":483,"href":"https:\/\/handbuch.immo-meets-office.com\/index.php?rest_route=\/wp\/v2\/pages\/251\/revisions\/483"}],"up":[{"embeddable":true,"href":"https:\/\/handbuch.immo-meets-office.com\/index.php?rest_route=\/wp\/v2\/pages\/90"}],"wp:attachment":[{"href":"https:\/\/handbuch.immo-meets-office.com\/index.php?rest_route=%2Fwp%2Fv2%2Fmedia&parent=251"}],"curies":[{"name":"wp","href":"https:\/\/api.w.org\/{rel}","templated":true}]}}