{"id":232,"date":"2015-09-02T15:24:19","date_gmt":"2015-09-02T14:24:19","guid":{"rendered":"http:\/\/handbuch.immo-meets-office.de\/?page_id=232"},"modified":"2015-09-07T16:08:07","modified_gmt":"2015-09-07T15:08:07","slug":"auswahllisten","status":"publish","type":"page","link":"https:\/\/handbuch.immo-meets-office.com\/?page_id=232","title":{"rendered":"Auswahlliste"},"content":{"rendered":"<p>\u00dcber den Button &#8222;Auswahlliste bearbeiten&#8220; in den dynamischen Feldern gelangen Sie zur Bearbeitung der Daten f\u00fcr die Auswahlliste<\/p>\n<p><a href=\"http:\/\/handbuch.immo-meets-office.de\/wp-content\/uploads\/2015\/09\/Auswahlliste-Button.jpg\"><img loading=\"lazy\" decoding=\"async\" class=\"alignnone size-medium wp-image-352\" src=\"http:\/\/handbuch.immo-meets-office.de\/wp-content\/uploads\/2015\/09\/Auswahlliste-Button-300x181.jpg\" alt=\"Auswahlliste-Button\" width=\"300\" height=\"181\" srcset=\"https:\/\/handbuch.immo-meets-office.com\/wp-content\/uploads\/2015\/09\/Auswahlliste-Button-300x181.jpg 300w, https:\/\/handbuch.immo-meets-office.com\/wp-content\/uploads\/2015\/09\/Auswahlliste-Button.jpg 358w\" sizes=\"auto, (max-width: 300px) 100vw, 300px\" \/><\/a><\/p>\n<p><!--more--><\/p>\n<p><strong>Auswahlliste<\/strong><\/p>\n<p><a href=\"http:\/\/handbuch.immo-meets-office.de\/wp-content\/uploads\/2015\/09\/Auswahlliste.jpg\"><img loading=\"lazy\" decoding=\"async\" class=\"alignnone size-medium wp-image-353\" src=\"http:\/\/handbuch.immo-meets-office.de\/wp-content\/uploads\/2015\/09\/Auswahlliste-300x247.jpg\" alt=\"Auswahlliste\" width=\"300\" height=\"247\" srcset=\"https:\/\/handbuch.immo-meets-office.com\/wp-content\/uploads\/2015\/09\/Auswahlliste-300x247.jpg 300w, https:\/\/handbuch.immo-meets-office.com\/wp-content\/uploads\/2015\/09\/Auswahlliste.jpg 755w\" sizes=\"auto, (max-width: 300px) 100vw, 300px\" \/><\/a><\/p>\n<p>In der Auswahlliste k\u00f6nnen Sie Datens\u00e4tze f\u00fcr die Auswahl in der Auswahlliste bereit stellen.<\/p>\n<p>Pflichtfelder sind mit einem * gekennzeichnet.<\/p>\n<p>W\u00e4hlen Sie einen Datensatz aus der Liste oder verwenden Sie das Context Men\u00fc, um eine neuen Datensatz anzulegen.<\/p>\n<p><a href=\"http:\/\/handbuch.immo-meets-office.de\/wp-content\/uploads\/2015\/09\/Auswahlliste-Select.jpg\"><img loading=\"lazy\" decoding=\"async\" class=\"alignnone size-medium wp-image-354\" src=\"http:\/\/handbuch.immo-meets-office.de\/wp-content\/uploads\/2015\/09\/Auswahlliste-Select-151x300.jpg\" alt=\"Auswahlliste-Select\" width=\"151\" height=\"300\" srcset=\"https:\/\/handbuch.immo-meets-office.com\/wp-content\/uploads\/2015\/09\/Auswahlliste-Select-151x300.jpg 151w, https:\/\/handbuch.immo-meets-office.com\/wp-content\/uploads\/2015\/09\/Auswahlliste-Select.jpg 315w\" sizes=\"auto, (max-width: 151px) 100vw, 151px\" \/><\/a><\/p>\n<p><em>Context Men\u00fc (rechte Maustaste)<\/em><\/p>\n<ul>\n<li>\u201eneuen Datensatz erstellen\u201c erstellt einen neuen Datensatz<\/li>\n<li>\u201ealle Datens\u00e4tze aktualisieren\u201c aktualisiert die Liste<\/li>\n<\/ul>\n<p><strong>Datensatz<\/strong><\/p>\n<p><a href=\"http:\/\/handbuch.immo-meets-office.de\/wp-content\/uploads\/2015\/09\/Auswahlliste-Header.jpg\"><img loading=\"lazy\" decoding=\"async\" class=\"alignnone size-medium wp-image-356\" src=\"http:\/\/handbuch.immo-meets-office.de\/wp-content\/uploads\/2015\/09\/Auswahlliste-Header-300x69.jpg\" alt=\"Auswahlliste-Header\" width=\"300\" height=\"69\" srcset=\"https:\/\/handbuch.immo-meets-office.com\/wp-content\/uploads\/2015\/09\/Auswahlliste-Header-300x69.jpg 300w, https:\/\/handbuch.immo-meets-office.com\/wp-content\/uploads\/2015\/09\/Auswahlliste-Header.jpg 436w\" sizes=\"auto, (max-width: 300px) 100vw, 300px\" \/><\/a><\/p>\n<ul>\n<li>Sortierung: legt die Sortierreihenfolge des Datensatzes fest<\/li>\n<li>Bezeichnung: legt den Namen des Datensatzes fest<\/li>\n<\/ul>\n<p>Sie k\u00f6nnen als Sortierung auch alphanumerische Zeichen verwenden.<\/p>\n","protected":false},"excerpt":{"rendered":"<p>\u00dcber den Button &#8222;Auswahlliste bearbeiten&#8220; in den dynamischen Feldern gelangen Sie zur Bearbeitung der Daten f\u00fcr die Auswahlliste<\/p>\n","protected":false},"author":1,"featured_media":0,"parent":223,"menu_order":0,"comment_status":"closed","ping_status":"closed","template":"","meta":{"footnotes":""},"class_list":["post-232","page","type-page","status-publish","hentry","entry"],"_links":{"self":[{"href":"https:\/\/handbuch.immo-meets-office.com\/index.php?rest_route=\/wp\/v2\/pages\/232","targetHints":{"allow":["GET"]}}],"collection":[{"href":"https:\/\/handbuch.immo-meets-office.com\/index.php?rest_route=\/wp\/v2\/pages"}],"about":[{"href":"https:\/\/handbuch.immo-meets-office.com\/index.php?rest_route=\/wp\/v2\/types\/page"}],"author":[{"embeddable":true,"href":"https:\/\/handbuch.immo-meets-office.com\/index.php?rest_route=\/wp\/v2\/users\/1"}],"replies":[{"embeddable":true,"href":"https:\/\/handbuch.immo-meets-office.com\/index.php?rest_route=%2Fwp%2Fv2%2Fcomments&post=232"}],"version-history":[{"count":5,"href":"https:\/\/handbuch.immo-meets-office.com\/index.php?rest_route=\/wp\/v2\/pages\/232\/revisions"}],"predecessor-version":[{"id":418,"href":"https:\/\/handbuch.immo-meets-office.com\/index.php?rest_route=\/wp\/v2\/pages\/232\/revisions\/418"}],"up":[{"embeddable":true,"href":"https:\/\/handbuch.immo-meets-office.com\/index.php?rest_route=\/wp\/v2\/pages\/223"}],"wp:attachment":[{"href":"https:\/\/handbuch.immo-meets-office.com\/index.php?rest_route=%2Fwp%2Fv2%2Fmedia&parent=232"}],"curies":[{"name":"wp","href":"https:\/\/api.w.org\/{rel}","templated":true}]}}