{"id":225,"date":"2015-09-02T15:03:30","date_gmt":"2015-09-02T14:03:30","guid":{"rendered":"http:\/\/handbuch.immo-meets-office.de\/?page_id=225"},"modified":"2015-09-07T16:09:40","modified_gmt":"2015-09-07T15:09:40","slug":"ordner","status":"publish","type":"page","link":"https:\/\/handbuch.immo-meets-office.com\/?page_id=225","title":{"rendered":"Ordner"},"content":{"rendered":"<p><strong>Men\u00fc Bearbeiten -&gt; Tag(s) -&gt; Ordner<\/strong><\/p>\n<p>\u00dcber den Men\u00fcpunkt Bearbeiten -&gt; Tag(s) -&gt; Ordner gelangen Sie zur Bearbeitung der Ordner<\/p>\n<p><a href=\"http:\/\/handbuch.immo-meets-office.de\/wp-content\/uploads\/2015\/09\/Men\u00fc-Bearbeiten-Tags-Ordner.jpg\"><img loading=\"lazy\" decoding=\"async\" class=\"alignnone size-medium wp-image-359\" src=\"http:\/\/handbuch.immo-meets-office.de\/wp-content\/uploads\/2015\/09\/Men\u00fc-Bearbeiten-Tags-Ordner-300x84.jpg\" alt=\"Men\u00fc-Bearbeiten-Tags-Ordner\" width=\"300\" height=\"84\" srcset=\"https:\/\/handbuch.immo-meets-office.com\/wp-content\/uploads\/2015\/09\/Men\u00fc-Bearbeiten-Tags-Ordner-300x84.jpg 300w, https:\/\/handbuch.immo-meets-office.com\/wp-content\/uploads\/2015\/09\/Men\u00fc-Bearbeiten-Tags-Ordner.jpg 506w\" sizes=\"auto, (max-width: 300px) 100vw, 300px\" \/><\/a><\/p>\n<p><!--more--><\/p>\n<p><strong>Ordner<\/strong><\/p>\n<p><a href=\"http:\/\/handbuch.immo-meets-office.de\/wp-content\/uploads\/2015\/09\/Ordner.jpg\"><img loading=\"lazy\" decoding=\"async\" class=\"alignnone size-medium wp-image-360\" src=\"http:\/\/handbuch.immo-meets-office.de\/wp-content\/uploads\/2015\/09\/Ordner-300x246.jpg\" alt=\"Ordner\" width=\"300\" height=\"246\" srcset=\"https:\/\/handbuch.immo-meets-office.com\/wp-content\/uploads\/2015\/09\/Ordner-300x246.jpg 300w, https:\/\/handbuch.immo-meets-office.com\/wp-content\/uploads\/2015\/09\/Ordner.jpg 755w\" sizes=\"auto, (max-width: 300px) 100vw, 300px\" \/><\/a><\/p>\n<p>In den Ordnern k\u00f6nnen Sie f\u00fcr jede Art eine Ordnerstruktur f\u00fcr Ihre Daten (E-Mails, Dokumente, Bilder und Gespr\u00e4chsnotizen) bereit stellen.<\/p>\n<p>Pflichtfelder sind mit einem * gekennzeichnet.<\/p>\n<p>W\u00e4hlen Sie einen Ordner aus der Liste oder verwenden Sie das Context Men\u00fc, um einen neuen Ordner anzulegen.<\/p>\n<p><a href=\"http:\/\/handbuch.immo-meets-office.de\/wp-content\/uploads\/2015\/09\/Ordner-Select.jpg\"><img loading=\"lazy\" decoding=\"async\" class=\"alignnone size-medium wp-image-361\" src=\"http:\/\/handbuch.immo-meets-office.de\/wp-content\/uploads\/2015\/09\/Ordner-Select-190x300.jpg\" alt=\"Ordner-Select\" width=\"190\" height=\"300\" srcset=\"https:\/\/handbuch.immo-meets-office.com\/wp-content\/uploads\/2015\/09\/Ordner-Select-190x300.jpg 190w, https:\/\/handbuch.immo-meets-office.com\/wp-content\/uploads\/2015\/09\/Ordner-Select.jpg 392w\" sizes=\"auto, (max-width: 190px) 100vw, 190px\" \/><\/a><\/p>\n<p><em>Context Men\u00fc (rechte Maustaste)<\/em><\/p>\n<ul>\n<li>\u201eneuen Ordner erstellen\u201c erstellt einen neuen Ordner<\/li>\n<li>\u201ealle Ordner aktualisieren\u201c aktualisiert die Liste<\/li>\n<\/ul>\n<p><strong>Ordner<\/strong><\/p>\n<p><a href=\"http:\/\/handbuch.immo-meets-office.de\/wp-content\/uploads\/2015\/09\/Ordner-HEader.jpg\"><img loading=\"lazy\" decoding=\"async\" class=\"alignnone size-medium wp-image-362\" src=\"http:\/\/handbuch.immo-meets-office.de\/wp-content\/uploads\/2015\/09\/Ordner-HEader-300x91.jpg\" alt=\"Ordner-Header\" width=\"300\" height=\"91\" srcset=\"https:\/\/handbuch.immo-meets-office.com\/wp-content\/uploads\/2015\/09\/Ordner-HEader-300x91.jpg 300w, https:\/\/handbuch.immo-meets-office.com\/wp-content\/uploads\/2015\/09\/Ordner-HEader.jpg 358w\" sizes=\"auto, (max-width: 300px) 100vw, 300px\" \/><\/a><\/p>\n<ul>\n<li>Bezeichnung: legt den Namen des Ordners fest<\/li>\n<li>Untergeordnet: legt fest, welchem Ordner dieser Ordner untergeordnet ist<\/li>\n<\/ul>\n<p>Bitte f\u00fcllen Sie alle mit * gekennzeichneten Felder aus.<\/p>\n","protected":false},"excerpt":{"rendered":"<p>Men\u00fc Bearbeiten -&gt; Tag(s) -&gt; Ordner \u00dcber den Men\u00fcpunkt Bearbeiten -&gt; Tag(s) -&gt; Ordner gelangen Sie zur Bearbeitung der Ordner<\/p>\n","protected":false},"author":1,"featured_media":0,"parent":170,"menu_order":3,"comment_status":"closed","ping_status":"closed","template":"","meta":{"footnotes":""},"class_list":["post-225","page","type-page","status-publish","hentry","entry"],"_links":{"self":[{"href":"https:\/\/handbuch.immo-meets-office.com\/index.php?rest_route=\/wp\/v2\/pages\/225","targetHints":{"allow":["GET"]}}],"collection":[{"href":"https:\/\/handbuch.immo-meets-office.com\/index.php?rest_route=\/wp\/v2\/pages"}],"about":[{"href":"https:\/\/handbuch.immo-meets-office.com\/index.php?rest_route=\/wp\/v2\/types\/page"}],"author":[{"embeddable":true,"href":"https:\/\/handbuch.immo-meets-office.com\/index.php?rest_route=\/wp\/v2\/users\/1"}],"replies":[{"embeddable":true,"href":"https:\/\/handbuch.immo-meets-office.com\/index.php?rest_route=%2Fwp%2Fv2%2Fcomments&post=225"}],"version-history":[{"count":6,"href":"https:\/\/handbuch.immo-meets-office.com\/index.php?rest_route=\/wp\/v2\/pages\/225\/revisions"}],"predecessor-version":[{"id":420,"href":"https:\/\/handbuch.immo-meets-office.com\/index.php?rest_route=\/wp\/v2\/pages\/225\/revisions\/420"}],"up":[{"embeddable":true,"href":"https:\/\/handbuch.immo-meets-office.com\/index.php?rest_route=\/wp\/v2\/pages\/170"}],"wp:attachment":[{"href":"https:\/\/handbuch.immo-meets-office.com\/index.php?rest_route=%2Fwp%2Fv2%2Fmedia&parent=225"}],"curies":[{"name":"wp","href":"https:\/\/api.w.org\/{rel}","templated":true}]}}