{"id":223,"date":"2015-09-02T15:03:04","date_gmt":"2015-09-02T14:03:04","guid":{"rendered":"http:\/\/handbuch.immo-meets-office.de\/?page_id=223"},"modified":"2015-09-07T16:06:57","modified_gmt":"2015-09-07T15:06:57","slug":"dynamische-felder","status":"publish","type":"page","link":"https:\/\/handbuch.immo-meets-office.com\/?page_id=223","title":{"rendered":"Dynamische Felder"},"content":{"rendered":"<p><strong>Men\u00fc Bearbeiten -&gt; Tag(s) -&gt; Dynamische Felder<br \/>\n<\/strong><\/p>\n<p>\u00dcber den Men\u00fcpunkt Bearbeiten -&gt; Tag(s) -&gt; Dynamische Felder gelangen Sie zur Bearbeitung der dynmaischen Felder<\/p>\n<p><a href=\"http:\/\/handbuch.immo-meets-office.de\/wp-content\/uploads\/2015\/09\/Men\u00fc-Bearbeiten-Tags-Dynamische-Felder.jpg\"><img loading=\"lazy\" decoding=\"async\" class=\"alignnone size-medium wp-image-347\" src=\"http:\/\/handbuch.immo-meets-office.de\/wp-content\/uploads\/2015\/09\/Men\u00fc-Bearbeiten-Tags-Dynamische-Felder-300x86.jpg\" alt=\"Men\u00fc-Bearbeiten-Tags-Dynamische Felder\" width=\"300\" height=\"86\" srcset=\"https:\/\/handbuch.immo-meets-office.com\/wp-content\/uploads\/2015\/09\/Men\u00fc-Bearbeiten-Tags-Dynamische-Felder-300x86.jpg 300w, https:\/\/handbuch.immo-meets-office.com\/wp-content\/uploads\/2015\/09\/Men\u00fc-Bearbeiten-Tags-Dynamische-Felder.jpg 507w\" sizes=\"auto, (max-width: 300px) 100vw, 300px\" \/><\/a><\/p>\n<p><!--more--><\/p>\n<p><strong>Dynamische Felder<\/strong><\/p>\n<p><a href=\"http:\/\/handbuch.immo-meets-office.de\/wp-content\/uploads\/2015\/09\/Dynamische-Felder.jpg\"><img loading=\"lazy\" decoding=\"async\" class=\"alignnone size-medium wp-image-348\" src=\"http:\/\/handbuch.immo-meets-office.de\/wp-content\/uploads\/2015\/09\/Dynamische-Felder-300x247.jpg\" alt=\"Dynamische Felder\" width=\"300\" height=\"247\" srcset=\"https:\/\/handbuch.immo-meets-office.com\/wp-content\/uploads\/2015\/09\/Dynamische-Felder-300x247.jpg 300w, https:\/\/handbuch.immo-meets-office.com\/wp-content\/uploads\/2015\/09\/Dynamische-Felder.jpg 752w\" sizes=\"auto, (max-width: 300px) 100vw, 300px\" \/><\/a><\/p>\n<p>In den dynamischen Feldern erhalten Sie die M\u00f6glichkeit Felder f\u00fcr die Eingabe in den Tag(s) Details zu erstellen.<\/p>\n<p>Im Programm gibt es keine festen Tag-\/Stammdaten Felder. Wenn Sie ein Feld ben\u00f6tigen, um Daten zu einem Tag zu speichern, k\u00f6nnen Sie dieses hier einrichten.<\/p>\n<p>Bsp.: Wenn Sie in einer Art &#8222;Adresse&#8220; ein Geburtsdatum erfassen m\u00f6chten, geben Sie hier als Bezeichnung &#8222;Geburtsdatum&#8220; und die Feldart &#8222;Datum&#8220; an. Das dynamische Feld steht nach dem speichern jedem Tag der Art &#8222;Adresse&#8220; zur Verf\u00fcgung und kann belegt werden.<\/p>\n<p>Pflichtfelder sind mit einem * gekennzeichnet.<\/p>\n<p>W\u00e4hlen Sie ein dynamisches Feld aus der Liste oder verwenden Sie das Context Men\u00fc, um ein neues dynamisches Feld anzulegen.<\/p>\n<p><em>Context Men\u00fc (rechte Maustaste)<\/em><\/p>\n<ul>\n<li>\u201eneues dynamisches Feld erstellen\u201c erstellt ein neues dynamisches Feld<\/li>\n<li>\u201ealle dynamischen Felder aktualisieren\u201c aktualisiert die Liste<\/li>\n<\/ul>\n<p><strong>Dynamisches Feld<\/strong><\/p>\n<p><a href=\"http:\/\/handbuch.immo-meets-office.de\/wp-content\/uploads\/2015\/09\/Dynamische-Felder-Header.jpg\"><img loading=\"lazy\" decoding=\"async\" class=\"alignnone size-medium wp-image-349\" src=\"http:\/\/handbuch.immo-meets-office.de\/wp-content\/uploads\/2015\/09\/Dynamische-Felder-Header-300x141.jpg\" alt=\"Dynamische Felder-Header\" width=\"300\" height=\"141\" srcset=\"https:\/\/handbuch.immo-meets-office.com\/wp-content\/uploads\/2015\/09\/Dynamische-Felder-Header-300x141.jpg 300w, https:\/\/handbuch.immo-meets-office.com\/wp-content\/uploads\/2015\/09\/Dynamische-Felder-Header.jpg 359w\" sizes=\"auto, (max-width: 300px) 100vw, 300px\" \/><\/a><\/p>\n<ul>\n<li>Sortierung: legt die Sortierreihenfolge des dynamisches Feldes fest<\/li>\n<li>Bezeichnung: legt den Namen des dynamisches Feldes fest<\/li>\n<li>Feldart: legt den Datentyp fest, der in den Tag(s) Details angegeben werden kann<\/li>\n<li>Gruppe: legt die Zurodnung des dynamischen Feldes zu einer Gruppe fest<\/li>\n<\/ul>\n<p>Bitte f\u00fcllen Sie alle mit * gekennzeichneten Felder aus.<\/p>\n<p>Sie k\u00f6nnen als Sortierung auch alphanumerische Zeichen verwenden.<\/p>\n<p><strong>Feldart<\/strong><\/p>\n<p>Die Feldart definiert die Eingabem\u00f6glichkeit in den Tag(Details). Als Feldart\/Datentyp stehen Ihnen nachfolgende M\u00f6glichkeiten zur Verf\u00fcgung:<\/p>\n<ul>\n<li>Auswahlliste<\/li>\n<li>Autowert (numerisch)<\/li>\n<li>Datum<\/li>\n<li>Datum Uhrzeit<\/li>\n<li>Ganze Zahl mit Vorzeichen (-2.147.483.648 bis 2.147.483.647)<\/li>\n<li>Ganze Zahl mit Vorzeichen (-32.768 bis 32.767)<\/li>\n<li>Ganze Zahl mit Vorzeichen (-9.223.372.036.854.775.808 bis 9.223.372.036.854.775.807)<\/li>\n<li>Logischer boolescher Typ (Ja oder Nein)<\/li>\n<li>Pr\u00e4ziser Bruchtyp oder ganzzahliger Typ, der Dezimalzahlen mit 29 signifikanten Stellen darstellen kann<\/li>\n<li>Tag(s)auswahl<\/li>\n<li>Text<\/li>\n<li>Uhrzeit<\/li>\n<li>W\u00e4hrung<\/li>\n<\/ul>\n<p>Bei der Feldart Auswahlliste wird nach dem Speichern der Button &#8222;Auswahlliste bearbeiten&#8220; angezeigt. Dar\u00fcber gelangen Sie zur Eingabe der Daten, die in der Auswahlliste bereitgestellt werden sollen.<\/p>\n<p>&nbsp;<\/p>\n","protected":false},"excerpt":{"rendered":"<p>Men\u00fc Bearbeiten -&gt; Tag(s) -&gt; Dynamische Felder \u00dcber den Men\u00fcpunkt Bearbeiten -&gt; Tag(s) -&gt; Dynamische Felder gelangen Sie zur Bearbeitung der dynmaischen Felder<\/p>\n","protected":false},"author":1,"featured_media":0,"parent":170,"menu_order":2,"comment_status":"closed","ping_status":"closed","template":"","meta":{"footnotes":""},"class_list":["post-223","page","type-page","status-publish","hentry","entry"],"_links":{"self":[{"href":"https:\/\/handbuch.immo-meets-office.com\/index.php?rest_route=\/wp\/v2\/pages\/223","targetHints":{"allow":["GET"]}}],"collection":[{"href":"https:\/\/handbuch.immo-meets-office.com\/index.php?rest_route=\/wp\/v2\/pages"}],"about":[{"href":"https:\/\/handbuch.immo-meets-office.com\/index.php?rest_route=\/wp\/v2\/types\/page"}],"author":[{"embeddable":true,"href":"https:\/\/handbuch.immo-meets-office.com\/index.php?rest_route=\/wp\/v2\/users\/1"}],"replies":[{"embeddable":true,"href":"https:\/\/handbuch.immo-meets-office.com\/index.php?rest_route=%2Fwp%2Fv2%2Fcomments&post=223"}],"version-history":[{"count":6,"href":"https:\/\/handbuch.immo-meets-office.com\/index.php?rest_route=\/wp\/v2\/pages\/223\/revisions"}],"predecessor-version":[{"id":417,"href":"https:\/\/handbuch.immo-meets-office.com\/index.php?rest_route=\/wp\/v2\/pages\/223\/revisions\/417"}],"up":[{"embeddable":true,"href":"https:\/\/handbuch.immo-meets-office.com\/index.php?rest_route=\/wp\/v2\/pages\/170"}],"wp:attachment":[{"href":"https:\/\/handbuch.immo-meets-office.com\/index.php?rest_route=%2Fwp%2Fv2%2Fmedia&parent=223"}],"curies":[{"name":"wp","href":"https:\/\/api.w.org\/{rel}","templated":true}]}}