{"id":219,"date":"2015-09-02T15:01:56","date_gmt":"2015-09-02T14:01:56","guid":{"rendered":"http:\/\/handbuch.immo-meets-office.de\/?page_id=219"},"modified":"2015-09-07T14:23:27","modified_gmt":"2015-09-07T13:23:27","slug":"arten","status":"publish","type":"page","link":"https:\/\/handbuch.immo-meets-office.com\/?page_id=219","title":{"rendered":"Arten"},"content":{"rendered":"<p><strong>Men\u00fc Bearbeiten -&gt; Tag(s) -&gt; Arten<br \/>\n<\/strong><\/p>\n<p>\u00dcber den Men\u00fcpunkt Bearbeiten -&gt; Tag(s) -&gt; Arten gelangen Sie zur Bearbeitung der Arten.<\/p>\n<p><a href=\"http:\/\/handbuch.immo-meets-office.de\/wp-content\/uploads\/2015\/09\/Men\u00fc-Bearbeiten-Tags-Arten.jpg\"><img loading=\"lazy\" decoding=\"async\" class=\"alignnone size-medium wp-image-328\" src=\"http:\/\/handbuch.immo-meets-office.de\/wp-content\/uploads\/2015\/09\/Men\u00fc-Bearbeiten-Tags-Arten-300x88.jpg\" alt=\"Men\u00fc-Bearbeiten-Tags-Arten\" width=\"300\" height=\"88\" srcset=\"https:\/\/handbuch.immo-meets-office.com\/wp-content\/uploads\/2015\/09\/Men\u00fc-Bearbeiten-Tags-Arten-300x88.jpg 300w, https:\/\/handbuch.immo-meets-office.com\/wp-content\/uploads\/2015\/09\/Men\u00fc-Bearbeiten-Tags-Arten.jpg 507w\" sizes=\"auto, (max-width: 300px) 100vw, 300px\" \/><\/a><\/p>\n<p><!--more--><strong>Arten<\/strong><\/p>\n<p><a href=\"http:\/\/handbuch.immo-meets-office.de\/wp-content\/uploads\/2015\/09\/Arten.jpg\"><img loading=\"lazy\" decoding=\"async\" class=\"alignnone size-medium wp-image-329\" src=\"http:\/\/handbuch.immo-meets-office.de\/wp-content\/uploads\/2015\/09\/Arten-300x246.jpg\" alt=\"Arten\" width=\"300\" height=\"246\" srcset=\"https:\/\/handbuch.immo-meets-office.com\/wp-content\/uploads\/2015\/09\/Arten-300x246.jpg 300w, https:\/\/handbuch.immo-meets-office.com\/wp-content\/uploads\/2015\/09\/Arten.jpg 749w\" sizes=\"auto, (max-width: 300px) 100vw, 300px\" \/><\/a><\/p>\n<p>In den Arten k\u00f6nnen Sie Ihre Tag(s) (Stammdaten) in unterschiedliche Bereiche gruppieren und strukturieren.<\/p>\n<p>Pflichtfelder sind mit einem * gekennzeichnet.<\/p>\n<p>W\u00e4hlen Sie eine Art aus der Liste oder verwenden Sie das Context Men\u00fc, um eine neue Art anzulegen.<\/p>\n<p><a href=\"http:\/\/handbuch.immo-meets-office.de\/wp-content\/uploads\/2015\/09\/Arten-Select.jpg\"><img loading=\"lazy\" decoding=\"async\" class=\"alignnone size-medium wp-image-330\" src=\"http:\/\/handbuch.immo-meets-office.de\/wp-content\/uploads\/2015\/09\/Arten-Select-153x300.jpg\" alt=\"Arten-Select\" width=\"153\" height=\"300\" srcset=\"https:\/\/handbuch.immo-meets-office.com\/wp-content\/uploads\/2015\/09\/Arten-Select-153x300.jpg 153w, https:\/\/handbuch.immo-meets-office.com\/wp-content\/uploads\/2015\/09\/Arten-Select.jpg 313w\" sizes=\"auto, (max-width: 153px) 100vw, 153px\" \/><\/a><\/p>\n<p><em>Context Men\u00fc (rechte Maustaste)<\/em><\/p>\n<ul>\n<li>&#8222;neue Art erstellen&#8220; erstellt einen neue Art<\/li>\n<li>&#8222;alle Arten aktualisieren&#8220; aktualisiert die Liste<\/li>\n<\/ul>\n<p><strong>Art<\/strong><\/p>\n<p><a href=\"http:\/\/handbuch.immo-meets-office.de\/wp-content\/uploads\/2015\/09\/Arten-Header.jpg\"><img loading=\"lazy\" decoding=\"async\" class=\"alignnone size-medium wp-image-331\" src=\"http:\/\/handbuch.immo-meets-office.de\/wp-content\/uploads\/2015\/09\/Arten-Header-300x186.jpg\" alt=\"Arten-Header\" width=\"300\" height=\"186\" srcset=\"https:\/\/handbuch.immo-meets-office.com\/wp-content\/uploads\/2015\/09\/Arten-Header-300x186.jpg 300w, https:\/\/handbuch.immo-meets-office.com\/wp-content\/uploads\/2015\/09\/Arten-Header.jpg 433w\" sizes=\"auto, (max-width: 300px) 100vw, 300px\" \/><\/a><\/p>\n<ul>\n<li>Bezeichnung: legt den Namen der Art fest<\/li>\n<\/ul>\n<p>Bitte f\u00fcllen Sie alle mit * gekennzeichneten Felder aus.<\/p>\n<p>Die nachfolgenden Optionen bieten Ihnen die M\u00f6glichkeit, vordefinierte Gruppe sowie Dynamische Felder f\u00fcr diese Art erstellen zu lassen.<\/p>\n<ul>\n<li>Enth\u00e4lt Adressdaten<\/li>\n<li>Enth\u00e4lt Debitordaten<\/li>\n<li>Enth\u00e4lt Kreditordaten<\/li>\n<li>Enth\u00e4lt Artikel-\/Leistungsverwaltung<\/li>\n<\/ul>\n<ul>\n<li>Onlinefreigabe: legt fest, ob Tag(s) dieser Art mit einer Onlinefreigabe belegt werden<\/li>\n<\/ul>\n<p>&nbsp;<\/p>\n","protected":false},"excerpt":{"rendered":"<p>Men\u00fc Bearbeiten -&gt; Tag(s) -&gt; Arten \u00dcber den Men\u00fcpunkt Bearbeiten -&gt; Tag(s) -&gt; Arten gelangen Sie zur Bearbeitung der Arten.<\/p>\n","protected":false},"author":1,"featured_media":0,"parent":170,"menu_order":0,"comment_status":"closed","ping_status":"closed","template":"","meta":{"footnotes":""},"class_list":["post-219","page","type-page","status-publish","hentry","entry"],"_links":{"self":[{"href":"https:\/\/handbuch.immo-meets-office.com\/index.php?rest_route=\/wp\/v2\/pages\/219","targetHints":{"allow":["GET"]}}],"collection":[{"href":"https:\/\/handbuch.immo-meets-office.com\/index.php?rest_route=\/wp\/v2\/pages"}],"about":[{"href":"https:\/\/handbuch.immo-meets-office.com\/index.php?rest_route=\/wp\/v2\/types\/page"}],"author":[{"embeddable":true,"href":"https:\/\/handbuch.immo-meets-office.com\/index.php?rest_route=\/wp\/v2\/users\/1"}],"replies":[{"embeddable":true,"href":"https:\/\/handbuch.immo-meets-office.com\/index.php?rest_route=%2Fwp%2Fv2%2Fcomments&post=219"}],"version-history":[{"count":6,"href":"https:\/\/handbuch.immo-meets-office.com\/index.php?rest_route=\/wp\/v2\/pages\/219\/revisions"}],"predecessor-version":[{"id":410,"href":"https:\/\/handbuch.immo-meets-office.com\/index.php?rest_route=\/wp\/v2\/pages\/219\/revisions\/410"}],"up":[{"embeddable":true,"href":"https:\/\/handbuch.immo-meets-office.com\/index.php?rest_route=\/wp\/v2\/pages\/170"}],"wp:attachment":[{"href":"https:\/\/handbuch.immo-meets-office.com\/index.php?rest_route=%2Fwp%2Fv2%2Fmedia&parent=219"}],"curies":[{"name":"wp","href":"https:\/\/api.w.org\/{rel}","templated":true}]}}