{"id":2,"date":"2015-04-28T17:20:49","date_gmt":"2015-04-28T16:20:49","guid":{"rendered":"http:\/\/localhost\/wordpress-4.0.1\/wordpress\/?page_id=2"},"modified":"2015-09-10T18:35:48","modified_gmt":"2015-09-10T17:35:48","slug":"sample-page","status":"publish","type":"page","link":"https:\/\/handbuch.immo-meets-office.com\/","title":{"rendered":"Willkommen"},"content":{"rendered":"<p>bei der offiziellen Immo Meets Office UG (haftungsbeschr\u00e4nkt) Online Handbuch Seite.<\/p>\n<p>Diese Seite stellt Ihnen aktuelle Handb\u00fccher zu den Produkten der Immo Meets Office UG (haftungsbeschr\u00e4nkt) zur Verf\u00fcgung. Bitte beachten Sie hierzu die <a href=\"https:\/\/handbuch.immo-meets-office.de\/?page_id=39\">Hinweise<\/a>.<\/p>\n<p>Einzelne Hilfethemen k\u00f6nnen Sie aus dem Programm heraus \u00fcber das <a href=\"https:\/\/handbuch.immo-meets-office.de\/?p=116\">Hilfe<\/a> Symbol aufrufen.<\/p>\n<p>Mit freundlichen Gr\u00fc\u00dfen<\/p>\n<p>Ihr Immo Meets Office UG (haftungsbeschr\u00e4nkt)\u00a0 Team<\/p>\n","protected":false},"excerpt":{"rendered":"<p>bei der offiziellen Immo Meets Office UG (haftungsbeschr\u00e4nkt) Online Handbuch Seite. Diese Seite stellt Ihnen aktuelle Handb\u00fccher zu den Produkten der Immo Meets Office UG&#8230;<\/p>\n<div class=\"more-link-wrapper\"><a class=\"more-link\" href=\"https:\/\/handbuch.immo-meets-office.com\/\">Weiterlesen<span class=\"screen-reader-text\">Willkommen<\/span><\/a><\/div>\n","protected":false},"author":1,"featured_media":0,"parent":0,"menu_order":1,"comment_status":"closed","ping_status":"closed","template":"","meta":{"footnotes":""},"class_list":["post-2","page","type-page","status-publish","hentry","entry"],"_links":{"self":[{"href":"https:\/\/handbuch.immo-meets-office.com\/index.php?rest_route=\/wp\/v2\/pages\/2","targetHints":{"allow":["GET"]}}],"collection":[{"href":"https:\/\/handbuch.immo-meets-office.com\/index.php?rest_route=\/wp\/v2\/pages"}],"about":[{"href":"https:\/\/handbuch.immo-meets-office.com\/index.php?rest_route=\/wp\/v2\/types\/page"}],"author":[{"embeddable":true,"href":"https:\/\/handbuch.immo-meets-office.com\/index.php?rest_route=\/wp\/v2\/users\/1"}],"replies":[{"embeddable":true,"href":"https:\/\/handbuch.immo-meets-office.com\/index.php?rest_route=%2Fwp%2Fv2%2Fcomments&post=2"}],"version-history":[{"count":6,"href":"https:\/\/handbuch.immo-meets-office.com\/index.php?rest_route=\/wp\/v2\/pages\/2\/revisions"}],"predecessor-version":[{"id":736,"href":"https:\/\/handbuch.immo-meets-office.com\/index.php?rest_route=\/wp\/v2\/pages\/2\/revisions\/736"}],"wp:attachment":[{"href":"https:\/\/handbuch.immo-meets-office.com\/index.php?rest_route=%2Fwp%2Fv2%2Fmedia&parent=2"}],"curies":[{"name":"wp","href":"https:\/\/api.w.org\/{rel}","templated":true}]}}