{"id":138,"date":"2015-09-02T12:05:35","date_gmt":"2015-09-02T11:05:35","guid":{"rendered":"http:\/\/handbuch.immo-meets-office.de\/?page_id=138"},"modified":"2015-09-07T13:59:00","modified_gmt":"2015-09-07T12:59:00","slug":"benutzer-2","status":"publish","type":"page","link":"https:\/\/handbuch.immo-meets-office.com\/?page_id=138","title":{"rendered":"Benutzer"},"content":{"rendered":"<p><strong>Men\u00fc Datei -&gt; Benutzer<\/strong><\/p>\n<p>\u00dcber den Men\u00fcpunkt Datei -&gt; Benutzer erhalten Sie folgende Men\u00fcpunkte<\/p>\n<ul>\n<li><a href=\"http:\/\/handbuch.immo-meets-office.de\/?page_id=134\">Benutzer<\/a><\/li>\n<li><a href=\"http:\/\/handbuch.immo-meets-office.de\/?page_id=143\">Benutzerfreigaben<\/a><\/li>\n<\/ul>\n<p>&nbsp;<\/p>\n<p>Sie ben\u00f6tigen jedoch administrative Rechte, um alle Benutzerdaten bzw. Benutzerfreigaben zu bearbeiten.<\/p>\n<p>Ohne administrative Rechte k\u00f6nnen Sie nur Ihre eigenen Benutzerdaten bearbeiten.<\/p>\n","protected":false},"excerpt":{"rendered":"<p>Men\u00fc Datei -&gt; Benutzer \u00dcber den Men\u00fcpunkt Datei -&gt; Benutzer erhalten Sie folgende Men\u00fcpunkte Benutzer Benutzerfreigaben &nbsp; Sie ben\u00f6tigen jedoch administrative Rechte, um alle Benutzerdaten&#8230;<\/p>\n<div class=\"more-link-wrapper\"><a class=\"more-link\" href=\"https:\/\/handbuch.immo-meets-office.com\/?page_id=138\">Weiterlesen<span class=\"screen-reader-text\">Benutzer<\/span><\/a><\/div>\n","protected":false},"author":1,"featured_media":0,"parent":90,"menu_order":1,"comment_status":"closed","ping_status":"closed","template":"","meta":{"footnotes":""},"class_list":["post-138","page","type-page","status-publish","hentry","entry"],"_links":{"self":[{"href":"https:\/\/handbuch.immo-meets-office.com\/index.php?rest_route=\/wp\/v2\/pages\/138","targetHints":{"allow":["GET"]}}],"collection":[{"href":"https:\/\/handbuch.immo-meets-office.com\/index.php?rest_route=\/wp\/v2\/pages"}],"about":[{"href":"https:\/\/handbuch.immo-meets-office.com\/index.php?rest_route=\/wp\/v2\/types\/page"}],"author":[{"embeddable":true,"href":"https:\/\/handbuch.immo-meets-office.com\/index.php?rest_route=\/wp\/v2\/users\/1"}],"replies":[{"embeddable":true,"href":"https:\/\/handbuch.immo-meets-office.com\/index.php?rest_route=%2Fwp%2Fv2%2Fcomments&post=138"}],"version-history":[{"count":9,"href":"https:\/\/handbuch.immo-meets-office.com\/index.php?rest_route=\/wp\/v2\/pages\/138\/revisions"}],"predecessor-version":[{"id":403,"href":"https:\/\/handbuch.immo-meets-office.com\/index.php?rest_route=\/wp\/v2\/pages\/138\/revisions\/403"}],"up":[{"embeddable":true,"href":"https:\/\/handbuch.immo-meets-office.com\/index.php?rest_route=\/wp\/v2\/pages\/90"}],"wp:attachment":[{"href":"https:\/\/handbuch.immo-meets-office.com\/index.php?rest_route=%2Fwp%2Fv2%2Fmedia&parent=138"}],"curies":[{"name":"wp","href":"https:\/\/api.w.org\/{rel}","templated":true}]}}