{"id":134,"date":"2015-09-02T12:01:27","date_gmt":"2015-09-02T11:01:27","guid":{"rendered":"http:\/\/handbuch.immo-meets-office.de\/?page_id=134"},"modified":"2015-09-20T14:21:30","modified_gmt":"2015-09-20T13:21:30","slug":"benutzer","status":"publish","type":"page","link":"https:\/\/handbuch.immo-meets-office.com\/?page_id=134","title":{"rendered":"Benutzer"},"content":{"rendered":"<p><strong>Men\u00fc Datei -&gt; Benutzer -&gt; Benutzer<br \/>\n<\/strong><\/p>\n<p>\u00dcber den Men\u00fcpunkt Datei -&gt; Benutzer -&gt; Benutzer gelangen Sie zur Bearbeitung der Benutzerdaten.<\/p>\n<p><a href=\"http:\/\/handbuch.immo-meets-office.de\/wp-content\/uploads\/2015\/09\/Men\u00fc-Date-Benutzer-Benutzer.jpg\"><img loading=\"lazy\" decoding=\"async\" class=\"alignnone size-medium wp-image-146\" src=\"http:\/\/handbuch.immo-meets-office.de\/wp-content\/uploads\/2015\/09\/Men\u00fc-Date-Benutzer-Benutzer-300x107.jpg\" alt=\"Men\u00fc-Date-Benutzer-Benutzer\" width=\"300\" height=\"107\" srcset=\"https:\/\/handbuch.immo-meets-office.com\/wp-content\/uploads\/2015\/09\/Men\u00fc-Date-Benutzer-Benutzer-300x107.jpg 300w, https:\/\/handbuch.immo-meets-office.com\/wp-content\/uploads\/2015\/09\/Men\u00fc-Date-Benutzer-Benutzer-150x54.jpg 150w, https:\/\/handbuch.immo-meets-office.com\/wp-content\/uploads\/2015\/09\/Men\u00fc-Date-Benutzer-Benutzer.jpg 499w\" sizes=\"auto, (max-width: 300px) 100vw, 300px\" \/><\/a><\/p>\n<p>Sie ben\u00f6tigen administrative Rechte, um alle Benutzerdaten sowie Einstellungen zu bearbeiten.<\/p>\n<p><!--more--><\/p>\n<p><strong>Benutzerdaten<\/strong><br \/>\n<a href=\"http:\/\/handbuch.immo-meets-office.de\/wp-content\/uploads\/2015\/09\/Benutzer.jpg\"><img loading=\"lazy\" decoding=\"async\" class=\"alignnone size-medium wp-image-176\" src=\"http:\/\/handbuch.immo-meets-office.de\/wp-content\/uploads\/2015\/09\/Benutzer-300x244.jpg\" alt=\"Benutzer\" width=\"300\" height=\"244\" srcset=\"https:\/\/handbuch.immo-meets-office.com\/wp-content\/uploads\/2015\/09\/Benutzer-300x244.jpg 300w, https:\/\/handbuch.immo-meets-office.com\/wp-content\/uploads\/2015\/09\/Benutzer-150x122.jpg 150w, https:\/\/handbuch.immo-meets-office.com\/wp-content\/uploads\/2015\/09\/Benutzer.jpg 967w\" sizes=\"auto, (max-width: 300px) 100vw, 300px\" \/><\/a><\/p>\n<p>In den Benutzerdaten k\u00f6nnen Sie Ihre pers\u00f6nlichen Daten hinterlegen bzw. benutzerbezogene Einstellungen vornehmen.<\/p>\n<p>W\u00e4hlen Sie dazu einen Benutzerdatensatz aus der Liste aus.<\/p>\n<p><a href=\"http:\/\/handbuch.immo-meets-office.de\/wp-content\/uploads\/2015\/09\/Benutzer-Select.jpg\"><img loading=\"lazy\" decoding=\"async\" class=\"alignnone size-medium wp-image-151\" src=\"http:\/\/handbuch.immo-meets-office.de\/wp-content\/uploads\/2015\/09\/Benutzer-Select-120x300.jpg\" alt=\"Benutzer-Select\" width=\"120\" height=\"300\" srcset=\"https:\/\/handbuch.immo-meets-office.com\/wp-content\/uploads\/2015\/09\/Benutzer-Select-120x300.jpg 120w, https:\/\/handbuch.immo-meets-office.com\/wp-content\/uploads\/2015\/09\/Benutzer-Select-60x150.jpg 60w, https:\/\/handbuch.immo-meets-office.com\/wp-content\/uploads\/2015\/09\/Benutzer-Select.jpg 315w\" sizes=\"auto, (max-width: 120px) 100vw, 120px\" \/><\/a><\/p>\n<p><em>Context Men\u00fc (rechte Maustatse)<\/em><\/p>\n<ul>\n<li>&#8222;neuen Online Benutzer erstellen&#8220; erstellt einen neuen Online Benutzer (administrative Rechte werden ben\u00f6tigt)<\/li>\n<li>&#8222;alle Benutzer aktualisieren&#8220; aktualisiert die Liste<\/li>\n<\/ul>\n<p><strong>Benutzerdaten<\/strong><br \/>\n<a href=\"http:\/\/handbuch.immo-meets-office.de\/wp-content\/uploads\/2015\/09\/Benutzer-Header.jpg\"><img loading=\"lazy\" decoding=\"async\" class=\"alignnone size-medium wp-image-152\" src=\"http:\/\/handbuch.immo-meets-office.de\/wp-content\/uploads\/2015\/09\/Benutzer-Header-300x126.jpg\" alt=\"Benutzer-Header\" width=\"300\" height=\"126\" srcset=\"https:\/\/handbuch.immo-meets-office.com\/wp-content\/uploads\/2015\/09\/Benutzer-Header-300x126.jpg 300w, https:\/\/handbuch.immo-meets-office.com\/wp-content\/uploads\/2015\/09\/Benutzer-Header-150x63.jpg 150w, https:\/\/handbuch.immo-meets-office.com\/wp-content\/uploads\/2015\/09\/Benutzer-Header.jpg 639w\" sizes=\"auto, (max-width: 300px) 100vw, 300px\" \/><\/a><\/p>\n<p>Bitte f\u00fcllen Sie alle mit * gekennzeichneten Felder aus.<\/p>\n<p>Nachfolgende Register stehen zur Verf\u00fcgung:<\/p>\n<p><strong>Einstellungen<\/strong><br \/>\n<a href=\"http:\/\/handbuch.immo-meets-office.de\/wp-content\/uploads\/2015\/09\/Benutzer-Einstellungen.jpg\"><img loading=\"lazy\" decoding=\"async\" class=\"alignnone size-medium wp-image-739\" src=\"http:\/\/handbuch.immo-meets-office.de\/wp-content\/uploads\/2015\/09\/Benutzer-Einstellungen-300x182.jpg\" alt=\"Benutzer-Einstellungen\" width=\"300\" height=\"182\" srcset=\"https:\/\/handbuch.immo-meets-office.com\/wp-content\/uploads\/2015\/09\/Benutzer-Einstellungen-300x182.jpg 300w, https:\/\/handbuch.immo-meets-office.com\/wp-content\/uploads\/2015\/09\/Benutzer-Einstellungen.jpg 628w\" sizes=\"auto, (max-width: 300px) 100vw, 300px\" \/><\/a><\/p>\n<ul>\n<li>Anzeige\n<ul>\n<li>Sprache: w\u00e4hlen Sie eine der verf\u00fcgbaren Sprachen aus, die Sie im Programm verwenden m\u00f6chten<\/li>\n<li>Schriftart: w\u00e4hlen Sie eine der verf\u00fcgbaren Schriftarten aus, die Sie im Programm verwenden m\u00f6chten. Hierbei ist ein Neustart notwendig.<\/li>\n<\/ul>\n<\/li>\n<li>Voreinstellung\n<ul>\n<li>Nur belegte Felder anzeigen: zeigt nur belegte Felder in den Tagdetails an.<\/li>\n<li>Immer in Details suchen: setzt die Suchoption in den Tagdetails.<\/li>\n<\/ul>\n<\/li>\n<li>Arbeits-\/Importverzeichnis\n<ul>\n<li>Arbeitsverz.: setzt ein Arbeitsverzeichnis in denen Daten aus dem Programm zwischengespeichert und im Anschlu\u00df wieder gel\u00f6scht werden.<\/li>\n<li>Importverz.: setzt ein Importverzeichnis, welches Dateien automatisch in das Programm importiert. Bsp. beim Scanner wurde ein Verzeichnis angegeben, in dem die gescannten Dokumente abgelegt werden sollen. Dieses kann hier gesetzt werden, um die gescannten Dokumente direkt zu importieren.<\/li>\n<\/ul>\n<\/li>\n<\/ul>\n<blockquote><p>Arbeits- und Importverzeichnis m\u00fcssen sich unterscheiden!<\/p><\/blockquote>\n<p><strong>E-Mails<\/strong><br \/>\n<a href=\"http:\/\/handbuch.immo-meets-office.de\/wp-content\/uploads\/2015\/09\/Benutzer-Emails.jpg\"><img loading=\"lazy\" decoding=\"async\" class=\"alignnone size-medium wp-image-154\" src=\"http:\/\/handbuch.immo-meets-office.de\/wp-content\/uploads\/2015\/09\/Benutzer-Emails-300x180.jpg\" alt=\"Benutzer-Emails\" width=\"300\" height=\"180\" srcset=\"https:\/\/handbuch.immo-meets-office.com\/wp-content\/uploads\/2015\/09\/Benutzer-Emails-300x180.jpg 300w, https:\/\/handbuch.immo-meets-office.com\/wp-content\/uploads\/2015\/09\/Benutzer-Emails-150x90.jpg 150w, https:\/\/handbuch.immo-meets-office.com\/wp-content\/uploads\/2015\/09\/Benutzer-Emails.jpg 623w\" sizes=\"auto, (max-width: 300px) 100vw, 300px\" \/><\/a><\/p>\n<ul>\n<li>Anzeige\n<ul>\n<li>Anzahl: legt die Anzahl der anzuzeigenden E-Mails im E-Mail Storage fest<\/li>\n<\/ul>\n<\/li>\n<li>Microsoft Outlook Importeinstellungen\n<ul>\n<li>Anlagen: legt fest, ob E-Mail Anlagen (Attachments) mit gespeichert werden sollen\n<ul>\n<li>Keine Anlagen<\/li>\n<li>Einmalig Speichern<\/li>\n<li>Immer Speichern<\/li>\n<\/ul>\n<\/li>\n<li>Kontakt: legt fest, ob die in der E-Mail zugeordneten Kontaktdaten (Von, An, CC, BCC) mit gespeichert werden sollen\n<ul>\n<li>Keine Kontakte<\/li>\n<li>Einmalig Speichern<\/li>\n<li>Immer Speichern<\/li>\n<\/ul>\n<\/li>\n<li>Blob: legt fest, ob eine E-Mail zus\u00e4tzlich als Blob (Binary Large Object) gespeichert werden soll\n<ul>\n<li>Keine Blobs<\/li>\n<li>Einmalig Speichern<\/li>\n<li>Immer Speichern<\/li>\n<\/ul>\n<\/li>\n<li>Body: legt fest, in welchem Format der E-Mail-Inhalt gespeichert werden soll\n<ul>\n<li>Nur Text<\/li>\n<li>HTML Body oder Text<\/li>\n<\/ul>\n<\/li>\n<\/ul>\n<\/li>\n<\/ul>\n<p><strong>Dokumente<\/strong><br \/>\n<a href=\"http:\/\/handbuch.immo-meets-office.de\/wp-content\/uploads\/2015\/09\/Benutzer-Dokumente.jpg\"><img loading=\"lazy\" decoding=\"async\" class=\"alignnone size-medium wp-image-155\" src=\"http:\/\/handbuch.immo-meets-office.de\/wp-content\/uploads\/2015\/09\/Benutzer-Dokumente-300x180.jpg\" alt=\"Benutzer-Dokumente\" width=\"300\" height=\"180\" srcset=\"https:\/\/handbuch.immo-meets-office.com\/wp-content\/uploads\/2015\/09\/Benutzer-Dokumente-300x180.jpg 300w, https:\/\/handbuch.immo-meets-office.com\/wp-content\/uploads\/2015\/09\/Benutzer-Dokumente-150x90.jpg 150w, https:\/\/handbuch.immo-meets-office.com\/wp-content\/uploads\/2015\/09\/Benutzer-Dokumente.jpg 625w\" sizes=\"auto, (max-width: 300px) 100vw, 300px\" \/><\/a><\/p>\n<ul>\n<li>Anzeige\n<ul>\n<li>Anzahl: legt die Anzahl der anzuzeigenden Dokumente im Dokumenten Storage fest<\/li>\n<\/ul>\n<\/li>\n<li>Dokument\/Datei Importeinstellungen\n<ul>Blob: legt fest, ob ein Dokument (PDF, Word Dokument, Excel Sheet, etc.) zus\u00e4tzlich als Blob (Binary Large Object) gespeichert werden soll<\/p>\n<li>Keine Blobs<\/li>\n<li>Einmalig Speichern<\/li>\n<li>Immer Speichern<\/li>\n<\/ul>\n<\/li>\n<\/ul>\n<p><strong>Bilder<\/strong><br \/>\n<a href=\"http:\/\/handbuch.immo-meets-office.de\/wp-content\/uploads\/2015\/09\/Benutzer-Bilder.jpg\"><img loading=\"lazy\" decoding=\"async\" class=\"alignnone size-medium wp-image-156\" src=\"http:\/\/handbuch.immo-meets-office.de\/wp-content\/uploads\/2015\/09\/Benutzer-Bilder-300x180.jpg\" alt=\"Benutzer-Bilder\" width=\"300\" height=\"180\" srcset=\"https:\/\/handbuch.immo-meets-office.com\/wp-content\/uploads\/2015\/09\/Benutzer-Bilder-300x180.jpg 300w, https:\/\/handbuch.immo-meets-office.com\/wp-content\/uploads\/2015\/09\/Benutzer-Bilder-150x90.jpg 150w, https:\/\/handbuch.immo-meets-office.com\/wp-content\/uploads\/2015\/09\/Benutzer-Bilder.jpg 625w\" sizes=\"auto, (max-width: 300px) 100vw, 300px\" \/><\/a><\/p>\n<ul>\n<li>Anzeige\n<ul>\n<li>Anzahl: legt die Anzahl der anzuzeigenden Bilder im Bilder Storage fest<\/li>\n<\/ul>\n<\/li>\n<li>Bild\/Datei Importeinstellungen\n<ul>Blob: legt fest, ob ein Bild (JPEG, BMP, TIFF, etc.) zus\u00e4tzlich als Blob (Binary Large Object) gespeichert werden soll<\/p>\n<li>Keine Blobs<\/li>\n<li>Einmalig Speichern<\/li>\n<li>Immer Speichern<\/li>\n<\/ul>\n<\/li>\n<li>Scannereinstellungen\n<ul>\n<li>Format: legt fest, in welchem Format gescannte Dokumente\/Bilder gespeichert werden sollen\n<ul>\n<li>BMP<\/li>\n<li>GIF<\/li>\n<li>JPEG<\/li>\n<li>PNG<\/li>\n<li>TIFF: optimale\u00a0Einstellung, um eine OCR Texterkennung durchzuf\u00fchren<\/li>\n<\/ul>\n<\/li>\n<\/ul>\n<\/li>\n<\/ul>\n<p><strong>Gespr\u00e4chsnotizen<\/strong><br \/>\n<a href=\"http:\/\/handbuch.immo-meets-office.de\/wp-content\/uploads\/2015\/09\/Benutzer-Gespr\u00e4chsnotizen.jpg\"><img loading=\"lazy\" decoding=\"async\" class=\"alignnone size-medium wp-image-157\" src=\"http:\/\/handbuch.immo-meets-office.de\/wp-content\/uploads\/2015\/09\/Benutzer-Gespr\u00e4chsnotizen-300x180.jpg\" alt=\"Benutzer-Gespr\u00e4chsnotizen\" width=\"300\" height=\"180\" srcset=\"https:\/\/handbuch.immo-meets-office.com\/wp-content\/uploads\/2015\/09\/Benutzer-Gespr\u00e4chsnotizen-300x180.jpg 300w, https:\/\/handbuch.immo-meets-office.com\/wp-content\/uploads\/2015\/09\/Benutzer-Gespr\u00e4chsnotizen-150x90.jpg 150w, https:\/\/handbuch.immo-meets-office.com\/wp-content\/uploads\/2015\/09\/Benutzer-Gespr\u00e4chsnotizen.jpg 623w\" sizes=\"auto, (max-width: 300px) 100vw, 300px\" \/><\/a><\/p>\n<ul>\n<li>Anzeige\n<ul>\n<li>Anzahl: legt die Anzahl der anzuzeigenden Gespr\u00e4chsnotizen im Gespr\u00e4chsnotizen Storage fest<\/li>\n<\/ul>\n<\/li>\n<\/ul>\n<p><strong>Berechtigungen<\/strong><br \/>\n<a href=\"http:\/\/handbuch.immo-meets-office.de\/wp-content\/uploads\/2015\/09\/Benutzer-Berechtigungen.jpg\"><img loading=\"lazy\" decoding=\"async\" class=\"alignnone size-medium wp-image-158\" src=\"http:\/\/handbuch.immo-meets-office.de\/wp-content\/uploads\/2015\/09\/Benutzer-Berechtigungen-300x180.jpg\" alt=\"Benutzer-Berechtigungen\" width=\"300\" height=\"180\" srcset=\"https:\/\/handbuch.immo-meets-office.com\/wp-content\/uploads\/2015\/09\/Benutzer-Berechtigungen-300x180.jpg 300w, https:\/\/handbuch.immo-meets-office.com\/wp-content\/uploads\/2015\/09\/Benutzer-Berechtigungen-150x90.jpg 150w, https:\/\/handbuch.immo-meets-office.com\/wp-content\/uploads\/2015\/09\/Benutzer-Berechtigungen.jpg 623w\" sizes=\"auto, (max-width: 300px) 100vw, 300px\" \/><\/a><\/p>\n<p>Die Berechtigungen f\u00fcr die Auftragsverwaltung ben\u00f6tigen administrative Rechte bzw. werden nur beim Administrator angezeigt.<\/p>\n<p>Nachfolgende Bereiche aus der Auftragsverwaltung k\u00f6nnen f\u00fcr den aktuell freigegebenen bzw. gesperrten Benutzer vergeben werden:<\/p>\n<ul>\n<li>Angebot<\/li>\n<li>Auftragsbest\u00e4tigung<\/li>\n<li>Lieferschein<\/li>\n<li>Mahnung\/Zahlungserinnerung<\/li>\n<li>Rechnung<\/li>\n<li>Schriftverkehr<\/li>\n<\/ul>\n<p>Ein aktiver Haken bedeutet die Freigabe des entsprechenden Bereiches.<\/p>\n<p><strong> Onlinezugang<\/strong><br \/>\n<a href=\"http:\/\/handbuch.immo-meets-office.de\/wp-content\/uploads\/2015\/09\/Benutzer-Onlinezugang.jpg\"><img loading=\"lazy\" decoding=\"async\" class=\"alignnone size-medium wp-image-159\" src=\"http:\/\/handbuch.immo-meets-office.de\/wp-content\/uploads\/2015\/09\/Benutzer-Onlinezugang-300x180.jpg\" alt=\"Benutzer-Onlinezugang\" width=\"300\" height=\"180\" srcset=\"https:\/\/handbuch.immo-meets-office.com\/wp-content\/uploads\/2015\/09\/Benutzer-Onlinezugang-300x180.jpg 300w, https:\/\/handbuch.immo-meets-office.com\/wp-content\/uploads\/2015\/09\/Benutzer-Onlinezugang-150x90.jpg 150w, https:\/\/handbuch.immo-meets-office.com\/wp-content\/uploads\/2015\/09\/Benutzer-Onlinezugang.jpg 624w\" sizes=\"auto, (max-width: 300px) 100vw, 300px\" \/><\/a><\/p>\n<p>Sie ben\u00f6tigen administrative Rechte bzw. dieses Register wird nur beim Administrator angezeigt oder einem Benutzer, der bereits als Onlinebenutzer gekennzeichnet ist.<\/p>\n<ul>\n<li>Onlinezugangsdaten\n<ul>\n<li>Onlinebenutzer: erteilt dem aktuell gew\u00e4hlten Benutzer die Berechtigung, seinen Onlinezugang zu verwalten bzw. Daten mit einer Onlinefreigabe zu versehen.<\/li>\n<li>Datenbankname: wird aus den Kundendaten angezeigt und ist nur \u00fcber den Bereich Kundendaten \u00e4nderbar<\/li>\n<li>Benutzername: Benutzername f\u00fcr die Onlineanmeldung\/Login<\/li>\n<li>Kennwort: Kennwort f\u00fcr die Onlineanmeldung\/Login\n<ul>\n<li>Zeichen anzeigen: gibt das Kennwort im Klartext an<\/li>\n<\/ul>\n<\/li>\n<\/ul>\n<\/li>\n<\/ul>\n","protected":false},"excerpt":{"rendered":"<p>Men\u00fc Datei -&gt; Benutzer -&gt; Benutzer \u00dcber den Men\u00fcpunkt Datei -&gt; Benutzer -&gt; Benutzer gelangen Sie zur Bearbeitung der Benutzerdaten. Sie ben\u00f6tigen administrative Rechte, um<\/p>\n<div class=\"more-link-wrapper\"><a class=\"more-link\" href=\"https:\/\/handbuch.immo-meets-office.com\/?page_id=134\">Weiterlesen<span class=\"screen-reader-text\">Benutzer<\/span><\/a><\/div>\n","protected":false},"author":1,"featured_media":0,"parent":138,"menu_order":1,"comment_status":"closed","ping_status":"closed","template":"","meta":{"footnotes":""},"class_list":["post-134","page","type-page","status-publish","hentry","entry"],"_links":{"self":[{"href":"https:\/\/handbuch.immo-meets-office.com\/index.php?rest_route=\/wp\/v2\/pages\/134","targetHints":{"allow":["GET"]}}],"collection":[{"href":"https:\/\/handbuch.immo-meets-office.com\/index.php?rest_route=\/wp\/v2\/pages"}],"about":[{"href":"https:\/\/handbuch.immo-meets-office.com\/index.php?rest_route=\/wp\/v2\/types\/page"}],"author":[{"embeddable":true,"href":"https:\/\/handbuch.immo-meets-office.com\/index.php?rest_route=\/wp\/v2\/users\/1"}],"replies":[{"embeddable":true,"href":"https:\/\/handbuch.immo-meets-office.com\/index.php?rest_route=%2Fwp%2Fv2%2Fcomments&post=134"}],"version-history":[{"count":17,"href":"https:\/\/handbuch.immo-meets-office.com\/index.php?rest_route=\/wp\/v2\/pages\/134\/revisions"}],"predecessor-version":[{"id":740,"href":"https:\/\/handbuch.immo-meets-office.com\/index.php?rest_route=\/wp\/v2\/pages\/134\/revisions\/740"}],"up":[{"embeddable":true,"href":"https:\/\/handbuch.immo-meets-office.com\/index.php?rest_route=\/wp\/v2\/pages\/138"}],"wp:attachment":[{"href":"https:\/\/handbuch.immo-meets-office.com\/index.php?rest_route=%2Fwp%2Fv2%2Fmedia&parent=134"}],"curies":[{"name":"wp","href":"https:\/\/api.w.org\/{rel}","templated":true}]}}